{"id":1295,"date":"2021-07-03T17:04:11","date_gmt":"2021-07-03T15:04:11","guid":{"rendered":"https:\/\/tecphy.ch\/?page_id=1295"},"modified":"2026-01-28T16:02:17","modified_gmt":"2026-01-28T15:02:17","slug":"service-batiment","status":"publish","type":"page","link":"https:\/\/tecphy.ch\/en\/nos-services\/service-batiment\/","title":{"rendered":"Building services"},"content":{"rendered":"<p>&nbsp;<\/p>\r\n<h3>Swiss Certificates <strong>CECB\u00ae and CECB\u00ae Plus<\/strong><\/h3>\r\n<table width=\"678\">\r\n<tbody>\r\n<tr>\r\n<td width=\"213\">\r\n<p><b>Tariffs\u00a0 CECB\u00ae \/ CECB\u00ae Plus<\/b><\/p>\r\n<\/td>\r\n<td width=\"151\">\r\n<p><b>Family house<\/b><\/p>\r\n<p><b>(&lt; 2 appartments)<\/b><\/p>\r\n<p>&nbsp;<\/p>\r\n<p><b>Cat SIA II<\/b><\/p>\r\n<\/td>\r\n<td width=\"158\">\r\n<p><b>Multi storey buildings or Multi-family houses<\/b><\/p>\r\n<p><b>(from 3 to 12 appartments up to 1000 m2)<\/b><\/p>\r\n<p><b>Cat SIA I<\/b><\/p>\r\n<\/td>\r\n<td width=\"156\">\r\n<p><b>Multi storey buildings or aother cat\u00e9gories<\/b><\/p>\r\n<p><b>(&gt; 1000 m2)<\/b><\/p>\r\n<p><b>CECB\u00ae Cat I \u00e0 VI or <\/b><b>cahier SIA 2031 Cat VII \u00e0 XII\u00a0\u00a0<\/b><\/p>\r\n<p><b>\u00a0<\/b><\/p>\r\n<\/td>\r\n<\/tr>\r\n<tr>\r\n<td width=\"213\">\r\n<p>CECB\u00ae<\/p>\r\n<p>Visit on site<\/p>\r\n<\/td>\r\n<td width=\"151\">\r\n<p>CHF 750<\/p>\r\n<\/td>\r\n<td width=\"158\">\r\n<p>\u00a0CHF 950<\/p>\r\n<\/td>\r\n<td width=\"156\">\r\n<p>\u00a0from CHF 1150 on quote request<\/p>\r\n<\/td>\r\n<\/tr>\r\n<tr>\r\n<td width=\"213\">\r\n<p>CECB\u00ae Plus<\/p>\r\n<p>Visit\u00a0 and minimum 1 h feed back on site with advices<\/p>\r\n<\/td>\r\n<td width=\"151\">\r\n<p>CHF 2\u2019100<\/p>\r\n<\/td>\r\n<td width=\"158\">\r\n<p>\u00a0CHF 2\u2019600<\/p>\r\n<\/td>\r\n<td width=\"156\">\r\n<p>\u00a0from 2990 CHF on quote request<\/p>\r\n<\/td>\r\n<\/tr>\r\n<tr>\r\n<td width=\"213\">\r\n<p>Update CECB\u00ae Plus, Published by Tecphy<\/p>\r\n<\/td>\r\n<td width=\"151\">\r\n<p>from\u00a0 CHF 110 on quote request<\/p>\r\n<\/td>\r\n<td width=\"158\">from 150 CHF on quote request<\/td>\r\n<td width=\"156\">from 150 CHF on quote request<\/td>\r\n<\/tr>\r\n<tr>\r\n<td width=\"213\">\r\n<p>Update CECB already<\/p>\r\n<p>Published by Tecphy<\/p>\r\n<p>(PV et chauffage)<\/p>\r\n<\/td>\r\n<td width=\"151\">\r\n<p>CHF 90<\/p>\r\n<\/td>\r\n<td width=\"158\">CHF 130<\/td>\r\n<td width=\"156\">on quote request<\/td>\r\n<\/tr>\r\n<tr>\r\n<td width=\"213\">\r\n<p>Taking mesurements in case of lack of drawings<\/p>\r\n<\/td>\r\n<td width=\"151\">\r\n<p>CHF 200<\/p>\r\n<\/td>\r\n<td width=\"158\">CHF 300<\/td>\r\n<td width=\"156\">on quote request<\/td>\r\n<\/tr>\r\n<tr>\r\n<td width=\"213\">\r\n<p>Asking Programme B\u00e2timent subsidies CECB\u00ae Plus<\/p>\r\n<\/td>\r\n<td width=\"151\">\r\n<p>CHF 90<\/p>\r\n<\/td>\r\n<td width=\"158\">CHF 90<\/td>\r\n<td width=\"156\">CHF 90<\/td>\r\n<\/tr>\r\n<\/tbody>\r\n<\/table>\r\n<p>&nbsp;<\/p>\r\n<p><strong>&gt; Expertise in\u00a0 dimensionning and\u00a0 economical optimization. Technical drawings, Integration of\u00a0 systems, choice of Equipment.<\/strong><\/p>\r\n<p><strong>&gt; Technical office work and Support construction: Planning \u2013 coordination of construction, commissioning and acceptance.<\/strong><\/p>\r\n<h2><strong>List of offered services<\/strong><\/h2>\r\n<p><!-- \/wp:heading --><\/p>\r\n<p><!-- wp:list --><\/p>\r\n<ul>\r\n<li>Global energy analysis \/ CECB\u00ae<\/li>\r\n<li>Proposal of different options optimizing energy effeiciency and return on investment \/ CECB\u00ae Plus<\/li>\r\n<li>Support to owners AMO Assistance Ma\u00eetre de l&#8217;ouvrage , subvention Vaud 2023 (3000 CHF individual house, 6000 CHF multi-family house)<\/li>\r\n<li>Low consumption concept and building self-consumption<\/li>\r\n<li>Thermal solar and photovolta\u00efcs PV and integrated PV (BIPV), heat pump, wood heating &#8230;<\/li>\r\n<li>Thermal and electrical Storage (battery and hydrogen)<\/li>\r\n<li>Official energy calculation forms<\/li>\r\n<li>Mise \u00e0 l&#8217;enqu\u00eate, dossier CAMAC (mandataire canton de Vaud)<\/li>\r\n<li>Writing specifications for sub-constractors\u00a0<\/li>\r\n<li>Final dimensioning with the help of simulation softwares<\/li>\r\n<li>Purchase orders<\/li>\r\n<li>Support construction and installations<\/li>\r\n<li>Programming of energy management algorithms and links with the domotics<\/li>\r\n<li>Settings and optimisation of the operational building<\/li>\r\n<\/ul>\r\n<p>&nbsp;<\/p>\r\n<p><!-- wp:list --><!-- \/wp:list --><\/p>\r\n<p><img loading=\"lazy\" class=\"size-full wp-image-1095 aligncenter\" src=\"https:\/\/tecphy.ch\/wp-content\/uploads\/2021\/06\/H2_House_01.jpg\" alt=\"\" width=\"419\" height=\"444\" srcset=\"https:\/\/tecphy.ch\/wp-content\/uploads\/2021\/06\/H2_House_01.jpg 419w, https:\/\/tecphy.ch\/wp-content\/uploads\/2021\/06\/H2_House_01-283x300.jpg 283w\" sizes=\"(max-width: 419px) 100vw, 419px\" \/><\/p>\r\n<p><!-- wp:heading --><\/p>\r\n<p>&nbsp;<\/p>\r\n<p>Our dimensionning are performed with the help of simulation software\u00a0 such as :<\/p>\r\n<ul>\r\n<li>Building software : Designbuilder<\/li>\r\n<li>Photovolta\u00efcs software : Polysun, PVSyst<\/li>\r\n<li>Matlab codes, python codes<\/li>\r\n<\/ul>\r\n<div id=\"wp-image-874\" style=\"width: 610px\" class=\"wp-caption aligncenter\"><img aria-describedby=\"caption-wp-image-874\" loading=\"lazy\" class=\"wp-image-874 size-medium\" src=\"https:\/\/tecphy.ch\/wp-content\/uploads\/2019\/03\/Exemple_CFD-300x158.jpg\" alt=\"\" width=\"600\" height=\"316\" srcset=\"https:\/\/tecphy.ch\/wp-content\/uploads\/2019\/03\/Exemple_CFD-300x158.jpg 300w, https:\/\/tecphy.ch\/wp-content\/uploads\/2019\/03\/Exemple_CFD-768x404.jpg 768w, https:\/\/tecphy.ch\/wp-content\/uploads\/2019\/03\/Exemple_CFD-1024x538.jpg 1024w, https:\/\/tecphy.ch\/wp-content\/uploads\/2019\/03\/Exemple_CFD.jpg 1081w\" sizes=\"(max-width: 600px) 100vw, 600px\" \/><p id=\"caption-wp-image-874\" class=\"wp-caption-text\">DesignBuilder : CFD natural ventilation, daylighting calculations<\/p><\/div>\r\n<div id=\"wp-image-891\" style=\"width: 510px\" class=\"wp-caption aligncenter\"><img aria-describedby=\"caption-wp-image-891\" loading=\"lazy\" class=\"wp-image-874 size-medium\" src=\"https:\/\/tecphy.ch\/wp-content\/uploads\/2019\/03\/Designbuilder_skin-1-1024x608.png\" alt=\"\" width=\"500\" height=\"296\" \/><p id=\"caption-wp-image-891\" class=\"wp-caption-text\">DesignBuilder : Confort conditions, solar gains, ventilation &#8230;.<\/p><\/div>\r\n<div id=\"attachment_442\" style=\"width: 610px\" class=\"wp-caption aligncenter\"><img aria-describedby=\"caption-attachment-442\" loading=\"lazy\" class=\"wp-image-442 size-medium\" src=\"https:\/\/tecphy.ch\/wp-content\/uploads\/2019\/02\/Polysun_diagram-300x166.jpg\" alt=\"\" width=\"600\" height=\"332\" srcset=\"https:\/\/tecphy.ch\/wp-content\/uploads\/2019\/02\/Polysun_diagram-300x166.jpg 300w, https:\/\/tecphy.ch\/wp-content\/uploads\/2019\/02\/Polysun_diagram.jpg 586w\" sizes=\"(max-width: 600px) 100vw, 600px\" \/><p id=\"caption-attachment-442\" class=\"wp-caption-text\">Polysun : simulation of building systems such as PV, Storage &amp; consumers<\/p><\/div>\r\n<div id=\"attachment_443\" style=\"width: 610px\" class=\"wp-caption aligncenter\"><img aria-describedby=\"caption-attachment-443\" loading=\"lazy\" class=\"wp-image-443 size-medium\" src=\"https:\/\/tecphy.ch\/wp-content\/uploads\/2019\/02\/H2_cycles-300x152.jpg\" alt=\"\" width=\"600\" height=\"304\" srcset=\"https:\/\/tecphy.ch\/wp-content\/uploads\/2019\/02\/H2_cycles-300x152.jpg 300w, https:\/\/tecphy.ch\/wp-content\/uploads\/2019\/02\/H2_cycles.jpg 605w\" sizes=\"(max-width: 600px) 100vw, 600px\" \/><p id=\"caption-attachment-443\" class=\"wp-caption-text\">Tecphy codes : Simulations of the battery cycles and hydogen cycles produced by electrolysis<\/p><\/div>\r\n<h3><strong>HVAC systems<\/strong><\/h3>\r\n<p>We propose to integrate building systems in a rational and aestethic way :<\/p>\r\n<ul>\r\n<li>Heating pipes, ventilation, water network<\/li>\r\n<li>Electrical network, photovoltaics<\/li>\r\n<li>Technical room<\/li>\r\n<\/ul>\r\n<div id=\"attachment_667\" style=\"width: 310px\" class=\"wp-caption aligncenter\"><img aria-describedby=\"caption-attachment-667\" loading=\"lazy\" class=\"wp-image-667 size-medium\" src=\"https:\/\/tecphy.ch\/wp-content\/uploads\/2019\/02\/Localtechnique-300x208.png\" alt=\"\" width=\"300\" height=\"208\" srcset=\"https:\/\/tecphy.ch\/wp-content\/uploads\/2019\/02\/Localtechnique-300x208.png 300w, https:\/\/tecphy.ch\/wp-content\/uploads\/2019\/02\/Localtechnique.png 504w\" sizes=\"(max-width: 300px) 100vw, 300px\" \/><p id=\"caption-attachment-667\" class=\"wp-caption-text\">Swiss Living Challenge, Electrical Technical room<\/p><\/div>\r\n<h3><strong>Systems coupling and interoperability<\/strong><\/h3>\r\n<div id=\"attachment_668\" style=\"width: 310px\" class=\"wp-caption aligncenter\"><img aria-describedby=\"caption-attachment-668\" loading=\"lazy\" class=\"wp-image-668 size-medium\" src=\"https:\/\/tecphy.ch\/wp-content\/uploads\/2019\/02\/domotic-300x131.jpg\" alt=\"\" width=\"300\" height=\"131\" srcset=\"https:\/\/tecphy.ch\/wp-content\/uploads\/2019\/02\/domotic-300x131.jpg 300w, https:\/\/tecphy.ch\/wp-content\/uploads\/2019\/02\/domotic-768x334.jpg 768w, https:\/\/tecphy.ch\/wp-content\/uploads\/2019\/02\/domotic-1024x446.jpg 1024w, https:\/\/tecphy.ch\/wp-content\/uploads\/2019\/02\/domotic.jpg 1094w\" sizes=\"(max-width: 300px) 100vw, 300px\" \/><p id=\"caption-attachment-668\" class=\"wp-caption-text\">Swiss Living Challenge, Domotic ocncept<\/p><\/div>\r\n<p>Expert in the energy systems and their software management, Tecphy support you for their dimensioning and their coupling. To propose the best systems which work together in synergy, our hardware and software proposals allow the different domotic communication standards to be mixed with an optimum interoperability<\/p>\r\n<p>&nbsp;<\/p>\r\n<p>&nbsp;<\/p>","protected":false},"excerpt":{"rendered":"<p>&nbsp; Swiss Certificates CECB\u00ae and CECB\u00ae Plus Tariffs\u00a0 CECB\u00ae \/ CECB\u00ae Plus Family house (&lt; 2 appartments) &nbsp; Cat SIA II Multi storey buildings or Multi-family houses (from 3 to 12 appartments up to 1000 m2) Cat SIA I Multi storey buildings or aother cat\u00e9gories (&gt; 1000 m2) CECB\u00ae Cat I \u00e0 VI or cahier<br \/><a class=\"moretag\" href=\"https:\/\/tecphy.ch\/en\/nos-services\/service-batiment\/\">+ Read More<\/a><\/p>\n","protected":false},"author":1,"featured_media":2134,"parent":83,"menu_order":0,"comment_status":"closed","ping_status":"closed","template":"templates\/page-fullwidth_template.php","meta":[],"yoast_head":"<!-- This site is optimized with the Yoast SEO plugin v18.4 - https:\/\/yoast.com\/wordpress\/plugins\/seo\/ -->\n<title>Building services - Tecphy<\/title>\n<meta name=\"description\" content=\"Appuis des simulations pour le dimensionnement et les optimisation \u00e9conomique. Dessins techniques, Int\u00e9gration des syst\u00e8mes, choix...\" \/>\n<meta name=\"robots\" content=\"index, follow, max-snippet:-1, max-image-preview:large, max-video-preview:-1\" \/>\n<link rel=\"canonical\" href=\"https:\/\/tecphy.ch\/nos-services\/service-batiment\/\" \/>\n<meta property=\"og:locale\" content=\"en_US\" \/>\n<meta property=\"og:type\" content=\"article\" \/>\n<meta property=\"og:title\" content=\"Building services - Tecphy\" \/>\n<meta property=\"og:description\" content=\"Appuis des simulations pour le dimensionnement et les optimisation \u00e9conomique. Dessins techniques, Int\u00e9gration des syst\u00e8mes, choix...\" \/>\n<meta property=\"og:url\" content=\"https:\/\/tecphy.ch\/nos-services\/service-batiment\/\" \/>\n<meta property=\"og:site_name\" content=\"Tecphy\" \/>\n<meta property=\"article:modified_time\" content=\"2026-01-28T15:02:17+00:00\" \/>\n<meta property=\"og:image\" content=\"https:\/\/tecphy.ch\/wp-content\/uploads\/2021\/08\/couverture_batiment_microgrid.jpeg\" \/>\n\t<meta property=\"og:image:width\" content=\"1201\" \/>\n\t<meta property=\"og:image:height\" content=\"242\" \/>\n\t<meta property=\"og:image:type\" content=\"image\/jpeg\" \/>\n<meta name=\"twitter:card\" content=\"summary_large_image\" \/>\n<meta name=\"twitter:label1\" content=\"Est. reading time\" \/>\n\t<meta name=\"twitter:data1\" content=\"4 minutes\" \/>\n<script type=\"application\/ld+json\" class=\"yoast-schema-graph\">{\"@context\":\"https:\/\/schema.org\",\"@graph\":[{\"@type\":\"Organization\",\"@id\":\"https:\/\/tecphy.ch\/#organization\",\"name\":\"Tecphy\",\"url\":\"https:\/\/tecphy.ch\/\",\"sameAs\":[\"https:\/\/www.linkedin.com\/company\/tecphy\/\"],\"logo\":{\"@type\":\"ImageObject\",\"@id\":\"https:\/\/tecphy.ch\/#logo\",\"inLanguage\":\"en-US\",\"url\":\"https:\/\/tecphy.ch\/wp-content\/uploads\/2022\/04\/LOGO_TECPHY_Var2.png\",\"contentUrl\":\"https:\/\/tecphy.ch\/wp-content\/uploads\/2022\/04\/LOGO_TECPHY_Var2.png\",\"width\":220,\"height\":87,\"caption\":\"Tecphy\"},\"image\":{\"@id\":\"https:\/\/tecphy.ch\/#logo\"}},{\"@type\":\"WebSite\",\"@id\":\"https:\/\/tecphy.ch\/#website\",\"url\":\"https:\/\/tecphy.ch\/\",\"name\":\"Tecphy\",\"description\":\"Energie renouvelable et hydrog\u00e8ne\",\"publisher\":{\"@id\":\"https:\/\/tecphy.ch\/#organization\"},\"potentialAction\":[{\"@type\":\"SearchAction\",\"target\":{\"@type\":\"EntryPoint\",\"urlTemplate\":\"https:\/\/tecphy.ch\/?s={search_term_string}\"},\"query-input\":\"required name=search_term_string\"}],\"inLanguage\":\"en-US\"},{\"@type\":\"ImageObject\",\"@id\":\"https:\/\/tecphy.ch\/nos-services\/service-batiment\/#primaryimage\",\"inLanguage\":\"en-US\",\"url\":\"https:\/\/tecphy.ch\/wp-content\/uploads\/2021\/08\/couverture_batiment_microgrid.jpeg\",\"contentUrl\":\"https:\/\/tecphy.ch\/wp-content\/uploads\/2021\/08\/couverture_batiment_microgrid.jpeg\",\"width\":1201,\"height\":242,\"caption\":\"Tecphy autoconsommation, batiment et microgrid\"},{\"@type\":\"WebPage\",\"@id\":\"https:\/\/tecphy.ch\/nos-services\/service-batiment\/#webpage\",\"url\":\"https:\/\/tecphy.ch\/nos-services\/service-batiment\/\",\"name\":\"Building services - Tecphy\",\"isPartOf\":{\"@id\":\"https:\/\/tecphy.ch\/#website\"},\"primaryImageOfPage\":{\"@id\":\"https:\/\/tecphy.ch\/nos-services\/service-batiment\/#primaryimage\"},\"datePublished\":\"2021-07-03T15:04:11+00:00\",\"dateModified\":\"2026-01-28T15:02:17+00:00\",\"description\":\"Appuis des simulations pour le dimensionnement et les optimisation \u00e9conomique. Dessins techniques, Int\u00e9gration des syst\u00e8mes, choix...\",\"breadcrumb\":{\"@id\":\"https:\/\/tecphy.ch\/nos-services\/service-batiment\/#breadcrumb\"},\"inLanguage\":\"en-US\",\"potentialAction\":[{\"@type\":\"ReadAction\",\"target\":[\"https:\/\/tecphy.ch\/nos-services\/service-batiment\/\"]}]},{\"@type\":\"BreadcrumbList\",\"@id\":\"https:\/\/tecphy.ch\/nos-services\/service-batiment\/#breadcrumb\",\"itemListElement\":[{\"@type\":\"ListItem\",\"position\":1,\"name\":\"Accueil\",\"item\":\"https:\/\/tecphy.ch\/\"},{\"@type\":\"ListItem\",\"position\":2,\"name\":\"Nos services\",\"item\":\"https:\/\/tecphy.ch\/nos-services\/\"},{\"@type\":\"ListItem\",\"position\":3,\"name\":\"Service B\u00e2timent\"}]}]}<\/script>\n<!-- \/ Yoast SEO plugin. -->","yoast_head_json":{"title":"Building services - Tecphy","description":"Appuis des simulations pour le dimensionnement et les optimisation \u00e9conomique. Dessins techniques, Int\u00e9gration des syst\u00e8mes, choix...","robots":{"index":"index","follow":"follow","max-snippet":"max-snippet:-1","max-image-preview":"max-image-preview:large","max-video-preview":"max-video-preview:-1"},"canonical":"https:\/\/tecphy.ch\/nos-services\/service-batiment\/","og_locale":"en_US","og_type":"article","og_title":"Building services - Tecphy","og_description":"Appuis des simulations pour le dimensionnement et les optimisation \u00e9conomique. Dessins techniques, Int\u00e9gration des syst\u00e8mes, choix...","og_url":"https:\/\/tecphy.ch\/nos-services\/service-batiment\/","og_site_name":"Tecphy","article_modified_time":"2026-01-28T15:02:17+00:00","og_image":[{"width":1201,"height":242,"url":"https:\/\/tecphy.ch\/wp-content\/uploads\/2021\/08\/couverture_batiment_microgrid.jpeg","type":"image\/jpeg"}],"twitter_card":"summary_large_image","twitter_misc":{"Est. reading time":"4 minutes"},"schema":{"@context":"https:\/\/schema.org","@graph":[{"@type":"Organization","@id":"https:\/\/tecphy.ch\/#organization","name":"Tecphy","url":"https:\/\/tecphy.ch\/","sameAs":["https:\/\/www.linkedin.com\/company\/tecphy\/"],"logo":{"@type":"ImageObject","@id":"https:\/\/tecphy.ch\/#logo","inLanguage":"en-US","url":"https:\/\/tecphy.ch\/wp-content\/uploads\/2022\/04\/LOGO_TECPHY_Var2.png","contentUrl":"https:\/\/tecphy.ch\/wp-content\/uploads\/2022\/04\/LOGO_TECPHY_Var2.png","width":220,"height":87,"caption":"Tecphy"},"image":{"@id":"https:\/\/tecphy.ch\/#logo"}},{"@type":"WebSite","@id":"https:\/\/tecphy.ch\/#website","url":"https:\/\/tecphy.ch\/","name":"Tecphy","description":"Energie renouvelable et hydrog\u00e8ne","publisher":{"@id":"https:\/\/tecphy.ch\/#organization"},"potentialAction":[{"@type":"SearchAction","target":{"@type":"EntryPoint","urlTemplate":"https:\/\/tecphy.ch\/?s={search_term_string}"},"query-input":"required name=search_term_string"}],"inLanguage":"en-US"},{"@type":"ImageObject","@id":"https:\/\/tecphy.ch\/nos-services\/service-batiment\/#primaryimage","inLanguage":"en-US","url":"https:\/\/tecphy.ch\/wp-content\/uploads\/2021\/08\/couverture_batiment_microgrid.jpeg","contentUrl":"https:\/\/tecphy.ch\/wp-content\/uploads\/2021\/08\/couverture_batiment_microgrid.jpeg","width":1201,"height":242,"caption":"Tecphy autoconsommation, batiment et microgrid"},{"@type":"WebPage","@id":"https:\/\/tecphy.ch\/nos-services\/service-batiment\/#webpage","url":"https:\/\/tecphy.ch\/nos-services\/service-batiment\/","name":"Building services - Tecphy","isPartOf":{"@id":"https:\/\/tecphy.ch\/#website"},"primaryImageOfPage":{"@id":"https:\/\/tecphy.ch\/nos-services\/service-batiment\/#primaryimage"},"datePublished":"2021-07-03T15:04:11+00:00","dateModified":"2026-01-28T15:02:17+00:00","description":"Appuis des simulations pour le dimensionnement et les optimisation \u00e9conomique. Dessins techniques, Int\u00e9gration des syst\u00e8mes, choix...","breadcrumb":{"@id":"https:\/\/tecphy.ch\/nos-services\/service-batiment\/#breadcrumb"},"inLanguage":"en-US","potentialAction":[{"@type":"ReadAction","target":["https:\/\/tecphy.ch\/nos-services\/service-batiment\/"]}]},{"@type":"BreadcrumbList","@id":"https:\/\/tecphy.ch\/nos-services\/service-batiment\/#breadcrumb","itemListElement":[{"@type":"ListItem","position":1,"name":"Accueil","item":"https:\/\/tecphy.ch\/"},{"@type":"ListItem","position":2,"name":"Nos services","item":"https:\/\/tecphy.ch\/nos-services\/"},{"@type":"ListItem","position":3,"name":"Service B\u00e2timent"}]}]}},"_links":{"self":[{"href":"https:\/\/tecphy.ch\/en\/wp-json\/wp\/v2\/pages\/1295"}],"collection":[{"href":"https:\/\/tecphy.ch\/en\/wp-json\/wp\/v2\/pages"}],"about":[{"href":"https:\/\/tecphy.ch\/en\/wp-json\/wp\/v2\/types\/page"}],"author":[{"embeddable":true,"href":"https:\/\/tecphy.ch\/en\/wp-json\/wp\/v2\/users\/1"}],"replies":[{"embeddable":true,"href":"https:\/\/tecphy.ch\/en\/wp-json\/wp\/v2\/comments?post=1295"}],"version-history":[{"count":63,"href":"https:\/\/tecphy.ch\/en\/wp-json\/wp\/v2\/pages\/1295\/revisions"}],"predecessor-version":[{"id":4839,"href":"https:\/\/tecphy.ch\/en\/wp-json\/wp\/v2\/pages\/1295\/revisions\/4839"}],"up":[{"embeddable":true,"href":"https:\/\/tecphy.ch\/en\/wp-json\/wp\/v2\/pages\/83"}],"wp:featuredmedia":[{"embeddable":true,"href":"https:\/\/tecphy.ch\/en\/wp-json\/wp\/v2\/media\/2134"}],"wp:attachment":[{"href":"https:\/\/tecphy.ch\/en\/wp-json\/wp\/v2\/media?parent=1295"}],"curies":[{"name":"wp","href":"https:\/\/api.w.org\/{rel}","templated":true}]}}