{"id":16,"date":"2019-01-28T07:04:24","date_gmt":"2019-01-28T06:04:24","guid":{"rendered":"https:\/\/tecphy.ch\/?page_id=16"},"modified":"2023-11-16T21:09:57","modified_gmt":"2023-11-16T20:09:57","slug":"projets","status":"publish","type":"page","link":"https:\/\/tecphy.ch\/en\/projets\/","title":{"rendered":"Projects"},"content":{"rendered":"Etude de faisabilit\u00e9, \u00e9tudes techniques, pilotage de projet et conseil offert par Tecphy S\u00e0rl.\n<p>&nbsp;<\/p>\n<h2><strong>\u00c9nergie b\u00e2timent<\/strong><\/h2>\n\r\n\t\t<div class=\"servicebox boxpattern-1\">\r\n\t\t\t<div class=\"serviceboxbg\">\r\n\t\t\t\t<div class=\"servicebox-icon\"><a href=\"https:\/\/tecphy.ch\/projets\/\"><img src=\"https:\/\/tecphy.ch\/wp-content\/uploads\/2023\/07\/mesure_CECB-scaled.jpg\"><\/a><\/div>\r\n\t\t\t\t<div class=\"serviceboxcon\">\r\n\t\t\t\t<a href=\"https:\/\/tecphy.ch\/projets\/\"><h5>\u00c9tude \u00e9nerg\u00e9tique du b\u00e2timent<\/h5><\/a>\r\n\t\t\t\t<p> <em>\u2022 <\/em> Diagnostique \u00e9nerg\u00e9tique des b\u00e2timents : CECB et CECB+ pour bureau ou logement.<\/p>\r\n\t\t\t\t<a href=\"https:\/\/tecphy.ch\/projets\/\" class=\"servread\">Read more<\/a>\r\n\t\t\t\t<\/div>\r\n\t\t\t<\/div>\r\n\t\t<\/div>\r\n\t\t\n\r\n\t\t<div class=\"servicebox boxpattern-1\">\r\n\t\t\t<div class=\"serviceboxbg\">\r\n\t\t\t\t<div class=\"servicebox-icon\"><a href=\"https:\/\/tecphy.ch\/stockage-saisonnier-villa\/\"><img src=\"https:\/\/tecphy.ch\/wp-content\/uploads\/2021\/07\/Comano-1.png\"><\/a><\/div>\r\n\t\t\t\t<div class=\"serviceboxcon\">\r\n\t\t\t\t<a href=\"https:\/\/tecphy.ch\/stockage-saisonnier-villa\/\"><h5>Stockage saisonnier hybride batterie\/H2 pour villa<\/h5><\/a>\r\n\t\t\t\t<p> <em>\u2022 <\/em><em>PV 39 kWc &#8211; 20 kWh\/1.3 MWh <\/em>Syst\u00e8me de stockage H2 pour le b\u00e2timent. <\/p>\r\n\t\t\t\t<a href=\"https:\/\/tecphy.ch\/stockage-saisonnier-villa\/\" class=\"servread\">Read more<\/a>\r\n\t\t\t\t<\/div>\r\n\t\t\t<\/div>\r\n\t\t<\/div>\r\n\t\t\n\r\n\t\t<div class=\"servicebox boxpattern-1\">\r\n\t\t\t<div class=\"serviceboxbg\">\r\n\t\t\t\t<div class=\"servicebox-icon\"><a href=\"https:\/\/tecphy.ch\/projets\/swiss-living-challenge\/\"><img src=\"https:\/\/tecphy.ch\/wp-content\/uploads\/2019\/01\/Image3.jpg\"><\/a><\/div>\r\n\t\t\t\t<div class=\"serviceboxcon\">\r\n\t\t\t\t<a href=\"https:\/\/tecphy.ch\/projets\/swiss-living-challenge\/\"><h5>Maison autonome Neighborhub<\/h5><\/a>\r\n\t\t\t\t<p><em> \u2022 BIPV 9,6 kWc et stockage journalier de 10,8 kWh<\/em><br \/>\nProjet laur\u00e9at de la comp\u00e9tition Solar Decathlon, Colorado.<\/p>\r\n\t\t\t\t<a href=\"https:\/\/tecphy.ch\/projets\/swiss-living-challenge\/\" class=\"servread\">Swiss Living Challenge<\/a>\r\n\t\t\t\t<\/div>\r\n\t\t\t<\/div>\r\n\t\t<\/div>\r\n\t\t\n\r\n\t\t<div class=\"servicebox boxpattern-1\">\r\n\t\t\t<div class=\"serviceboxbg\">\r\n\t\t\t\t<div class=\"servicebox-icon\"><a href=\"http:\/\/tecphy.ch\/projets\/stockage-immeuble\/\"><img src=\"https:\/\/tecphy.ch\/wp-content\/uploads\/2021\/07\/Geneve-immeuble.jpg\"><\/a><\/div>\r\n\t\t\t\t<div class=\"serviceboxcon\">\r\n\t\t\t\t<a href=\"http:\/\/tecphy.ch\/projets\/stockage-immeuble\/\"><h5>\u00c9tude d'un stockage pour un immeuble<\/h5><\/a>\r\n\t\t\t\t<p><em> \u2022 BIPV 20 kWc\u00a0 &#8211; 1 MWh<\/em><br \/>\nDimensionnement d&#8217;un stockage saisonnier H2 coupl\u00e9 \u00e0 des batteries tampons.<\/p>\r\n\t\t\t\t<a href=\"http:\/\/tecphy.ch\/projets\/stockage-immeuble\/\" class=\"servread\">Read More<\/a>\r\n\t\t\t\t<\/div>\r\n\t\t\t<\/div>\r\n\t\t<\/div>\r\n\t\t\n\r\n\t\t<div class=\"servicebox boxpattern-1\">\r\n\t\t\t<div class=\"serviceboxbg\">\r\n\t\t\t\t<div class=\"servicebox-icon\"><a href=\"https:\/\/tecphy.ch\/production-dhydrogene-avec-photovoltaique\/\"><img src=\"https:\/\/tecphy.ch\/wp-content\/uploads\/2021\/07\/hop_bluefactory.jpg\"><\/a><\/div>\r\n\t\t\t\t<div class=\"serviceboxcon\">\r\n\t\t\t\t<a href=\"https:\/\/tecphy.ch\/production-dhydrogene-avec-photovoltaique\/\"><h5>Centre d'entretie routiers de montagne<\/h5><\/a>\r\n\t\t\t\t<p><em> \u2022 PV 1 MWc<\/em><br \/>\n\u00c9tude de faisabilit\u00e9 d&#8217;un stockage saisonnier hydrog\u00e8ne et extension PV.<\/p>\r\n\t\t\t\t<a href=\"https:\/\/tecphy.ch\/production-dhydrogene-avec-photovoltaique\/\" class=\"servread\">Read More<\/a>\r\n\t\t\t\t<\/div>\r\n\t\t\t<\/div>\r\n\t\t<\/div>\r\n\t\t\n<p>&nbsp;<\/p>\n<p>&nbsp;<\/p>\n<p>&nbsp;<\/p>\n<p>&nbsp;<\/p>\n<p>&nbsp;<\/p>\n<p>&nbsp;<\/p>\n<p>&nbsp;<\/p>\n<p>&nbsp;<\/p>\n<p>&nbsp;<\/p>\n<p>&nbsp;<\/p>\n<p>&nbsp;<\/p>\n<h2>Pur hydrog\u00e8ne<\/h2>\n\r\n\t\t<div class=\"servicebox boxpattern-2\">\r\n\t\t\t<div class=\"serviceboxbg\">\r\n\t\t\t\t<div class=\"servicebox-icon\"><a href=\"https:\/\/tecphy.ch\/projets\/transport-en-commun-hydrogene\/\"><img src=\"https:\/\/tecphy.ch\/wp-content\/uploads\/2021\/07\/icone_bus-1.png\"><\/a><\/div>\r\n\t\t\t\t<div class=\"serviceboxcon\">\r\n\t\t\t\t<a href=\"https:\/\/tecphy.ch\/projets\/transport-en-commun-hydrogene\/\"><h5>Transport public \u00e0 hydrog\u00e8ne SETP2050<\/h5><\/a>\r\n\t\t\t\t<p> <em>\u2022<\/em> 1.5 MWc &#8211; 4.2 MWc 215 kg H2\/jour Etude \u00e9conomique sur l&#8217;infrastructure d\u2019auto-production pour la conversion d&#8217;une flotte de bus \u00e0 l&#8217;hydrog\u00e8ne.<\/p>\r\n\t\t\t\t<a href=\"https:\/\/tecphy.ch\/projets\/transport-en-commun-hydrogene\/\" class=\"servread\">Read more<\/a>\r\n\t\t\t\t<\/div>\r\n\t\t\t<\/div>\r\n\t\t<\/div>\r\n\t\t\n\r\n\t\t<div class=\"servicebox boxpattern-2\">\r\n\t\t\t<div class=\"serviceboxbg\">\r\n\t\t\t\t<div class=\"servicebox-icon\"><a href=\"https:\/\/tecphy.ch\/projets\/\"><img src=\"https:\/\/tecphy.ch\/wp-content\/uploads\/2023\/07\/H2-industrie_tc.png\"><\/a><\/div>\r\n\t\t\t\t<div class=\"serviceboxcon\">\r\n\t\t\t\t<a href=\"https:\/\/tecphy.ch\/projets\/\"><h5>Int\u00e9gration industrielle pour l'hydrog\u00e8ne renouvelable<\/h5><\/a>\r\n\t\t\t\t<p> \u2022 S\u00e9curisation de l&#8217;approvisionnement en \u00e9lectricit\u00e9 bas\u00e9e sur l&#8217;hydrog\u00e8ne renouvelable. <\/p>\r\n\t\t\t\t<a href=\"https:\/\/tecphy.ch\/projets\/\" class=\"servread\">Read more<\/a>\r\n\t\t\t\t<\/div>\r\n\t\t\t<\/div>\r\n\t\t<\/div>\r\n\t\t\n\r\n\t\t<div class=\"servicebox boxpattern-2\">\r\n\t\t\t<div class=\"serviceboxbg\">\r\n\t\t\t\t<div class=\"servicebox-icon\"><a href=\"\"><img src=\"https:\/\/tecphy.ch\/wp-content\/uploads\/2023\/08\/centrae_logistique_c.png\"><\/a><\/div>\r\n\t\t\t\t<div class=\"serviceboxcon\">\r\n\t\t\t\t<a href=\"\"><h5>Centre logistique<\/h5><\/a>\r\n\t\t\t\t<p> <em>\u2022 <\/em>Aire de logistique pour transport routier avec une maximisation de l&#8217;installation photovolta\u00efque int\u00e9gr\u00e9e et la production in situ d&#8217;hydrog\u00e8ne. <\/p>\r\n\t\t\t\t<a href=\"\" class=\"servread\">Read more<\/a>\r\n\t\t\t\t<\/div>\r\n\t\t\t<\/div>\r\n\t\t<\/div>\r\n\t\t\n<h2><\/h2>\n<p>&nbsp;<\/p>\n<h2>Vos projets R&amp;D<\/h2>\n\r\n\t\t<div class=\"servicebox boxpattern-1\">\r\n\t\t\t<div class=\"serviceboxbg\">\r\n\t\t\t\t<div class=\"servicebox-icon\"><a href=\"https:\/\/tecphy.ch\/projets\/centrale-solaire-flottante-auto-deneigeante\/\"><img src=\"https:\/\/tecphy.ch\/wp-content\/uploads\/2023\/07\/pv_flottant.png\"><\/a><\/div>\r\n\t\t\t\t<div class=\"serviceboxcon\">\r\n\t\t\t\t<a href=\"https:\/\/tecphy.ch\/projets\/centrale-solaire-flottante-auto-deneigeante\/\"><h5>Centrale solaire flottante auto-d\u00e9neigeante<\/h5><\/a>\r\n\t\t\t\t<p><em> \u2022 75 kWc<\/em><br \/>\nRentabilit\u00e9 \u00e9nerg\u00e9tique et \u00e9conomique d&#8217;un syst\u00e8me de d\u00e9neigement.<\/p>\r\n\t\t\t\t<a href=\"https:\/\/tecphy.ch\/projets\/centrale-solaire-flottante-auto-deneigeante\/\" class=\"servread\">Read more<\/a>\r\n\t\t\t\t<\/div>\r\n\t\t\t<\/div>\r\n\t\t<\/div>\r\n\t\t\n\r\n\t\t<div class=\"servicebox boxpattern-1\">\r\n\t\t\t<div class=\"serviceboxbg\">\r\n\t\t\t\t<div class=\"servicebox-icon\"><a href=\"https:\/\/tecphy.ch\/projets\/banc-test-du-mottey\/\"><img src=\"https:\/\/tecphy.ch\/wp-content\/uploads\/2019\/02\/swisstile1b_s.png\"><\/a><\/div>\r\n\t\t\t\t<div class=\"serviceboxcon\">\r\n\t\t\t\t<a href=\"https:\/\/tecphy.ch\/projets\/banc-test-du-mottey\/\"><h5>Banc de test solaire du Mottey<\/h5><\/a>\r\n\t\t\t\t<p><em> \u2022 400 W<\/em><br \/>\nMonitoring sur un banc de test de tuiles solaires. Pr\u00e9vision de production en temps r\u00e9el.<\/p>\r\n\t\t\t\t<a href=\"https:\/\/tecphy.ch\/projets\/banc-test-du-mottey\/\" class=\"servread\">SmarSolar<\/a>\r\n\t\t\t\t<\/div>\r\n\t\t\t<\/div>\r\n\t\t<\/div>\r\n\t\t\n\r\n\t\t<div class=\"servicebox boxpattern-1\">\r\n\t\t\t<div class=\"serviceboxbg\">\r\n\t\t\t\t<div class=\"servicebox-icon\"><a href=\"https:\/\/tecphy.ch\/projets\/vtol-hydrogene-utilitaire\/\"><img src=\"https:\/\/tecphy.ch\/wp-content\/uploads\/2021\/07\/Drone_view1.png\"><\/a><\/div>\r\n\t\t\t\t<div class=\"serviceboxcon\">\r\n\t\t\t\t<a href=\"https:\/\/tecphy.ch\/projets\/vtol-hydrogene-utilitaire\/\"><h5>A\u00e9ronef  urbain semi-autonome \u00e0 hydrog\u00e8ne<\/h5><\/a>\r\n\t\t\t\t<p> <em>\u2022 <\/em>PV 3.2 MWc 330 kg LH2\/jour Etude \u00e9nerg\u00e9tique sur le vol et l&#8217;infrastructure H2 et solaire. Projet EPFL \/ Innoseed.<\/p>\r\n\t\t\t\t<a href=\"https:\/\/tecphy.ch\/projets\/vtol-hydrogene-utilitaire\/\" class=\"servread\">VTOL Hydrog\u00e8ne<\/a>\r\n\t\t\t\t<\/div>\r\n\t\t\t<\/div>\r\n\t\t<\/div>\r\n\t\t\n\r\n\t\t<div class=\"servicebox boxpattern-1\">\r\n\t\t\t<div class=\"serviceboxbg\">\r\n\t\t\t\t<div class=\"servicebox-icon\"><a href=\" \"><img src=\"https:\/\/tecphy.ch\/wp-content\/uploads\/2022\/04\/productible-toiture-chesi.png\"><\/a><\/div>\r\n\t\t\t\t<div class=\"serviceboxcon\">\r\n\t\t\t\t<a href=\" \"><h5>Stockage saisonnier et d\u00e9neigement PV<\/h5><\/a>\r\n\t\t\t\t<p> <em>\u2022 <\/em>Concept \u00e9nerg\u00e9tique d&#8217;un chalet avec stockage et IRVE pour 2 v\u00e9hicules, rentabilit\u00e9 \u00e9nerg\u00e9tique du d\u00e9neigement.<\/p>\r\n\t\t\t\t<a href=\" \" class=\"servread\"> \u00a4 <\/a>\r\n\t\t\t\t<\/div>\r\n\t\t\t<\/div>\r\n\t\t<\/div>\r\n\t\t\n\r\n\t\t<div class=\"center-title\">\r\n\t\t\t\r\n\t\t\t\r\n\t\t\t\r\n\t\t\t<span style=\"border-bottom-color:#222222\"><\/span>\r\n\t\t\t\r\n\t\t<\/div>\r\n\t\t\n<h2><strong>D\u00e9veloppement et collaborations\u00a0<\/strong>acad\u00e9miques<\/h2>\n<ul>\n<li><strong>SmarSOLAR : <\/strong>2014-today, code de simulation utilis\u00e9 par Tecphy<\/li>\n<li><strong>Swiss living Challenge, Solar Decathlon <\/strong>2014-2017<strong>, <\/strong>Project Coordinator \/ Engineering lead<\/li>\n<li><strong>Integration of renewable energy in buildings : <\/strong>Chef de projet IER-BAT at HEIA-FR 2015-2017, <a href=\"https:\/\/www.smartlivinglab.ch\/fr\/projects\/ier-bat-integration-des-energies-renouvelables-dans-le-batiment\/\">https:\/\/www.smartlivinglab.ch\/fr\/projects\/ier-bat-integration-des-energies-renouvelables-dans-le-batiment\/<\/a> ; Chef de projet, FNS Active Interfaces 2014-2018 <strong>: <\/strong><a href=\"http:\/\/www.activeinterfaces.ch\/en\/project\">http:\/\/www.activeinterfaces.ch\/en\/project<\/a><\/li>\n<li><strong>SILICON_LIGHT, EU FP7, <\/strong>2009-2012,<strong> as <\/strong>Work package leader WP6 Integration and industrial implementation, https:\/\/www.silicon-light.eu\/work-packages\/index.html, at Flexcell VHF-Technologies Switzerland<\/li>\n<\/ul>\n\r\n\t\t<div class=\"center-title\">\r\n\t\t\t\r\n\t\t\t\r\n\t\t\t\r\n\t\t\t<span style=\"border-bottom-color:#222222\"><\/span>\r\n\t\t\t\r\n\t\t<\/div>\r\n\t\t\n<h2>Articles b\u00e2timent, photovolta\u00efque, stockage<\/h2>\n[17] 2022 Dossier Energie &#8211; Construction et B\u00e2timent no1 <a href=\"https:\/\/tecphy.ch\/wp-content\/uploads\/2022\/04\/Construction_et_Batiment_no1_Dossier_Energie.pdf\">article<\/a>\n[16] Rapport &#8220;Motorisation \u00e0 l\u2019hydrog\u00e8ne des bus de transport public&#8221;\u00a0 <a href=\"https:\/\/www.bav.admin.ch\/bav\/fr\/home\/themes-generaux\/recherche-et-innovation\/programmes-de-recherche-et-d-innovation\/setp2050\/resultats-de-projets.html\">OFT P-155<\/a>\n[15] Accepted at Central Europe towards Sustainable Building 2022 Prague (CESB22),\u00a0 conference website: <a href=\"http:\/\/www.cesb.cz\/\" target=\"_blank\" rel=\"nofollow noopener noreferrer\" data-auth=\"NotApplicable\" data-linkindex=\"1\">http:\/\/www.cesb.cz <\/a>\u00a0,&#8221;Building-integrated Photovoltaics (BIPV) Combined with Hydrogen-based Electricity Storage System at Building-scale Towards Carbon Neutrality&#8221;\n[14] <a href=\"https:\/\/iopscience.iop.org\/issue\/1742-6596\/2042\/1\">CISBAT 2021<\/a> ; Y. Morier, S. Aguacil Moreno2, \u00a0P. Couty, &#8220;Hydrogen-based electricity storage optimization on buildings by coupling thermal and photovoltaic electricity production towards carbon neutrality&#8221;; <a href=\"https:\/\/iopscience.iop.org\/article\/10.1088\/1742-6596\/2042\/1\/012092\/pdf\">article<\/a>\n<div class=\"full-record-title\">[13] Energy in Buildings and Communities Programme (EBC), P. Couty, D. Torregrossa, J.P. Bacher, &#8220;Battery storage systems for building applications&#8221;, <a href=\"https:\/\/arodes.hes-so.ch\/record\/8139?ln=FR\">article<\/a><\/div>\n<div><\/div>\n<div>[12] Energy in Buildings and Communities Programme (EBC), P. Couty, M. Boesiger, J.P. Bacher, &#8220;Photovoltaic systems&#8221;,\u00a0 <a href=\"https:\/\/arodes.hes-so.ch\/record\/8140?ln=FR%20\">article<\/a><\/div>\n[11] &#8220;First solar hydrogen storage in a private building in Western Switzerland : building energy analysis and schematic design&#8221;, 2019 J. Phys.: Conf. Ser. 1343 012089, abstract available on Polysun Software site https:\/\/www.velasolaris.com\/first-solar-hydrogen-storage-in-a-private-building-in-western-switzerland-building-energy-analysis-and-schematic-design\/\n[10] &#8220;SmarSOLAR : PV production forecast used by the Swiss team, winner of the U.S. Department of Energy Solar Decathlon competition 2017 Denver, Colorado&#8221;, Philippe Couty, Christophe Arn, 2019 J. Phys.: Conf. Ser. 1343 012091\n[9] &#8220;Integrating hourly life-cycle energy and carbon emissions of energy supply in buildings&#8221;<br \/>\nSustainable Cities and Society, <a href=\"https:\/\/www.sciencedirect.com\/science\/journal\/22106707\/43\/supp\/C\">Volume 43<\/a>, November 2018, Pages 305-316,\u00a0D. Vuarnoz, S. Cozza, T. Jusselme, G. Magnin, T. Schafer, P. Couty ; E.L. Niederhauser\n[8] &#8220;Low Carbon building energy systems : design and operation&#8221;, D. Vuarnoz, Julien Nembrini. P Couty, T. Schafer, Exploring, Research driven Building Design, 2019, Park Books, edited by M.aryline Anderson Emmannuel Rey.\n[7] &#8220;Positive energy building with PV facade production and electrical storage designed by the Swiss team for the U.S. Department of Energy Solar Decathlon competition 2017 Denver Colorado&#8221;, P. Couty , M.J. Lalou, P. Cuony, S. Cotture, V. Saade, Conf CISBAT 2017, Energy Procedia, vol. 122 (2017), pp. 919\u2013924, <a href=\"https:\/\/arodes.hes-so.ch\/record\/8273?ln=fr\">article Arodes hes-so<\/a>\n[6] P. Couty, E. Simon, &#8220;Solar Energy in retrofitting building : 10 case studies of integration in the residential heritage of the 20 th century in Western Switzerland&#8221;, Conf CISBAT 2017, Energy Procedia 122 (2017), vol. 122, pp. 931-936,<a href=\"https:\/\/arodes.hes-so.ch\/record\/7635?ln=fr\">\u00a0<\/a><a href=\"https:\/\/arodes.hes-so.ch\/record\/7635?ln=fr\">article Arodes hes-so<\/a>\n[5] &#8220;MARKET POTENTIAL AND ACCEPTANCE OF BUILDING INTEGRATED PV (BIPV) SOLUTIONS, A PRACTICAL APPROACH.&#8221; M. Boesiger, P. Couty &amp; J.-P. Bacher, In Proceedings of the 12th Conference on Advanced Building Skins, Bern, 2-3 October 2017, p.362-370.\n[4] \u201cLa maison du future est Suisse\u201d\u00a0\u00a0 https:\/\/www.bulletin.ch\/fr\/news-detail\/avec-le-soleil-pour-seule-source-denergie.html\n<p><a href=\"https:\/\/tecphy.ch\/wp-content\/uploads\/2019\/01\/Efficience21_N26_Maison_solaire.pdf\">Efficience21_N26_Maison_solaire<\/a><\/p>\n[3] \u201cAvec le soleil comme seule source d\u2019\u00e9nergie\u201d <a href=\"https:\/\/www.bulletin.ch\/fr\/news-detail\/avec-le-soleil-pour-seule-source-denergie.html\">bulletin.ch, <\/a><a href=\"https:\/\/arodes.hes-so.ch\/record\/8274?ln=fr\">article Arodes hes-so<\/a>\n[2] &#8220;Nuove strategie e innovazione tecnologica, Fotovoltaico e NZEB&#8221;, Giuseppe La Franca April 2018\n<p><a href=\"https:\/\/tecphy.ch\/wp-content\/uploads\/2019\/01\/ED-18-04-neighborhub.pdf\">ED 18 04 neighborhub<\/a><\/p>\n[1] European project FP7 Siliconlight,\u00a0 P. Couty, M. Duchamp, K. S\u00f6derstr\u00f6m, A. Kov\u00e1cs, R.E. Dunin-Borkowski, L. Sansonnens, Y. Ziegler, <em>&#8220;Transmission electron microscopy of amorphous tandem thin-film silicon modules produced by a roll-to-roll process on plastic foil\u201d\u00a0 <\/em>Proceedings of 26th European Photovoltaic Solar Energy Conference and Exhibition (2011) 2395 \u2013 Oral presentation\u00c9tude de faisabilit\u00e9, dimensionnement et gestion de projet.","protected":false},"excerpt":{"rendered":"<p>Etude de faisabilit\u00e9, \u00e9tudes techniques, pilotage de projet et conseil offert par Tecphy S\u00e0rl. &nbsp; \u00c9nergie b\u00e2timent &nbsp; &nbsp; &nbsp; &nbsp; &nbsp; &nbsp; &nbsp; &nbsp; &nbsp; &nbsp; &nbsp; Pur hydrog\u00e8ne &nbsp; Vos projets R&amp;D D\u00e9veloppement et collaborations\u00a0acad\u00e9miques SmarSOLAR : 2014-today, code de simulation utilis\u00e9 par Tecphy Swiss living Challenge, Solar Decathlon 2014-2017, Project Coordinator \/<br \/><a class=\"moretag\" href=\"https:\/\/tecphy.ch\/en\/projets\/\">+ Read More<\/a><\/p>\n","protected":false},"author":1,"featured_media":1542,"parent":0,"menu_order":3,"comment_status":"closed","ping_status":"closed","template":"templates\/page-fullwidth_template.php","meta":[],"yoast_head":"<!-- This site is optimized with the Yoast SEO plugin v18.4 - https:\/\/yoast.com\/wordpress\/plugins\/seo\/ -->\n<title>Projects - Tecphy<\/title>\n<meta name=\"robots\" content=\"index, follow, max-snippet:-1, max-image-preview:large, max-video-preview:-1\" \/>\n<link rel=\"canonical\" href=\"https:\/\/tecphy.ch\/projets\/\" \/>\n<meta property=\"og:locale\" content=\"en_US\" \/>\n<meta property=\"og:type\" content=\"article\" \/>\n<meta property=\"og:title\" content=\"Projects - Tecphy\" \/>\n<meta property=\"og:description\" content=\"Etude de faisabilit\u00e9, \u00e9tudes techniques, pilotage de projet et conseil offert par Tecphy S\u00e0rl. &nbsp; \u00c9nergie b\u00e2timent &nbsp; &nbsp; &nbsp; &nbsp; &nbsp; &nbsp; &nbsp; &nbsp; &nbsp; &nbsp; &nbsp; Pur hydrog\u00e8ne &nbsp; Vos projets R&amp;D D\u00e9veloppement et collaborations\u00a0acad\u00e9miques SmarSOLAR : 2014-today, code de simulation utilis\u00e9 par Tecphy Swiss living Challenge, Solar Decathlon 2014-2017, Project Coordinator \/+ Read More\" \/>\n<meta property=\"og:url\" content=\"https:\/\/tecphy.ch\/projets\/\" \/>\n<meta property=\"og:site_name\" content=\"Tecphy\" \/>\n<meta property=\"article:modified_time\" content=\"2023-11-16T20:09:57+00:00\" \/>\n<meta property=\"og:image\" content=\"https:\/\/tecphy.ch\/wp-content\/uploads\/2021\/07\/solar-panel-macro-871290688206AJL.jpg\" \/>\n\t<meta property=\"og:image:width\" content=\"1280\" \/>\n\t<meta property=\"og:image:height\" content=\"853\" \/>\n\t<meta property=\"og:image:type\" content=\"image\/jpeg\" \/>\n<meta name=\"twitter:card\" content=\"summary_large_image\" \/>\n<meta name=\"twitter:label1\" content=\"Est. reading time\" \/>\n\t<meta name=\"twitter:data1\" content=\"5 minutes\" \/>\n<script type=\"application\/ld+json\" class=\"yoast-schema-graph\">{\"@context\":\"https:\/\/schema.org\",\"@graph\":[{\"@type\":\"Organization\",\"@id\":\"https:\/\/tecphy.ch\/#organization\",\"name\":\"Tecphy\",\"url\":\"https:\/\/tecphy.ch\/\",\"sameAs\":[\"https:\/\/www.linkedin.com\/company\/tecphy\/\"],\"logo\":{\"@type\":\"ImageObject\",\"@id\":\"https:\/\/tecphy.ch\/#logo\",\"inLanguage\":\"en-US\",\"url\":\"https:\/\/tecphy.ch\/wp-content\/uploads\/2022\/04\/LOGO_TECPHY_Var2.png\",\"contentUrl\":\"https:\/\/tecphy.ch\/wp-content\/uploads\/2022\/04\/LOGO_TECPHY_Var2.png\",\"width\":220,\"height\":87,\"caption\":\"Tecphy\"},\"image\":{\"@id\":\"https:\/\/tecphy.ch\/#logo\"}},{\"@type\":\"WebSite\",\"@id\":\"https:\/\/tecphy.ch\/#website\",\"url\":\"https:\/\/tecphy.ch\/\",\"name\":\"Tecphy\",\"description\":\"Energie renouvelable et hydrog\u00e8ne\",\"publisher\":{\"@id\":\"https:\/\/tecphy.ch\/#organization\"},\"potentialAction\":[{\"@type\":\"SearchAction\",\"target\":{\"@type\":\"EntryPoint\",\"urlTemplate\":\"https:\/\/tecphy.ch\/?s={search_term_string}\"},\"query-input\":\"required name=search_term_string\"}],\"inLanguage\":\"en-US\"},{\"@type\":\"ImageObject\",\"@id\":\"https:\/\/tecphy.ch\/projets\/#primaryimage\",\"inLanguage\":\"en-US\",\"url\":\"https:\/\/tecphy.ch\/wp-content\/uploads\/2021\/07\/solar-panel-macro-871290688206AJL.jpg\",\"contentUrl\":\"https:\/\/tecphy.ch\/wp-content\/uploads\/2021\/07\/solar-panel-macro-871290688206AJL.jpg\",\"width\":1280,\"height\":853,\"caption\":\"Macro panneaux photovolta\u00efque\"},{\"@type\":\"WebPage\",\"@id\":\"https:\/\/tecphy.ch\/projets\/#webpage\",\"url\":\"https:\/\/tecphy.ch\/projets\/\",\"name\":\"Projects - Tecphy\",\"isPartOf\":{\"@id\":\"https:\/\/tecphy.ch\/#website\"},\"primaryImageOfPage\":{\"@id\":\"https:\/\/tecphy.ch\/projets\/#primaryimage\"},\"datePublished\":\"2019-01-28T06:04:24+00:00\",\"dateModified\":\"2023-11-16T20:09:57+00:00\",\"breadcrumb\":{\"@id\":\"https:\/\/tecphy.ch\/projets\/#breadcrumb\"},\"inLanguage\":\"en-US\",\"potentialAction\":[{\"@type\":\"ReadAction\",\"target\":[\"https:\/\/tecphy.ch\/projets\/\"]}]},{\"@type\":\"BreadcrumbList\",\"@id\":\"https:\/\/tecphy.ch\/projets\/#breadcrumb\",\"itemListElement\":[{\"@type\":\"ListItem\",\"position\":1,\"name\":\"Accueil\",\"item\":\"https:\/\/tecphy.ch\/\"},{\"@type\":\"ListItem\",\"position\":2,\"name\":\"Projets\"}]}]}<\/script>\n<!-- \/ Yoast SEO plugin. -->","yoast_head_json":{"title":"Projects - Tecphy","robots":{"index":"index","follow":"follow","max-snippet":"max-snippet:-1","max-image-preview":"max-image-preview:large","max-video-preview":"max-video-preview:-1"},"canonical":"https:\/\/tecphy.ch\/projets\/","og_locale":"en_US","og_type":"article","og_title":"Projects - Tecphy","og_description":"Etude de faisabilit\u00e9, \u00e9tudes techniques, pilotage de projet et conseil offert par Tecphy S\u00e0rl. &nbsp; \u00c9nergie b\u00e2timent &nbsp; &nbsp; &nbsp; &nbsp; &nbsp; &nbsp; &nbsp; &nbsp; &nbsp; &nbsp; &nbsp; Pur hydrog\u00e8ne &nbsp; Vos projets R&amp;D D\u00e9veloppement et collaborations\u00a0acad\u00e9miques SmarSOLAR : 2014-today, code de simulation utilis\u00e9 par Tecphy Swiss living Challenge, Solar Decathlon 2014-2017, Project Coordinator \/+ Read More","og_url":"https:\/\/tecphy.ch\/projets\/","og_site_name":"Tecphy","article_modified_time":"2023-11-16T20:09:57+00:00","og_image":[{"width":1280,"height":853,"url":"https:\/\/tecphy.ch\/wp-content\/uploads\/2021\/07\/solar-panel-macro-871290688206AJL.jpg","type":"image\/jpeg"}],"twitter_card":"summary_large_image","twitter_misc":{"Est. reading time":"5 minutes"},"schema":{"@context":"https:\/\/schema.org","@graph":[{"@type":"Organization","@id":"https:\/\/tecphy.ch\/#organization","name":"Tecphy","url":"https:\/\/tecphy.ch\/","sameAs":["https:\/\/www.linkedin.com\/company\/tecphy\/"],"logo":{"@type":"ImageObject","@id":"https:\/\/tecphy.ch\/#logo","inLanguage":"en-US","url":"https:\/\/tecphy.ch\/wp-content\/uploads\/2022\/04\/LOGO_TECPHY_Var2.png","contentUrl":"https:\/\/tecphy.ch\/wp-content\/uploads\/2022\/04\/LOGO_TECPHY_Var2.png","width":220,"height":87,"caption":"Tecphy"},"image":{"@id":"https:\/\/tecphy.ch\/#logo"}},{"@type":"WebSite","@id":"https:\/\/tecphy.ch\/#website","url":"https:\/\/tecphy.ch\/","name":"Tecphy","description":"Energie renouvelable et hydrog\u00e8ne","publisher":{"@id":"https:\/\/tecphy.ch\/#organization"},"potentialAction":[{"@type":"SearchAction","target":{"@type":"EntryPoint","urlTemplate":"https:\/\/tecphy.ch\/?s={search_term_string}"},"query-input":"required name=search_term_string"}],"inLanguage":"en-US"},{"@type":"ImageObject","@id":"https:\/\/tecphy.ch\/projets\/#primaryimage","inLanguage":"en-US","url":"https:\/\/tecphy.ch\/wp-content\/uploads\/2021\/07\/solar-panel-macro-871290688206AJL.jpg","contentUrl":"https:\/\/tecphy.ch\/wp-content\/uploads\/2021\/07\/solar-panel-macro-871290688206AJL.jpg","width":1280,"height":853,"caption":"Macro panneaux photovolta\u00efque"},{"@type":"WebPage","@id":"https:\/\/tecphy.ch\/projets\/#webpage","url":"https:\/\/tecphy.ch\/projets\/","name":"Projects - Tecphy","isPartOf":{"@id":"https:\/\/tecphy.ch\/#website"},"primaryImageOfPage":{"@id":"https:\/\/tecphy.ch\/projets\/#primaryimage"},"datePublished":"2019-01-28T06:04:24+00:00","dateModified":"2023-11-16T20:09:57+00:00","breadcrumb":{"@id":"https:\/\/tecphy.ch\/projets\/#breadcrumb"},"inLanguage":"en-US","potentialAction":[{"@type":"ReadAction","target":["https:\/\/tecphy.ch\/projets\/"]}]},{"@type":"BreadcrumbList","@id":"https:\/\/tecphy.ch\/projets\/#breadcrumb","itemListElement":[{"@type":"ListItem","position":1,"name":"Accueil","item":"https:\/\/tecphy.ch\/"},{"@type":"ListItem","position":2,"name":"Projets"}]}]}},"_links":{"self":[{"href":"https:\/\/tecphy.ch\/en\/wp-json\/wp\/v2\/pages\/16"}],"collection":[{"href":"https:\/\/tecphy.ch\/en\/wp-json\/wp\/v2\/pages"}],"about":[{"href":"https:\/\/tecphy.ch\/en\/wp-json\/wp\/v2\/types\/page"}],"author":[{"embeddable":true,"href":"https:\/\/tecphy.ch\/en\/wp-json\/wp\/v2\/users\/1"}],"replies":[{"embeddable":true,"href":"https:\/\/tecphy.ch\/en\/wp-json\/wp\/v2\/comments?post=16"}],"version-history":[{"count":320,"href":"https:\/\/tecphy.ch\/en\/wp-json\/wp\/v2\/pages\/16\/revisions"}],"predecessor-version":[{"id":4753,"href":"https:\/\/tecphy.ch\/en\/wp-json\/wp\/v2\/pages\/16\/revisions\/4753"}],"wp:featuredmedia":[{"embeddable":true,"href":"https:\/\/tecphy.ch\/en\/wp-json\/wp\/v2\/media\/1542"}],"wp:attachment":[{"href":"https:\/\/tecphy.ch\/en\/wp-json\/wp\/v2\/media?parent=16"}],"curies":[{"name":"wp","href":"https:\/\/api.w.org\/{rel}","templated":true}]}}