{"id":1636,"date":"2021-07-22T09:01:26","date_gmt":"2021-07-22T07:01:26","guid":{"rendered":"https:\/\/tecphy.ch\/?page_id=1636"},"modified":"2022-04-04T11:06:11","modified_gmt":"2022-04-04T09:06:11","slug":"centrale-solaire-flottante-auto-deneigeante","status":"publish","type":"page","link":"https:\/\/tecphy.ch\/en\/projets\/centrale-solaire-flottante-auto-deneigeante\/","title":{"rendered":"(Fran\u00e7ais) Centrale solaire flottante auto-d\u00e9neigeante"},"content":{"rendered":"<p class=\"qtranxs-available-languages-message qtranxs-available-languages-message-en\">Sorry, this entry is only available in <a href=\"https:\/\/tecphy.ch\/fr\/wp-json\/wp\/v2\/pages\/1636\" class=\"qtranxs-available-language-link qtranxs-available-language-link-fr\" title=\"Fran\u00e7ais\">French<\/a>.<\/p>","protected":false},"excerpt":{"rendered":"<p>Sorry, this entry is only available in French.<\/p>\n","protected":false},"author":3,"featured_media":0,"parent":16,"menu_order":0,"comment_status":"closed","ping_status":"closed","template":"templates\/page-fullwidth_template.php","meta":[],"yoast_head":"<!-- This site is optimized with the Yoast SEO plugin v18.4 - https:\/\/yoast.com\/wordpress\/plugins\/seo\/ -->\n<title>(Fran\u00e7ais) Centrale solaire flottante auto-d\u00e9neigeante - Tecphy<\/title>\n<meta name=\"robots\" content=\"index, follow, max-snippet:-1, max-image-preview:large, max-video-preview:-1\" \/>\n<link rel=\"canonical\" href=\"https:\/\/tecphy.ch\/projets\/centrale-solaire-flottante-auto-deneigeante\/\" \/>\n<meta property=\"og:locale\" content=\"en_US\" \/>\n<meta property=\"og:type\" content=\"article\" \/>\n<meta property=\"og:title\" content=\"(Fran\u00e7ais) Centrale solaire flottante auto-d\u00e9neigeante - Tecphy\" \/>\n<meta property=\"og:description\" content=\"Sorry, this entry is only available in French.\" \/>\n<meta property=\"og:url\" content=\"https:\/\/tecphy.ch\/projets\/centrale-solaire-flottante-auto-deneigeante\/\" \/>\n<meta property=\"og:site_name\" content=\"Tecphy\" \/>\n<meta property=\"article:modified_time\" content=\"2022-04-04T09:06:11+00:00\" \/>\n<meta property=\"og:image\" content=\"https:\/\/tecphy.ch\/wp-content\/uploads\/2021\/07\/Snow_mitigation_smarsolar-300x267.png\" \/>\n<meta name=\"twitter:card\" content=\"summary_large_image\" \/>\n<meta name=\"twitter:label1\" content=\"Est. reading time\" \/>\n\t<meta name=\"twitter:data1\" content=\"3 minutes\" \/>\n<script type=\"application\/ld+json\" class=\"yoast-schema-graph\">{\"@context\":\"https:\/\/schema.org\",\"@graph\":[{\"@type\":\"Organization\",\"@id\":\"https:\/\/tecphy.ch\/#organization\",\"name\":\"Tecphy\",\"url\":\"https:\/\/tecphy.ch\/\",\"sameAs\":[\"https:\/\/www.linkedin.com\/company\/tecphy\/\"],\"logo\":{\"@type\":\"ImageObject\",\"@id\":\"https:\/\/tecphy.ch\/#logo\",\"inLanguage\":\"en-US\",\"url\":\"https:\/\/tecphy.ch\/wp-content\/uploads\/2022\/04\/LOGO_TECPHY_Var2.png\",\"contentUrl\":\"https:\/\/tecphy.ch\/wp-content\/uploads\/2022\/04\/LOGO_TECPHY_Var2.png\",\"width\":220,\"height\":87,\"caption\":\"Tecphy\"},\"image\":{\"@id\":\"https:\/\/tecphy.ch\/#logo\"}},{\"@type\":\"WebSite\",\"@id\":\"https:\/\/tecphy.ch\/#website\",\"url\":\"https:\/\/tecphy.ch\/\",\"name\":\"Tecphy\",\"description\":\"Energie renouvelable et hydrog\u00e8ne\",\"publisher\":{\"@id\":\"https:\/\/tecphy.ch\/#organization\"},\"potentialAction\":[{\"@type\":\"SearchAction\",\"target\":{\"@type\":\"EntryPoint\",\"urlTemplate\":\"https:\/\/tecphy.ch\/?s={search_term_string}\"},\"query-input\":\"required name=search_term_string\"}],\"inLanguage\":\"en-US\"},{\"@type\":\"ImageObject\",\"@id\":\"https:\/\/tecphy.ch\/projets\/centrale-solaire-flottante-auto-deneigeante\/#primaryimage\",\"inLanguage\":\"en-US\",\"url\":\"https:\/\/tecphy.ch\/wp-content\/uploads\/2021\/07\/Snow_mitigation_smarsolar.png\",\"contentUrl\":\"https:\/\/tecphy.ch\/wp-content\/uploads\/2021\/07\/Snow_mitigation_smarsolar.png\",\"width\":718,\"height\":640,\"caption\":\"Syst\u00e8me de d\u00e9neigement de panneaux solaires automatis\u00e9 - Tecphy\"},{\"@type\":\"WebPage\",\"@id\":\"https:\/\/tecphy.ch\/projets\/centrale-solaire-flottante-auto-deneigeante\/#webpage\",\"url\":\"https:\/\/tecphy.ch\/projets\/centrale-solaire-flottante-auto-deneigeante\/\",\"name\":\"(Fran\u00e7ais) Centrale solaire flottante auto-d\u00e9neigeante - Tecphy\",\"isPartOf\":{\"@id\":\"https:\/\/tecphy.ch\/#website\"},\"primaryImageOfPage\":{\"@id\":\"https:\/\/tecphy.ch\/projets\/centrale-solaire-flottante-auto-deneigeante\/#primaryimage\"},\"datePublished\":\"2021-07-22T07:01:26+00:00\",\"dateModified\":\"2022-04-04T09:06:11+00:00\",\"breadcrumb\":{\"@id\":\"https:\/\/tecphy.ch\/projets\/centrale-solaire-flottante-auto-deneigeante\/#breadcrumb\"},\"inLanguage\":\"en-US\",\"potentialAction\":[{\"@type\":\"ReadAction\",\"target\":[\"https:\/\/tecphy.ch\/projets\/centrale-solaire-flottante-auto-deneigeante\/\"]}]},{\"@type\":\"BreadcrumbList\",\"@id\":\"https:\/\/tecphy.ch\/projets\/centrale-solaire-flottante-auto-deneigeante\/#breadcrumb\",\"itemListElement\":[{\"@type\":\"ListItem\",\"position\":1,\"name\":\"Accueil\",\"item\":\"https:\/\/tecphy.ch\/\"},{\"@type\":\"ListItem\",\"position\":2,\"name\":\"Projets\",\"item\":\"https:\/\/tecphy.ch\/projets\/\"},{\"@type\":\"ListItem\",\"position\":3,\"name\":\"Centrale solaire flottante auto-d\u00e9neigeante\"}]}]}<\/script>\n<!-- \/ Yoast SEO plugin. -->","yoast_head_json":{"title":"(Fran\u00e7ais) Centrale solaire flottante auto-d\u00e9neigeante - Tecphy","robots":{"index":"index","follow":"follow","max-snippet":"max-snippet:-1","max-image-preview":"max-image-preview:large","max-video-preview":"max-video-preview:-1"},"canonical":"https:\/\/tecphy.ch\/projets\/centrale-solaire-flottante-auto-deneigeante\/","og_locale":"en_US","og_type":"article","og_title":"(Fran\u00e7ais) Centrale solaire flottante auto-d\u00e9neigeante - Tecphy","og_description":"Sorry, this entry is only available in French.","og_url":"https:\/\/tecphy.ch\/projets\/centrale-solaire-flottante-auto-deneigeante\/","og_site_name":"Tecphy","article_modified_time":"2022-04-04T09:06:11+00:00","og_image":[{"url":"https:\/\/tecphy.ch\/wp-content\/uploads\/2021\/07\/Snow_mitigation_smarsolar-300x267.png"}],"twitter_card":"summary_large_image","twitter_misc":{"Est. reading time":"3 minutes"},"schema":{"@context":"https:\/\/schema.org","@graph":[{"@type":"Organization","@id":"https:\/\/tecphy.ch\/#organization","name":"Tecphy","url":"https:\/\/tecphy.ch\/","sameAs":["https:\/\/www.linkedin.com\/company\/tecphy\/"],"logo":{"@type":"ImageObject","@id":"https:\/\/tecphy.ch\/#logo","inLanguage":"en-US","url":"https:\/\/tecphy.ch\/wp-content\/uploads\/2022\/04\/LOGO_TECPHY_Var2.png","contentUrl":"https:\/\/tecphy.ch\/wp-content\/uploads\/2022\/04\/LOGO_TECPHY_Var2.png","width":220,"height":87,"caption":"Tecphy"},"image":{"@id":"https:\/\/tecphy.ch\/#logo"}},{"@type":"WebSite","@id":"https:\/\/tecphy.ch\/#website","url":"https:\/\/tecphy.ch\/","name":"Tecphy","description":"Energie renouvelable et hydrog\u00e8ne","publisher":{"@id":"https:\/\/tecphy.ch\/#organization"},"potentialAction":[{"@type":"SearchAction","target":{"@type":"EntryPoint","urlTemplate":"https:\/\/tecphy.ch\/?s={search_term_string}"},"query-input":"required name=search_term_string"}],"inLanguage":"en-US"},{"@type":"ImageObject","@id":"https:\/\/tecphy.ch\/projets\/centrale-solaire-flottante-auto-deneigeante\/#primaryimage","inLanguage":"en-US","url":"https:\/\/tecphy.ch\/wp-content\/uploads\/2021\/07\/Snow_mitigation_smarsolar.png","contentUrl":"https:\/\/tecphy.ch\/wp-content\/uploads\/2021\/07\/Snow_mitigation_smarsolar.png","width":718,"height":640,"caption":"Syst\u00e8me de d\u00e9neigement de panneaux solaires automatis\u00e9 - Tecphy"},{"@type":"WebPage","@id":"https:\/\/tecphy.ch\/projets\/centrale-solaire-flottante-auto-deneigeante\/#webpage","url":"https:\/\/tecphy.ch\/projets\/centrale-solaire-flottante-auto-deneigeante\/","name":"(Fran\u00e7ais) Centrale solaire flottante auto-d\u00e9neigeante - Tecphy","isPartOf":{"@id":"https:\/\/tecphy.ch\/#website"},"primaryImageOfPage":{"@id":"https:\/\/tecphy.ch\/projets\/centrale-solaire-flottante-auto-deneigeante\/#primaryimage"},"datePublished":"2021-07-22T07:01:26+00:00","dateModified":"2022-04-04T09:06:11+00:00","breadcrumb":{"@id":"https:\/\/tecphy.ch\/projets\/centrale-solaire-flottante-auto-deneigeante\/#breadcrumb"},"inLanguage":"en-US","potentialAction":[{"@type":"ReadAction","target":["https:\/\/tecphy.ch\/projets\/centrale-solaire-flottante-auto-deneigeante\/"]}]},{"@type":"BreadcrumbList","@id":"https:\/\/tecphy.ch\/projets\/centrale-solaire-flottante-auto-deneigeante\/#breadcrumb","itemListElement":[{"@type":"ListItem","position":1,"name":"Accueil","item":"https:\/\/tecphy.ch\/"},{"@type":"ListItem","position":2,"name":"Projets","item":"https:\/\/tecphy.ch\/projets\/"},{"@type":"ListItem","position":3,"name":"Centrale solaire flottante auto-d\u00e9neigeante"}]}]}},"_links":{"self":[{"href":"https:\/\/tecphy.ch\/en\/wp-json\/wp\/v2\/pages\/1636"}],"collection":[{"href":"https:\/\/tecphy.ch\/en\/wp-json\/wp\/v2\/pages"}],"about":[{"href":"https:\/\/tecphy.ch\/en\/wp-json\/wp\/v2\/types\/page"}],"author":[{"embeddable":true,"href":"https:\/\/tecphy.ch\/en\/wp-json\/wp\/v2\/users\/3"}],"replies":[{"embeddable":true,"href":"https:\/\/tecphy.ch\/en\/wp-json\/wp\/v2\/comments?post=1636"}],"version-history":[{"count":23,"href":"https:\/\/tecphy.ch\/en\/wp-json\/wp\/v2\/pages\/1636\/revisions"}],"predecessor-version":[{"id":2900,"href":"https:\/\/tecphy.ch\/en\/wp-json\/wp\/v2\/pages\/1636\/revisions\/2900"}],"up":[{"embeddable":true,"href":"https:\/\/tecphy.ch\/en\/wp-json\/wp\/v2\/pages\/16"}],"wp:attachment":[{"href":"https:\/\/tecphy.ch\/en\/wp-json\/wp\/v2\/media?parent=1636"}],"curies":[{"name":"wp","href":"https:\/\/api.w.org\/{rel}","templated":true}]}}