{"id":187,"date":"2019-01-28T17:51:27","date_gmt":"2019-01-28T16:51:27","guid":{"rendered":"https:\/\/tecphy.ch\/?page_id=187"},"modified":"2022-04-04T10:53:51","modified_gmt":"2022-04-04T08:53:51","slug":"contact_us","status":"publish","type":"page","link":"https:\/\/tecphy.ch\/en\/contact_us\/","title":{"rendered":"Contact us"},"content":{"rendered":"<div role=\"form\" class=\"wpcf7\" id=\"wpcf7-f294-o1\" lang=\"en-US\" dir=\"ltr\">\n<div class=\"screen-reader-response\"><p role=\"status\" aria-live=\"polite\" aria-atomic=\"true\"><\/p> <ul><\/ul><\/div>\n<form action=\"\/en\/wp-json\/wp\/v2\/pages\/187#wpcf7-f294-o1\" method=\"post\" class=\"wpcf7-form init\" novalidate=\"novalidate\" data-status=\"init\">\n<div style=\"display: none;\">\n<input type=\"hidden\" name=\"_wpcf7\" value=\"294\" \/>\n<input type=\"hidden\" name=\"_wpcf7_version\" value=\"5.5.6\" \/>\n<input type=\"hidden\" name=\"_wpcf7_locale\" value=\"en_US\" \/>\n<input type=\"hidden\" name=\"_wpcf7_unit_tag\" value=\"wpcf7-f294-o1\" \/>\n<input type=\"hidden\" name=\"_wpcf7_container_post\" value=\"0\" \/>\n<input type=\"hidden\" name=\"_wpcf7_posted_data_hash\" value=\"\" \/>\n<\/div>\n<p><label> Votre Nom\/ Your Name (obligatoire)<br \/>\n    <span class=\"wpcf7-form-control-wrap your-name\"><input type=\"text\" name=\"your-name\" value=\"\" size=\"40\" class=\"wpcf7-form-control wpcf7-text wpcf7-validates-as-required\" aria-required=\"true\" aria-invalid=\"false\" \/><\/span> <\/label><\/p>\n<p><label> Votre Email (obligatoire)<br \/>\n    <span class=\"wpcf7-form-control-wrap your-email\"><input type=\"email\" name=\"your-email\" value=\"\" size=\"40\" class=\"wpcf7-form-control wpcf7-text wpcf7-email wpcf7-validates-as-required wpcf7-validates-as-email\" aria-required=\"true\" aria-invalid=\"false\" \/><\/span> <\/label><\/p>\n<p><label> Sujet \/ Topic<br \/>\n    <span class=\"wpcf7-form-control-wrap your-subject\"><input type=\"text\" name=\"your-subject\" value=\"\" size=\"40\" class=\"wpcf7-form-control wpcf7-text\" aria-invalid=\"false\" \/><\/span> <\/label><\/p>\n<p><label> Votre Message<br \/>\n    <span class=\"wpcf7-form-control-wrap your-message\"><textarea name=\"your-message\" cols=\"40\" rows=\"10\" class=\"wpcf7-form-control wpcf7-textarea\" aria-invalid=\"false\"><\/textarea><\/span> <\/label><\/p>\n<p><input type=\"hidden\" name=\"_wpcf7_captcha_challenge_captcha-118\" value=\"1733725495\" \/><img class=\"wpcf7-form-control wpcf7-captchac wpcf7-captcha-captcha-118\" width=\"84\" height=\"28\" alt=\"captcha\" src=\"https:\/\/tecphy.ch\/wp-content\/uploads\/wpcf7_captcha\/1733725495.png\" \/><br \/>\n    <span class=\"wpcf7-form-control-wrap captcha-118\"><input type=\"text\" name=\"captcha-118\" value=\"\" size=\"4\" maxlength=\"4\" class=\"wpcf7-form-control wpcf7-captchar\" autocomplete=\"off\" aria-invalid=\"false\" \/><\/span><\/p>\n<p><input type=\"submit\" value=\"Envoyer\" class=\"wpcf7-form-control has-spinner wpcf7-submit\" \/><\/p>\n<div class=\"wpcf7-response-output\" aria-hidden=\"true\"><\/div><\/form><\/div>\n","protected":false},"excerpt":{"rendered":"","protected":false},"author":1,"featured_media":2131,"parent":0,"menu_order":0,"comment_status":"closed","ping_status":"closed","template":"templates\/contact-layout1.php","meta":[],"yoast_head":"<!-- This site is optimized with the Yoast SEO plugin v18.4 - https:\/\/yoast.com\/wordpress\/plugins\/seo\/ -->\n<title>Contact us - Tecphy<\/title>\n<meta name=\"robots\" content=\"index, follow, max-snippet:-1, max-image-preview:large, max-video-preview:-1\" \/>\n<link rel=\"canonical\" href=\"https:\/\/tecphy.ch\/contact_us\/\" \/>\n<meta property=\"og:locale\" content=\"en_US\" \/>\n<meta property=\"og:type\" content=\"article\" \/>\n<meta property=\"og:title\" content=\"Contact us - Tecphy\" \/>\n<meta property=\"og:url\" content=\"https:\/\/tecphy.ch\/contact_us\/\" \/>\n<meta property=\"og:site_name\" content=\"Tecphy\" \/>\n<meta property=\"article:modified_time\" content=\"2022-04-04T08:53:51+00:00\" \/>\n<meta property=\"og:image\" content=\"https:\/\/tecphy.ch\/wp-content\/uploads\/2021\/08\/couverture_pile-a-combustible.jpg\" \/>\n\t<meta property=\"og:image:width\" content=\"800\" \/>\n\t<meta property=\"og:image:height\" content=\"207\" \/>\n\t<meta property=\"og:image:type\" content=\"image\/jpeg\" \/>\n<meta name=\"twitter:card\" content=\"summary_large_image\" \/>\n<script type=\"application\/ld+json\" class=\"yoast-schema-graph\">{\"@context\":\"https:\/\/schema.org\",\"@graph\":[{\"@type\":\"Organization\",\"@id\":\"https:\/\/tecphy.ch\/#organization\",\"name\":\"Tecphy\",\"url\":\"https:\/\/tecphy.ch\/\",\"sameAs\":[\"https:\/\/www.linkedin.com\/company\/tecphy\/\"],\"logo\":{\"@type\":\"ImageObject\",\"@id\":\"https:\/\/tecphy.ch\/#logo\",\"inLanguage\":\"en-US\",\"url\":\"https:\/\/tecphy.ch\/wp-content\/uploads\/2022\/04\/LOGO_TECPHY_Var2.png\",\"contentUrl\":\"https:\/\/tecphy.ch\/wp-content\/uploads\/2022\/04\/LOGO_TECPHY_Var2.png\",\"width\":220,\"height\":87,\"caption\":\"Tecphy\"},\"image\":{\"@id\":\"https:\/\/tecphy.ch\/#logo\"}},{\"@type\":\"WebSite\",\"@id\":\"https:\/\/tecphy.ch\/#website\",\"url\":\"https:\/\/tecphy.ch\/\",\"name\":\"Tecphy\",\"description\":\"Energie renouvelable et hydrog\u00e8ne\",\"publisher\":{\"@id\":\"https:\/\/tecphy.ch\/#organization\"},\"potentialAction\":[{\"@type\":\"SearchAction\",\"target\":{\"@type\":\"EntryPoint\",\"urlTemplate\":\"https:\/\/tecphy.ch\/?s={search_term_string}\"},\"query-input\":\"required name=search_term_string\"}],\"inLanguage\":\"en-US\"},{\"@type\":\"ImageObject\",\"@id\":\"https:\/\/tecphy.ch\/contact_us\/#primaryimage\",\"inLanguage\":\"en-US\",\"url\":\"https:\/\/tecphy.ch\/wp-content\/uploads\/2021\/08\/couverture_pile-a-combustible.jpg\",\"contentUrl\":\"https:\/\/tecphy.ch\/wp-content\/uploads\/2021\/08\/couverture_pile-a-combustible.jpg\",\"width\":800,\"height\":207,\"caption\":\"Tecphy D\u00e9tail d'une pile \u00e0 combustible H2 - hydrog\u00e8ne\"},{\"@type\":\"WebPage\",\"@id\":\"https:\/\/tecphy.ch\/contact_us\/#webpage\",\"url\":\"https:\/\/tecphy.ch\/contact_us\/\",\"name\":\"Contact us - Tecphy\",\"isPartOf\":{\"@id\":\"https:\/\/tecphy.ch\/#website\"},\"primaryImageOfPage\":{\"@id\":\"https:\/\/tecphy.ch\/contact_us\/#primaryimage\"},\"datePublished\":\"2019-01-28T16:51:27+00:00\",\"dateModified\":\"2022-04-04T08:53:51+00:00\",\"breadcrumb\":{\"@id\":\"https:\/\/tecphy.ch\/contact_us\/#breadcrumb\"},\"inLanguage\":\"en-US\",\"potentialAction\":[{\"@type\":\"ReadAction\",\"target\":[\"https:\/\/tecphy.ch\/contact_us\/\"]}]},{\"@type\":\"BreadcrumbList\",\"@id\":\"https:\/\/tecphy.ch\/contact_us\/#breadcrumb\",\"itemListElement\":[{\"@type\":\"ListItem\",\"position\":1,\"name\":\"Accueil\",\"item\":\"https:\/\/tecphy.ch\/\"},{\"@type\":\"ListItem\",\"position\":2,\"name\":\"Nous contacter\"}]}]}<\/script>\n<!-- \/ Yoast SEO plugin. -->","yoast_head_json":{"title":"Contact us - Tecphy","robots":{"index":"index","follow":"follow","max-snippet":"max-snippet:-1","max-image-preview":"max-image-preview:large","max-video-preview":"max-video-preview:-1"},"canonical":"https:\/\/tecphy.ch\/contact_us\/","og_locale":"en_US","og_type":"article","og_title":"Contact us - Tecphy","og_url":"https:\/\/tecphy.ch\/contact_us\/","og_site_name":"Tecphy","article_modified_time":"2022-04-04T08:53:51+00:00","og_image":[{"width":800,"height":207,"url":"https:\/\/tecphy.ch\/wp-content\/uploads\/2021\/08\/couverture_pile-a-combustible.jpg","type":"image\/jpeg"}],"twitter_card":"summary_large_image","schema":{"@context":"https:\/\/schema.org","@graph":[{"@type":"Organization","@id":"https:\/\/tecphy.ch\/#organization","name":"Tecphy","url":"https:\/\/tecphy.ch\/","sameAs":["https:\/\/www.linkedin.com\/company\/tecphy\/"],"logo":{"@type":"ImageObject","@id":"https:\/\/tecphy.ch\/#logo","inLanguage":"en-US","url":"https:\/\/tecphy.ch\/wp-content\/uploads\/2022\/04\/LOGO_TECPHY_Var2.png","contentUrl":"https:\/\/tecphy.ch\/wp-content\/uploads\/2022\/04\/LOGO_TECPHY_Var2.png","width":220,"height":87,"caption":"Tecphy"},"image":{"@id":"https:\/\/tecphy.ch\/#logo"}},{"@type":"WebSite","@id":"https:\/\/tecphy.ch\/#website","url":"https:\/\/tecphy.ch\/","name":"Tecphy","description":"Energie renouvelable et hydrog\u00e8ne","publisher":{"@id":"https:\/\/tecphy.ch\/#organization"},"potentialAction":[{"@type":"SearchAction","target":{"@type":"EntryPoint","urlTemplate":"https:\/\/tecphy.ch\/?s={search_term_string}"},"query-input":"required name=search_term_string"}],"inLanguage":"en-US"},{"@type":"ImageObject","@id":"https:\/\/tecphy.ch\/contact_us\/#primaryimage","inLanguage":"en-US","url":"https:\/\/tecphy.ch\/wp-content\/uploads\/2021\/08\/couverture_pile-a-combustible.jpg","contentUrl":"https:\/\/tecphy.ch\/wp-content\/uploads\/2021\/08\/couverture_pile-a-combustible.jpg","width":800,"height":207,"caption":"Tecphy D\u00e9tail d'une pile \u00e0 combustible H2 - hydrog\u00e8ne"},{"@type":"WebPage","@id":"https:\/\/tecphy.ch\/contact_us\/#webpage","url":"https:\/\/tecphy.ch\/contact_us\/","name":"Contact us - Tecphy","isPartOf":{"@id":"https:\/\/tecphy.ch\/#website"},"primaryImageOfPage":{"@id":"https:\/\/tecphy.ch\/contact_us\/#primaryimage"},"datePublished":"2019-01-28T16:51:27+00:00","dateModified":"2022-04-04T08:53:51+00:00","breadcrumb":{"@id":"https:\/\/tecphy.ch\/contact_us\/#breadcrumb"},"inLanguage":"en-US","potentialAction":[{"@type":"ReadAction","target":["https:\/\/tecphy.ch\/contact_us\/"]}]},{"@type":"BreadcrumbList","@id":"https:\/\/tecphy.ch\/contact_us\/#breadcrumb","itemListElement":[{"@type":"ListItem","position":1,"name":"Accueil","item":"https:\/\/tecphy.ch\/"},{"@type":"ListItem","position":2,"name":"Nous contacter"}]}]}},"_links":{"self":[{"href":"https:\/\/tecphy.ch\/en\/wp-json\/wp\/v2\/pages\/187"}],"collection":[{"href":"https:\/\/tecphy.ch\/en\/wp-json\/wp\/v2\/pages"}],"about":[{"href":"https:\/\/tecphy.ch\/en\/wp-json\/wp\/v2\/types\/page"}],"author":[{"embeddable":true,"href":"https:\/\/tecphy.ch\/en\/wp-json\/wp\/v2\/users\/1"}],"replies":[{"embeddable":true,"href":"https:\/\/tecphy.ch\/en\/wp-json\/wp\/v2\/comments?post=187"}],"version-history":[{"count":13,"href":"https:\/\/tecphy.ch\/en\/wp-json\/wp\/v2\/pages\/187\/revisions"}],"predecessor-version":[{"id":2898,"href":"https:\/\/tecphy.ch\/en\/wp-json\/wp\/v2\/pages\/187\/revisions\/2898"}],"wp:featuredmedia":[{"embeddable":true,"href":"https:\/\/tecphy.ch\/en\/wp-json\/wp\/v2\/media\/2131"}],"wp:attachment":[{"href":"https:\/\/tecphy.ch\/en\/wp-json\/wp\/v2\/media?parent=187"}],"curies":[{"name":"wp","href":"https:\/\/api.w.org\/{rel}","templated":true}]}}