{"id":2349,"date":"2022-02-21T09:37:07","date_gmt":"2022-02-21T08:37:07","guid":{"rendered":"https:\/\/tecphy.ch\/?page_id=2349"},"modified":"2023-04-03T20:15:44","modified_gmt":"2023-04-03T18:15:44","slug":"glossaire-hydrogene","status":"publish","type":"page","link":"https:\/\/tecphy.ch\/en\/ressources\/glossaire-hydrogene\/","title":{"rendered":"(Fran\u00e7ais) Glossaire"},"content":{"rendered":"<p class=\"qtranxs-available-languages-message qtranxs-available-languages-message-en\">Sorry, this entry is only available in <a href=\"https:\/\/tecphy.ch\/fr\/wp-json\/wp\/v2\/pages\/2349\" class=\"qtranxs-available-language-link qtranxs-available-language-link-fr\" title=\"Fran\u00e7ais\">French<\/a>.<\/p>","protected":false},"excerpt":{"rendered":"<p>Sorry, this entry is only available in French.<\/p>\n","protected":false},"author":3,"featured_media":0,"parent":2188,"menu_order":0,"comment_status":"closed","ping_status":"closed","template":"templates\/page-fullwidth_template.php","meta":[],"yoast_head":"<!-- This site is optimized with the Yoast SEO plugin v18.4 - https:\/\/yoast.com\/wordpress\/plugins\/seo\/ -->\n<title>(Fran\u00e7ais) [Documentation] Glossaire de l&#039;hydrog\u00e8ne et du solaire - Tecphy<\/title>\n<meta name=\"description\" content=\"(Fran\u00e7ais) Hydrog\u00e8ne pour la mobilit\u00e9 et le b\u00e2timent, indicateurs et grandeurs physiques. Qu&#039;est ce que le LH2 ? D\u00e9finition EROI, \u00e9lectrolyse...\" \/>\n<meta name=\"robots\" content=\"index, follow, max-snippet:-1, max-image-preview:large, max-video-preview:-1\" \/>\n<link rel=\"canonical\" href=\"https:\/\/tecphy.ch\/ressources\/glossaire-hydrogene\/\" \/>\n<meta property=\"og:locale\" content=\"en_US\" \/>\n<meta property=\"og:type\" content=\"article\" \/>\n<meta property=\"og:title\" content=\"[:fr][Documentation] Glossaire de l&#039;hydrog\u00e8ne et du solaire - Tecphy [:]\" \/>\n<meta property=\"og:description\" content=\"{:fr}Hydrog\u00e8ne pour la mobilit\u00e9 et le b\u00e2timent, indicateurs et grandeurs physiques. Qu&#039;est ce que le LH2 ? D\u00e9finition EROI, \u00e9lectrolyse...{:}\" \/>\n<meta property=\"og:url\" content=\"https:\/\/tecphy.ch\/ressources\/glossaire-hydrogene\/\" \/>\n<meta property=\"og:site_name\" content=\"Tecphy\" \/>\n<meta property=\"article:modified_time\" content=\"2023-04-03T18:15:44+00:00\" \/>\n<meta property=\"og:image\" content=\"https:\/\/tecphy.ch\/wp-content\/uploads\/2021\/08\/couverture_pile-a-combustible-300x78.jpg\" \/>\n<meta name=\"twitter:card\" content=\"summary_large_image\" \/>\n<meta name=\"twitter:label1\" content=\"Est. reading time\" \/>\n\t<meta name=\"twitter:data1\" content=\"11 minutes\" \/>\n<script type=\"application\/ld+json\" class=\"yoast-schema-graph\">{\"@context\":\"https:\/\/schema.org\",\"@graph\":[{\"@type\":\"Organization\",\"@id\":\"https:\/\/tecphy.ch\/#organization\",\"name\":\"Tecphy\",\"url\":\"https:\/\/tecphy.ch\/\",\"sameAs\":[\"https:\/\/www.linkedin.com\/company\/tecphy\/\"],\"logo\":{\"@type\":\"ImageObject\",\"@id\":\"https:\/\/tecphy.ch\/#logo\",\"inLanguage\":\"en-US\",\"url\":\"https:\/\/tecphy.ch\/wp-content\/uploads\/2022\/04\/LOGO_TECPHY_Var2.png\",\"contentUrl\":\"https:\/\/tecphy.ch\/wp-content\/uploads\/2022\/04\/LOGO_TECPHY_Var2.png\",\"width\":220,\"height\":87,\"caption\":\"Tecphy\"},\"image\":{\"@id\":\"https:\/\/tecphy.ch\/#logo\"}},{\"@type\":\"WebSite\",\"@id\":\"https:\/\/tecphy.ch\/#website\",\"url\":\"https:\/\/tecphy.ch\/\",\"name\":\"Tecphy\",\"description\":\"Energie renouvelable et hydrog\u00e8ne\",\"publisher\":{\"@id\":\"https:\/\/tecphy.ch\/#organization\"},\"potentialAction\":[{\"@type\":\"SearchAction\",\"target\":{\"@type\":\"EntryPoint\",\"urlTemplate\":\"https:\/\/tecphy.ch\/?s={search_term_string}\"},\"query-input\":\"required name=search_term_string\"}],\"inLanguage\":\"en-US\"},{\"@type\":\"ImageObject\",\"@id\":\"https:\/\/tecphy.ch\/ressources\/glossaire-hydrogene\/#primaryimage\",\"inLanguage\":\"en-US\",\"url\":\"https:\/\/tecphy.ch\/wp-content\/uploads\/2021\/08\/couverture_pile-a-combustible.jpg\",\"contentUrl\":\"https:\/\/tecphy.ch\/wp-content\/uploads\/2021\/08\/couverture_pile-a-combustible.jpg\",\"width\":800,\"height\":207,\"caption\":\"Tecphy D\u00e9tail d'une pile \u00e0 combustible H2 - hydrog\u00e8ne\"},{\"@type\":\"WebPage\",\"@id\":\"https:\/\/tecphy.ch\/ressources\/glossaire-hydrogene\/#webpage\",\"url\":\"https:\/\/tecphy.ch\/ressources\/glossaire-hydrogene\/\",\"name\":\"[:fr][Documentation] Glossaire de l'hydrog\u00e8ne et du solaire - Tecphy [:]\",\"isPartOf\":{\"@id\":\"https:\/\/tecphy.ch\/#website\"},\"primaryImageOfPage\":{\"@id\":\"https:\/\/tecphy.ch\/ressources\/glossaire-hydrogene\/#primaryimage\"},\"datePublished\":\"2022-02-21T08:37:07+00:00\",\"dateModified\":\"2023-04-03T18:15:44+00:00\",\"description\":\"{:fr}Hydrog\u00e8ne pour la mobilit\u00e9 et le b\u00e2timent, indicateurs et grandeurs physiques. Qu'est ce que le LH2 ? D\u00e9finition EROI, \u00e9lectrolyse...{:}\",\"breadcrumb\":{\"@id\":\"https:\/\/tecphy.ch\/ressources\/glossaire-hydrogene\/#breadcrumb\"},\"inLanguage\":\"en-US\",\"potentialAction\":[{\"@type\":\"ReadAction\",\"target\":[\"https:\/\/tecphy.ch\/ressources\/glossaire-hydrogene\/\"]}]},{\"@type\":\"BreadcrumbList\",\"@id\":\"https:\/\/tecphy.ch\/ressources\/glossaire-hydrogene\/#breadcrumb\",\"itemListElement\":[{\"@type\":\"ListItem\",\"position\":1,\"name\":\"Accueil\",\"item\":\"https:\/\/tecphy.ch\/\"},{\"@type\":\"ListItem\",\"position\":2,\"name\":\"Ressources\",\"item\":\"https:\/\/tecphy.ch\/ressources\/\"},{\"@type\":\"ListItem\",\"position\":3,\"name\":\"Glossaire\"}]}]}<\/script>\n<!-- \/ Yoast SEO plugin. -->","yoast_head_json":{"title":"(Fran\u00e7ais) [Documentation] Glossaire de l'hydrog\u00e8ne et du solaire - Tecphy","description":"(Fran\u00e7ais) Hydrog\u00e8ne pour la mobilit\u00e9 et le b\u00e2timent, indicateurs et grandeurs physiques. Qu'est ce que le LH2 ? D\u00e9finition EROI, \u00e9lectrolyse...","robots":{"index":"index","follow":"follow","max-snippet":"max-snippet:-1","max-image-preview":"max-image-preview:large","max-video-preview":"max-video-preview:-1"},"canonical":"https:\/\/tecphy.ch\/ressources\/glossaire-hydrogene\/","og_locale":"en_US","og_type":"article","og_title":"[:fr][Documentation] Glossaire de l'hydrog\u00e8ne et du solaire - Tecphy [:]","og_description":"{:fr}Hydrog\u00e8ne pour la mobilit\u00e9 et le b\u00e2timent, indicateurs et grandeurs physiques. Qu'est ce que le LH2 ? D\u00e9finition EROI, \u00e9lectrolyse...{:}","og_url":"https:\/\/tecphy.ch\/ressources\/glossaire-hydrogene\/","og_site_name":"Tecphy","article_modified_time":"2023-04-03T18:15:44+00:00","og_image":[{"url":"https:\/\/tecphy.ch\/wp-content\/uploads\/2021\/08\/couverture_pile-a-combustible-300x78.jpg"}],"twitter_card":"summary_large_image","twitter_misc":{"Est. reading time":"11 minutes"},"schema":{"@context":"https:\/\/schema.org","@graph":[{"@type":"Organization","@id":"https:\/\/tecphy.ch\/#organization","name":"Tecphy","url":"https:\/\/tecphy.ch\/","sameAs":["https:\/\/www.linkedin.com\/company\/tecphy\/"],"logo":{"@type":"ImageObject","@id":"https:\/\/tecphy.ch\/#logo","inLanguage":"en-US","url":"https:\/\/tecphy.ch\/wp-content\/uploads\/2022\/04\/LOGO_TECPHY_Var2.png","contentUrl":"https:\/\/tecphy.ch\/wp-content\/uploads\/2022\/04\/LOGO_TECPHY_Var2.png","width":220,"height":87,"caption":"Tecphy"},"image":{"@id":"https:\/\/tecphy.ch\/#logo"}},{"@type":"WebSite","@id":"https:\/\/tecphy.ch\/#website","url":"https:\/\/tecphy.ch\/","name":"Tecphy","description":"Energie renouvelable et hydrog\u00e8ne","publisher":{"@id":"https:\/\/tecphy.ch\/#organization"},"potentialAction":[{"@type":"SearchAction","target":{"@type":"EntryPoint","urlTemplate":"https:\/\/tecphy.ch\/?s={search_term_string}"},"query-input":"required name=search_term_string"}],"inLanguage":"en-US"},{"@type":"ImageObject","@id":"https:\/\/tecphy.ch\/ressources\/glossaire-hydrogene\/#primaryimage","inLanguage":"en-US","url":"https:\/\/tecphy.ch\/wp-content\/uploads\/2021\/08\/couverture_pile-a-combustible.jpg","contentUrl":"https:\/\/tecphy.ch\/wp-content\/uploads\/2021\/08\/couverture_pile-a-combustible.jpg","width":800,"height":207,"caption":"Tecphy D\u00e9tail d'une pile \u00e0 combustible H2 - hydrog\u00e8ne"},{"@type":"WebPage","@id":"https:\/\/tecphy.ch\/ressources\/glossaire-hydrogene\/#webpage","url":"https:\/\/tecphy.ch\/ressources\/glossaire-hydrogene\/","name":"[:fr][Documentation] Glossaire de l'hydrog\u00e8ne et du solaire - Tecphy [:]","isPartOf":{"@id":"https:\/\/tecphy.ch\/#website"},"primaryImageOfPage":{"@id":"https:\/\/tecphy.ch\/ressources\/glossaire-hydrogene\/#primaryimage"},"datePublished":"2022-02-21T08:37:07+00:00","dateModified":"2023-04-03T18:15:44+00:00","description":"{:fr}Hydrog\u00e8ne pour la mobilit\u00e9 et le b\u00e2timent, indicateurs et grandeurs physiques. Qu'est ce que le LH2 ? D\u00e9finition EROI, \u00e9lectrolyse...{:}","breadcrumb":{"@id":"https:\/\/tecphy.ch\/ressources\/glossaire-hydrogene\/#breadcrumb"},"inLanguage":"en-US","potentialAction":[{"@type":"ReadAction","target":["https:\/\/tecphy.ch\/ressources\/glossaire-hydrogene\/"]}]},{"@type":"BreadcrumbList","@id":"https:\/\/tecphy.ch\/ressources\/glossaire-hydrogene\/#breadcrumb","itemListElement":[{"@type":"ListItem","position":1,"name":"Accueil","item":"https:\/\/tecphy.ch\/"},{"@type":"ListItem","position":2,"name":"Ressources","item":"https:\/\/tecphy.ch\/ressources\/"},{"@type":"ListItem","position":3,"name":"Glossaire"}]}]}},"_links":{"self":[{"href":"https:\/\/tecphy.ch\/en\/wp-json\/wp\/v2\/pages\/2349"}],"collection":[{"href":"https:\/\/tecphy.ch\/en\/wp-json\/wp\/v2\/pages"}],"about":[{"href":"https:\/\/tecphy.ch\/en\/wp-json\/wp\/v2\/types\/page"}],"author":[{"embeddable":true,"href":"https:\/\/tecphy.ch\/en\/wp-json\/wp\/v2\/users\/3"}],"replies":[{"embeddable":true,"href":"https:\/\/tecphy.ch\/en\/wp-json\/wp\/v2\/comments?post=2349"}],"version-history":[{"count":99,"href":"https:\/\/tecphy.ch\/en\/wp-json\/wp\/v2\/pages\/2349\/revisions"}],"predecessor-version":[{"id":4469,"href":"https:\/\/tecphy.ch\/en\/wp-json\/wp\/v2\/pages\/2349\/revisions\/4469"}],"up":[{"embeddable":true,"href":"https:\/\/tecphy.ch\/en\/wp-json\/wp\/v2\/pages\/2188"}],"wp:attachment":[{"href":"https:\/\/tecphy.ch\/en\/wp-json\/wp\/v2\/media?parent=2349"}],"curies":[{"name":"wp","href":"https:\/\/api.w.org\/{rel}","templated":true}]}}