{"id":42,"date":"2019-01-28T08:41:43","date_gmt":"2019-01-28T07:41:43","guid":{"rendered":"https:\/\/tecphy.ch\/?page_id=42"},"modified":"2022-04-07T16:42:04","modified_gmt":"2022-04-07T14:42:04","slug":"notre-proposition","status":"publish","type":"page","link":"https:\/\/tecphy.ch\/en\/notre-proposition\/","title":{"rendered":"Approach"},"content":{"rendered":"<p>Tecphy is an interdisciplinary engineering office active in the sectors of renewable energy, building, mobility and industry. The team is able to propose a large panel services from the design and concept to the final acceptance. We propose optimisations of dimensionning with the support of modeling and numerical simulations.\u00a0 Tackling the challenge of the &#8220;strat\u00e9gie \u00e9nerg\u00e9tique&#8221;, tecphy collaborates with other compagny&#8217;s and participes to the co-development and the industrialisation of cleantech products such as photovoltaics, storage of solar hydrogen and mobility solutions with hydrogen. Tecphy develops enegy codes and information systems and propose solutions for the monitoring and the control of energy systems.<\/p>\r\n<h2><strong>Interdisciplinarity<\/strong><\/h2>\r\n<p><!-- \/wp:heading --><\/p>\r\n<ul>\r\n<li>Renewable energies come together with energy efficiency and the reduction of consumption. They must be coupled with the other energy systems as well as the storage solutions such as electrochemical batteries and solar hydrogen.<\/li>\r\n<li>Global energy analysis, carbon foot print and primary energy,\u00a0 life cycle of analysis of materials, environmental indicators.<\/li>\r\n<\/ul>\r\n<h2><strong>Democratising technologies and solutions<br \/><\/strong><\/h2>\r\n<p><!-- \/wp:heading -->\r\n\r\n<!-- wp:paragraph --><\/p>\r\n<ul>\r\n<li>Consulting in innovative solutions, reliable with a demonstrated return on investment.<\/li>\r\n<li>These solutions must be accessible to many customers.<\/li>\r\n<\/ul>\r\n<h2>Independant consulting<\/h2>\r\n<p><!-- \/wp:heading --><\/p>\r\n<ul>\r\n<li>The proposed solutions suit the needs and the objectives of the client as a first priority.<\/li>\r\n<\/ul>\r\n<h2>Key Competences<\/h2>\r\n<ul>\r\n<li>Mastering new technologies : Photovoltaics BIPV,\u00a0 hydrogen storage, IT for energy.<\/li>\r\n<li>Modeling and numerical simulations of buildings and renewable energies.<\/li>\r\n<li>Energy retrofit of buildings with the integration of renewable energies.<\/li>\r\n<li>Energy monitoring, optimisation, implementation of information platforms.<\/li>\r\n<\/ul>","protected":false},"excerpt":{"rendered":"<p>Tecphy is an interdisciplinary engineering office active in the sectors of renewable energy, building, mobility and industry. The team is able to propose a large panel services from the design and concept to the final acceptance. We propose optimisations of dimensionning with the support of modeling and numerical simulations.\u00a0 Tackling the challenge of the &#8220;strat\u00e9gie<br \/><a class=\"moretag\" href=\"https:\/\/tecphy.ch\/en\/notre-proposition\/\">+ Read More<\/a><\/p>\n","protected":false},"author":1,"featured_media":2130,"parent":0,"menu_order":1,"comment_status":"closed","ping_status":"closed","template":"templates\/page-fullwidth_template.php","meta":[],"yoast_head":"<!-- This site is optimized with the Yoast SEO plugin v18.4 - https:\/\/yoast.com\/wordpress\/plugins\/seo\/ -->\n<title>Approach - Tecphy<\/title>\n<meta name=\"description\" content=\"En savoir plus sur les propositions du bureau d&#039;\u00e9tude ind\u00e9pendant Tecphy et sur ces comp\u00e9tences phares.\" \/>\n<meta name=\"robots\" content=\"index, follow, max-snippet:-1, max-image-preview:large, max-video-preview:-1\" \/>\n<link rel=\"canonical\" href=\"https:\/\/tecphy.ch\/notre-proposition\/\" \/>\n<meta property=\"og:locale\" content=\"en_US\" \/>\n<meta property=\"og:type\" content=\"article\" \/>\n<meta property=\"og:title\" content=\"Approach - Tecphy\" \/>\n<meta property=\"og:description\" content=\"En savoir plus sur les propositions du bureau d&#039;\u00e9tude ind\u00e9pendant Tecphy et sur ces comp\u00e9tences phares.\" \/>\n<meta property=\"og:url\" content=\"https:\/\/tecphy.ch\/notre-proposition\/\" \/>\n<meta property=\"og:site_name\" content=\"Tecphy\" \/>\n<meta property=\"article:modified_time\" content=\"2022-04-07T14:42:04+00:00\" \/>\n<meta property=\"og:image\" content=\"https:\/\/tecphy.ch\/wp-content\/uploads\/2021\/08\/couverture_bifacial.jpeg\" \/>\n\t<meta property=\"og:image:width\" content=\"1201\" \/>\n\t<meta property=\"og:image:height\" content=\"327\" \/>\n\t<meta property=\"og:image:type\" content=\"image\/jpeg\" \/>\n<meta name=\"twitter:card\" content=\"summary_large_image\" \/>\n<meta name=\"twitter:label1\" content=\"Est. reading time\" \/>\n\t<meta name=\"twitter:data1\" content=\"2 minutes\" \/>\n<script type=\"application\/ld+json\" class=\"yoast-schema-graph\">{\"@context\":\"https:\/\/schema.org\",\"@graph\":[{\"@type\":\"Organization\",\"@id\":\"https:\/\/tecphy.ch\/#organization\",\"name\":\"Tecphy\",\"url\":\"https:\/\/tecphy.ch\/\",\"sameAs\":[\"https:\/\/www.linkedin.com\/company\/tecphy\/\"],\"logo\":{\"@type\":\"ImageObject\",\"@id\":\"https:\/\/tecphy.ch\/#logo\",\"inLanguage\":\"en-US\",\"url\":\"https:\/\/tecphy.ch\/wp-content\/uploads\/2022\/04\/LOGO_TECPHY_Var2.png\",\"contentUrl\":\"https:\/\/tecphy.ch\/wp-content\/uploads\/2022\/04\/LOGO_TECPHY_Var2.png\",\"width\":220,\"height\":87,\"caption\":\"Tecphy\"},\"image\":{\"@id\":\"https:\/\/tecphy.ch\/#logo\"}},{\"@type\":\"WebSite\",\"@id\":\"https:\/\/tecphy.ch\/#website\",\"url\":\"https:\/\/tecphy.ch\/\",\"name\":\"Tecphy\",\"description\":\"Energie renouvelable et hydrog\u00e8ne\",\"publisher\":{\"@id\":\"https:\/\/tecphy.ch\/#organization\"},\"potentialAction\":[{\"@type\":\"SearchAction\",\"target\":{\"@type\":\"EntryPoint\",\"urlTemplate\":\"https:\/\/tecphy.ch\/?s={search_term_string}\"},\"query-input\":\"required name=search_term_string\"}],\"inLanguage\":\"en-US\"},{\"@type\":\"ImageObject\",\"@id\":\"https:\/\/tecphy.ch\/notre-proposition\/#primaryimage\",\"inLanguage\":\"en-US\",\"url\":\"https:\/\/tecphy.ch\/wp-content\/uploads\/2021\/08\/couverture_bifacial.jpeg\",\"contentUrl\":\"https:\/\/tecphy.ch\/wp-content\/uploads\/2021\/08\/couverture_bifacial.jpeg\",\"width\":1201,\"height\":327,\"caption\":\"Tecphy D\u00e9tail panneau solaire bifacial\"},{\"@type\":\"WebPage\",\"@id\":\"https:\/\/tecphy.ch\/notre-proposition\/#webpage\",\"url\":\"https:\/\/tecphy.ch\/notre-proposition\/\",\"name\":\"Approach - Tecphy\",\"isPartOf\":{\"@id\":\"https:\/\/tecphy.ch\/#website\"},\"primaryImageOfPage\":{\"@id\":\"https:\/\/tecphy.ch\/notre-proposition\/#primaryimage\"},\"datePublished\":\"2019-01-28T07:41:43+00:00\",\"dateModified\":\"2022-04-07T14:42:04+00:00\",\"description\":\"En savoir plus sur les propositions du bureau d'\u00e9tude ind\u00e9pendant Tecphy et sur ces comp\u00e9tences phares.\",\"breadcrumb\":{\"@id\":\"https:\/\/tecphy.ch\/notre-proposition\/#breadcrumb\"},\"inLanguage\":\"en-US\",\"potentialAction\":[{\"@type\":\"ReadAction\",\"target\":[\"https:\/\/tecphy.ch\/notre-proposition\/\"]}]},{\"@type\":\"BreadcrumbList\",\"@id\":\"https:\/\/tecphy.ch\/notre-proposition\/#breadcrumb\",\"itemListElement\":[{\"@type\":\"ListItem\",\"position\":1,\"name\":\"Accueil\",\"item\":\"https:\/\/tecphy.ch\/\"},{\"@type\":\"ListItem\",\"position\":2,\"name\":\"Notre Proposition\"}]}]}<\/script>\n<!-- \/ Yoast SEO plugin. -->","yoast_head_json":{"title":"Approach - Tecphy","description":"En savoir plus sur les propositions du bureau d'\u00e9tude ind\u00e9pendant Tecphy et sur ces comp\u00e9tences phares.","robots":{"index":"index","follow":"follow","max-snippet":"max-snippet:-1","max-image-preview":"max-image-preview:large","max-video-preview":"max-video-preview:-1"},"canonical":"https:\/\/tecphy.ch\/notre-proposition\/","og_locale":"en_US","og_type":"article","og_title":"Approach - Tecphy","og_description":"En savoir plus sur les propositions du bureau d'\u00e9tude ind\u00e9pendant Tecphy et sur ces comp\u00e9tences phares.","og_url":"https:\/\/tecphy.ch\/notre-proposition\/","og_site_name":"Tecphy","article_modified_time":"2022-04-07T14:42:04+00:00","og_image":[{"width":1201,"height":327,"url":"https:\/\/tecphy.ch\/wp-content\/uploads\/2021\/08\/couverture_bifacial.jpeg","type":"image\/jpeg"}],"twitter_card":"summary_large_image","twitter_misc":{"Est. reading time":"2 minutes"},"schema":{"@context":"https:\/\/schema.org","@graph":[{"@type":"Organization","@id":"https:\/\/tecphy.ch\/#organization","name":"Tecphy","url":"https:\/\/tecphy.ch\/","sameAs":["https:\/\/www.linkedin.com\/company\/tecphy\/"],"logo":{"@type":"ImageObject","@id":"https:\/\/tecphy.ch\/#logo","inLanguage":"en-US","url":"https:\/\/tecphy.ch\/wp-content\/uploads\/2022\/04\/LOGO_TECPHY_Var2.png","contentUrl":"https:\/\/tecphy.ch\/wp-content\/uploads\/2022\/04\/LOGO_TECPHY_Var2.png","width":220,"height":87,"caption":"Tecphy"},"image":{"@id":"https:\/\/tecphy.ch\/#logo"}},{"@type":"WebSite","@id":"https:\/\/tecphy.ch\/#website","url":"https:\/\/tecphy.ch\/","name":"Tecphy","description":"Energie renouvelable et hydrog\u00e8ne","publisher":{"@id":"https:\/\/tecphy.ch\/#organization"},"potentialAction":[{"@type":"SearchAction","target":{"@type":"EntryPoint","urlTemplate":"https:\/\/tecphy.ch\/?s={search_term_string}"},"query-input":"required name=search_term_string"}],"inLanguage":"en-US"},{"@type":"ImageObject","@id":"https:\/\/tecphy.ch\/notre-proposition\/#primaryimage","inLanguage":"en-US","url":"https:\/\/tecphy.ch\/wp-content\/uploads\/2021\/08\/couverture_bifacial.jpeg","contentUrl":"https:\/\/tecphy.ch\/wp-content\/uploads\/2021\/08\/couverture_bifacial.jpeg","width":1201,"height":327,"caption":"Tecphy D\u00e9tail panneau solaire bifacial"},{"@type":"WebPage","@id":"https:\/\/tecphy.ch\/notre-proposition\/#webpage","url":"https:\/\/tecphy.ch\/notre-proposition\/","name":"Approach - Tecphy","isPartOf":{"@id":"https:\/\/tecphy.ch\/#website"},"primaryImageOfPage":{"@id":"https:\/\/tecphy.ch\/notre-proposition\/#primaryimage"},"datePublished":"2019-01-28T07:41:43+00:00","dateModified":"2022-04-07T14:42:04+00:00","description":"En savoir plus sur les propositions du bureau d'\u00e9tude ind\u00e9pendant Tecphy et sur ces comp\u00e9tences phares.","breadcrumb":{"@id":"https:\/\/tecphy.ch\/notre-proposition\/#breadcrumb"},"inLanguage":"en-US","potentialAction":[{"@type":"ReadAction","target":["https:\/\/tecphy.ch\/notre-proposition\/"]}]},{"@type":"BreadcrumbList","@id":"https:\/\/tecphy.ch\/notre-proposition\/#breadcrumb","itemListElement":[{"@type":"ListItem","position":1,"name":"Accueil","item":"https:\/\/tecphy.ch\/"},{"@type":"ListItem","position":2,"name":"Notre Proposition"}]}]}},"_links":{"self":[{"href":"https:\/\/tecphy.ch\/en\/wp-json\/wp\/v2\/pages\/42"}],"collection":[{"href":"https:\/\/tecphy.ch\/en\/wp-json\/wp\/v2\/pages"}],"about":[{"href":"https:\/\/tecphy.ch\/en\/wp-json\/wp\/v2\/types\/page"}],"author":[{"embeddable":true,"href":"https:\/\/tecphy.ch\/en\/wp-json\/wp\/v2\/users\/1"}],"replies":[{"embeddable":true,"href":"https:\/\/tecphy.ch\/en\/wp-json\/wp\/v2\/comments?post=42"}],"version-history":[{"count":36,"href":"https:\/\/tecphy.ch\/en\/wp-json\/wp\/v2\/pages\/42\/revisions"}],"predecessor-version":[{"id":3040,"href":"https:\/\/tecphy.ch\/en\/wp-json\/wp\/v2\/pages\/42\/revisions\/3040"}],"wp:featuredmedia":[{"embeddable":true,"href":"https:\/\/tecphy.ch\/en\/wp-json\/wp\/v2\/media\/2130"}],"wp:attachment":[{"href":"https:\/\/tecphy.ch\/en\/wp-json\/wp\/v2\/media?parent=42"}],"curies":[{"name":"wp","href":"https:\/\/api.w.org\/{rel}","templated":true}]}}