{"id":439,"date":"2019-02-01T07:38:54","date_gmt":"2019-02-01T06:38:54","guid":{"rendered":"https:\/\/tecphy.ch\/?page_id=439"},"modified":"2022-04-07T18:02:15","modified_gmt":"2022-04-07T16:02:15","slug":"hydrogene-solaire","status":"publish","type":"page","link":"https:\/\/tecphy.ch\/en\/nos-domaines\/hydrogene-solaire\/","title":{"rendered":"Solar Hydrogen Stationnary"},"content":{"rendered":"<p style=\"text-align: center;\"><em>The hydrogen systems are hybrid systems which also comprise electrochemical batteries to cover power pics<\/em><\/p>\n<h3>Hydrogen produced by water electrolysis for the seasonal storage<\/h3>\n<p>Renewable energy such as wind and PV require an electrical storage because of their intermittence and the variable amount of produced energy with the seasons.<br \/>\nHydrogen is suitable for the seasonal storage with a high storage capacity in kWh (&gt; 300 kWh). It must be coupled with electrochemical batteries such as Lead, Lithium NMC, Titanate, Iron phosphate, Lead crystal \u2026 The battery can deliver enough instantaneous power in kW for the consumers and allow to smooth the intermittence of renewable energy. To be self-sufficient over the year, the electricity converted to hydrogen by electrolysis during the sunny season can be re-used with the help of fuel cells during the winter season. Self-sufficiency of the building as well as a drastic carbon emission reduction can be obtained thanks to the introduction of PV systems coupled with Hydrogen seasonal storage.<\/p>\n<p>The storage capacity to cover the energy coverage objective is\u00a0 roughly calculated with monthly balance and the final dimensioning must be obtained with hourly simulations.<\/p>\n<p>Simulations include the modeling of producers and consumers as well as metorological data : wind, irradiation, temperature&#8230; The optimimum dimensionning is based on forecast of power and energy as well as the other criteria : security, efficiency, return on investment<\/p>\n<div id=\"attachment_442\" style=\"width: 310px\" class=\"wp-caption aligncenter\"><img aria-describedby=\"caption-attachment-442\" loading=\"lazy\" class=\"wp-image-442 size-medium\" src=\"https:\/\/tecphy.ch\/wp-content\/uploads\/2019\/02\/Polysun_diagram-300x166.jpg\" alt=\"Schema d'une installation sur Polysun\" width=\"300\" height=\"166\" srcset=\"https:\/\/tecphy.ch\/wp-content\/uploads\/2019\/02\/Polysun_diagram-300x166.jpg 300w, https:\/\/tecphy.ch\/wp-content\/uploads\/2019\/02\/Polysun_diagram.jpg 586w\" sizes=\"(max-width: 300px) 100vw, 300px\" \/><p id=\"caption-attachment-442\" class=\"wp-caption-text\">Polysun simulation of building systems : PV, Storage &amp; consumers<\/p><\/div>\n<div id=\"attachment_443\" style=\"width: 310px\" class=\"wp-caption aligncenter\"><img aria-describedby=\"caption-attachment-443\" loading=\"lazy\" class=\"wp-image-443 size-medium\" src=\"https:\/\/tecphy.ch\/wp-content\/uploads\/2019\/02\/H2_cycles-300x152.jpg\" alt=\"Graphique polysun\" width=\"300\" height=\"152\" srcset=\"https:\/\/tecphy.ch\/wp-content\/uploads\/2019\/02\/H2_cycles-300x152.jpg 300w, https:\/\/tecphy.ch\/wp-content\/uploads\/2019\/02\/H2_cycles.jpg 605w\" sizes=\"(max-width: 300px) 100vw, 300px\" \/><p id=\"caption-attachment-443\" class=\"wp-caption-text\">Tecphy Codes : Simulations of the battery cycles and hydogen cycles produced by electrolysis<\/p><\/div>\n<ul>\n<li><a href=\"https:\/\/tecphy.ch\/wp-content\/uploads\/2019\/02\/2019_01_SolarHydrogenBuilding_AppNote_PhCOUTY.docx\">2019_01_SolarHydrogenBuilding_AppNote_PhCOUTY<\/a> <a href=\"https:\/\/tecphy.ch\/wp-content\/uploads\/2019\/02\/2019_01_SolarHydrogenBuilding_AppNote_PhCOUTY.pdf\">2019_01_SolarHydrogenBuilding_AppNote_PhCOUTY<\/a><\/li>\n<\/ul>\n<h3>Electrochemical battery for the fast storage<\/h3>\n<p>To have a self-sufficient building, an electrical building microgrid can be installed, comprising the Pv system, an electrochemical battery such as Lithium -NMC, Titanate, phosphate &#8230; Then algorithms allow to manage the energy flux in the building in an optimal way to maximize the self-consumption.<\/p>\n<div style=\"width: 310px\" class=\"wp-caption aligncenter\"><img loading=\"lazy\" class=\"wp-image-313 size-medium\" src=\"https:\/\/tecphy.ch\/wp-content\/uploads\/2019\/01\/Microgrid_exemple-1-300x175.jpg\" alt=\"\" width=\"300\" height=\"175\" srcset=\"https:\/\/tecphy.ch\/wp-content\/uploads\/2019\/01\/Microgrid_exemple-1-300x175.jpg 300w, https:\/\/tecphy.ch\/wp-content\/uploads\/2019\/01\/Microgrid_exemple-1-768x447.jpg 768w, https:\/\/tecphy.ch\/wp-content\/uploads\/2019\/01\/Microgrid_exemple-1-1024x596.jpg 1024w, https:\/\/tecphy.ch\/wp-content\/uploads\/2019\/01\/Microgrid_exemple-1.jpg 1248w\" sizes=\"(max-width: 300px) 100vw, 300px\" \/><p class=\"wp-caption-text\">Microgrid of a self-consuming\u00a0 building with secured loads<\/p><\/div>\n<p>A demonstrator of a self-sufficient building\u00a0 has been proposed by the Swiss Living Challenge<\/p>\n<ul>\n<li><a href=\"https:\/\/tecphy.ch\/wp-content\/uploads\/2019\/01\/B_1710_SLC.pdf\">B_1710_SLC<\/a><\/li>\n<li><a href=\"https:\/\/tecphy.ch\/wp-content\/uploads\/2019\/01\/Efficience21_N26_Maison_solaire.pdf\">Efficience21_N26_Maison_solaire<\/a><\/li>\n<li><a href=\"https:\/\/tecphy.ch\/wp-content\/uploads\/2019\/01\/ED-18-04-neighborhub-1.pdf\">ED 18 04 neighborhub<\/a><\/li>\n<\/ul>\n<p>&lt;a class=&#8221;servread&#8221; href=&#8221;https:\/\/tecphy.ch\/accueil__trashed\/contact_us\/&#8221;&gt;Ask a Quote \u2607&lt;\/a&gt;<\/p>\n\n<\/p>","protected":false},"excerpt":{"rendered":"<p>The hydrogen systems are hybrid systems which also comprise electrochemical batteries to cover power pics Hydrogen produced by water electrolysis for the seasonal storage Renewable energy such as wind and PV require an electrical storage because of their intermittence and the variable amount of produced energy with the seasons. Hydrogen is suitable for the seasonal<br \/><a class=\"moretag\" href=\"https:\/\/tecphy.ch\/en\/nos-domaines\/hydrogene-solaire\/\">+ Read More<\/a><\/p>\n","protected":false},"author":2,"featured_media":0,"parent":73,"menu_order":0,"comment_status":"closed","ping_status":"closed","template":"","meta":[],"yoast_head":"<!-- This site is optimized with the Yoast SEO plugin v18.4 - https:\/\/yoast.com\/wordpress\/plugins\/seo\/ -->\n<title>Solar Hydrogen Stationnary - Tecphy<\/title>\n<meta name=\"description\" content=\"(Fran\u00e7ais) Les \u00e9nergies renouvelables doivent faire appel au stockage et au pilotage. En savoir plus sur le couplage hydrog\u00e8ne \/ \u00e9nergie photovolta\u00efque.\" \/>\n<meta name=\"robots\" content=\"index, follow, max-snippet:-1, max-image-preview:large, max-video-preview:-1\" \/>\n<link rel=\"canonical\" href=\"https:\/\/tecphy.ch\/en\/nos-domaines\/hydrogene-solaire\/\" \/>\n<meta property=\"og:locale\" content=\"en_US\" \/>\n<meta property=\"og:type\" content=\"article\" \/>\n<meta property=\"og:title\" content=\"Solar Hydrogen Stationnary - Tecphy\" \/>\n<meta property=\"og:description\" content=\"(Fran\u00e7ais) Les \u00e9nergies renouvelables doivent faire appel au stockage et au pilotage. En savoir plus sur le couplage hydrog\u00e8ne \/ \u00e9nergie photovolta\u00efque.\" \/>\n<meta property=\"og:url\" content=\"https:\/\/tecphy.ch\/en\/nos-domaines\/hydrogene-solaire\/\" \/>\n<meta property=\"og:site_name\" content=\"Tecphy\" \/>\n<meta property=\"article:modified_time\" content=\"2022-04-07T16:02:15+00:00\" \/>\n<meta property=\"og:image\" content=\"https:\/\/tecphy.ch\/wp-content\/uploads\/2019\/02\/Polysun_diagram-300x166.jpg\" \/>\n<meta name=\"twitter:card\" content=\"summary_large_image\" \/>\n<meta name=\"twitter:label1\" content=\"Est. reading time\" \/>\n\t<meta name=\"twitter:data1\" content=\"3 minutes\" \/>\n<script type=\"application\/ld+json\" class=\"yoast-schema-graph\">{\"@context\":\"https:\/\/schema.org\",\"@graph\":[{\"@type\":\"Organization\",\"@id\":\"https:\/\/tecphy.ch\/#organization\",\"name\":\"Tecphy\",\"url\":\"https:\/\/tecphy.ch\/\",\"sameAs\":[\"https:\/\/www.linkedin.com\/company\/tecphy\/\"],\"logo\":{\"@type\":\"ImageObject\",\"@id\":\"https:\/\/tecphy.ch\/#logo\",\"inLanguage\":\"en-US\",\"url\":\"https:\/\/tecphy.ch\/wp-content\/uploads\/2022\/04\/LOGO_TECPHY_Var2.png\",\"contentUrl\":\"https:\/\/tecphy.ch\/wp-content\/uploads\/2022\/04\/LOGO_TECPHY_Var2.png\",\"width\":220,\"height\":87,\"caption\":\"Tecphy\"},\"image\":{\"@id\":\"https:\/\/tecphy.ch\/#logo\"}},{\"@type\":\"WebSite\",\"@id\":\"https:\/\/tecphy.ch\/#website\",\"url\":\"https:\/\/tecphy.ch\/\",\"name\":\"Tecphy\",\"description\":\"Energie renouvelable et hydrog\u00e8ne\",\"publisher\":{\"@id\":\"https:\/\/tecphy.ch\/#organization\"},\"potentialAction\":[{\"@type\":\"SearchAction\",\"target\":{\"@type\":\"EntryPoint\",\"urlTemplate\":\"https:\/\/tecphy.ch\/?s={search_term_string}\"},\"query-input\":\"required name=search_term_string\"}],\"inLanguage\":\"en-US\"},{\"@type\":\"ImageObject\",\"@id\":\"https:\/\/tecphy.ch\/en\/nos-domaines\/hydrogene-solaire\/#primaryimage\",\"inLanguage\":\"en-US\",\"url\":\"https:\/\/tecphy.ch\/wp-content\/uploads\/2019\/02\/Polysun_diagram.jpg\",\"contentUrl\":\"https:\/\/tecphy.ch\/wp-content\/uploads\/2019\/02\/Polysun_diagram.jpg\",\"width\":586,\"height\":325},{\"@type\":\"WebPage\",\"@id\":\"https:\/\/tecphy.ch\/en\/nos-domaines\/hydrogene-solaire\/#webpage\",\"url\":\"https:\/\/tecphy.ch\/en\/nos-domaines\/hydrogene-solaire\/\",\"name\":\"Solar Hydrogen Stationnary - Tecphy\",\"isPartOf\":{\"@id\":\"https:\/\/tecphy.ch\/#website\"},\"primaryImageOfPage\":{\"@id\":\"https:\/\/tecphy.ch\/en\/nos-domaines\/hydrogene-solaire\/#primaryimage\"},\"datePublished\":\"2019-02-01T06:38:54+00:00\",\"dateModified\":\"2022-04-07T16:02:15+00:00\",\"description\":\"(Fran\u00e7ais) Les \u00e9nergies renouvelables doivent faire appel au stockage et au pilotage. En savoir plus sur le couplage hydrog\u00e8ne \/ \u00e9nergie photovolta\u00efque.\",\"breadcrumb\":{\"@id\":\"https:\/\/tecphy.ch\/en\/nos-domaines\/hydrogene-solaire\/#breadcrumb\"},\"inLanguage\":\"en-US\",\"potentialAction\":[{\"@type\":\"ReadAction\",\"target\":[\"https:\/\/tecphy.ch\/en\/nos-domaines\/hydrogene-solaire\/\"]}]},{\"@type\":\"BreadcrumbList\",\"@id\":\"https:\/\/tecphy.ch\/en\/nos-domaines\/hydrogene-solaire\/#breadcrumb\",\"itemListElement\":[{\"@type\":\"ListItem\",\"position\":1,\"name\":\"Accueil\",\"item\":\"https:\/\/tecphy.ch\/\"},{\"@type\":\"ListItem\",\"position\":2,\"name\":\"Nos domaines d&#8217;intervention\",\"item\":\"https:\/\/tecphy.ch\/nos-domaines\/\"},{\"@type\":\"ListItem\",\"position\":3,\"name\":\"Solar Hydrogen Stationnary\"}]}]}<\/script>\n<!-- \/ Yoast SEO plugin. -->","yoast_head_json":{"title":"Solar Hydrogen Stationnary - Tecphy","description":"(Fran\u00e7ais) Les \u00e9nergies renouvelables doivent faire appel au stockage et au pilotage. En savoir plus sur le couplage hydrog\u00e8ne \/ \u00e9nergie photovolta\u00efque.","robots":{"index":"index","follow":"follow","max-snippet":"max-snippet:-1","max-image-preview":"max-image-preview:large","max-video-preview":"max-video-preview:-1"},"canonical":"https:\/\/tecphy.ch\/en\/nos-domaines\/hydrogene-solaire\/","og_locale":"en_US","og_type":"article","og_title":"Solar Hydrogen Stationnary - Tecphy","og_description":"(Fran\u00e7ais) Les \u00e9nergies renouvelables doivent faire appel au stockage et au pilotage. En savoir plus sur le couplage hydrog\u00e8ne \/ \u00e9nergie photovolta\u00efque.","og_url":"https:\/\/tecphy.ch\/en\/nos-domaines\/hydrogene-solaire\/","og_site_name":"Tecphy","article_modified_time":"2022-04-07T16:02:15+00:00","og_image":[{"url":"https:\/\/tecphy.ch\/wp-content\/uploads\/2019\/02\/Polysun_diagram-300x166.jpg"}],"twitter_card":"summary_large_image","twitter_misc":{"Est. reading time":"3 minutes"},"schema":{"@context":"https:\/\/schema.org","@graph":[{"@type":"Organization","@id":"https:\/\/tecphy.ch\/#organization","name":"Tecphy","url":"https:\/\/tecphy.ch\/","sameAs":["https:\/\/www.linkedin.com\/company\/tecphy\/"],"logo":{"@type":"ImageObject","@id":"https:\/\/tecphy.ch\/#logo","inLanguage":"en-US","url":"https:\/\/tecphy.ch\/wp-content\/uploads\/2022\/04\/LOGO_TECPHY_Var2.png","contentUrl":"https:\/\/tecphy.ch\/wp-content\/uploads\/2022\/04\/LOGO_TECPHY_Var2.png","width":220,"height":87,"caption":"Tecphy"},"image":{"@id":"https:\/\/tecphy.ch\/#logo"}},{"@type":"WebSite","@id":"https:\/\/tecphy.ch\/#website","url":"https:\/\/tecphy.ch\/","name":"Tecphy","description":"Energie renouvelable et hydrog\u00e8ne","publisher":{"@id":"https:\/\/tecphy.ch\/#organization"},"potentialAction":[{"@type":"SearchAction","target":{"@type":"EntryPoint","urlTemplate":"https:\/\/tecphy.ch\/?s={search_term_string}"},"query-input":"required name=search_term_string"}],"inLanguage":"en-US"},{"@type":"ImageObject","@id":"https:\/\/tecphy.ch\/en\/nos-domaines\/hydrogene-solaire\/#primaryimage","inLanguage":"en-US","url":"https:\/\/tecphy.ch\/wp-content\/uploads\/2019\/02\/Polysun_diagram.jpg","contentUrl":"https:\/\/tecphy.ch\/wp-content\/uploads\/2019\/02\/Polysun_diagram.jpg","width":586,"height":325},{"@type":"WebPage","@id":"https:\/\/tecphy.ch\/en\/nos-domaines\/hydrogene-solaire\/#webpage","url":"https:\/\/tecphy.ch\/en\/nos-domaines\/hydrogene-solaire\/","name":"Solar Hydrogen Stationnary - Tecphy","isPartOf":{"@id":"https:\/\/tecphy.ch\/#website"},"primaryImageOfPage":{"@id":"https:\/\/tecphy.ch\/en\/nos-domaines\/hydrogene-solaire\/#primaryimage"},"datePublished":"2019-02-01T06:38:54+00:00","dateModified":"2022-04-07T16:02:15+00:00","description":"(Fran\u00e7ais) Les \u00e9nergies renouvelables doivent faire appel au stockage et au pilotage. En savoir plus sur le couplage hydrog\u00e8ne \/ \u00e9nergie photovolta\u00efque.","breadcrumb":{"@id":"https:\/\/tecphy.ch\/en\/nos-domaines\/hydrogene-solaire\/#breadcrumb"},"inLanguage":"en-US","potentialAction":[{"@type":"ReadAction","target":["https:\/\/tecphy.ch\/en\/nos-domaines\/hydrogene-solaire\/"]}]},{"@type":"BreadcrumbList","@id":"https:\/\/tecphy.ch\/en\/nos-domaines\/hydrogene-solaire\/#breadcrumb","itemListElement":[{"@type":"ListItem","position":1,"name":"Accueil","item":"https:\/\/tecphy.ch\/"},{"@type":"ListItem","position":2,"name":"Nos domaines d&#8217;intervention","item":"https:\/\/tecphy.ch\/nos-domaines\/"},{"@type":"ListItem","position":3,"name":"Solar Hydrogen Stationnary"}]}]}},"_links":{"self":[{"href":"https:\/\/tecphy.ch\/en\/wp-json\/wp\/v2\/pages\/439"}],"collection":[{"href":"https:\/\/tecphy.ch\/en\/wp-json\/wp\/v2\/pages"}],"about":[{"href":"https:\/\/tecphy.ch\/en\/wp-json\/wp\/v2\/types\/page"}],"author":[{"embeddable":true,"href":"https:\/\/tecphy.ch\/en\/wp-json\/wp\/v2\/users\/2"}],"replies":[{"embeddable":true,"href":"https:\/\/tecphy.ch\/en\/wp-json\/wp\/v2\/comments?post=439"}],"version-history":[{"count":41,"href":"https:\/\/tecphy.ch\/en\/wp-json\/wp\/v2\/pages\/439\/revisions"}],"predecessor-version":[{"id":3065,"href":"https:\/\/tecphy.ch\/en\/wp-json\/wp\/v2\/pages\/439\/revisions\/3065"}],"up":[{"embeddable":true,"href":"https:\/\/tecphy.ch\/en\/wp-json\/wp\/v2\/pages\/73"}],"wp:attachment":[{"href":"https:\/\/tecphy.ch\/en\/wp-json\/wp\/v2\/media?parent=439"}],"curies":[{"name":"wp","href":"https:\/\/api.w.org\/{rel}","templated":true}]}}