{"id":4576,"date":"2023-08-19T16:24:58","date_gmt":"2023-08-19T14:24:58","guid":{"rendered":"https:\/\/tecphy.ch\/?page_id=4576"},"modified":"2023-08-19T16:38:49","modified_gmt":"2023-08-19T14:38:49","slug":"integration-industrielle-hydrogene-renouvelable","status":"publish","type":"page","link":"https:\/\/tecphy.ch\/en\/projets\/integration-industrielle-hydrogene-renouvelable\/","title":{"rendered":"(Fran\u00e7ais) Int\u00e9gration industrielle pour l&#8217;hydrog\u00e8ne renouvelable"},"content":{"rendered":"","protected":false},"excerpt":{"rendered":"","protected":false},"author":3,"featured_media":0,"parent":16,"menu_order":0,"comment_status":"closed","ping_status":"closed","template":"templates\/page-fullwidth_template.php","meta":[],"yoast_head":"<!-- This site is optimized with the Yoast SEO plugin v18.4 - https:\/\/yoast.com\/wordpress\/plugins\/seo\/ -->\n<title>(Fran\u00e7ais) Int\u00e9gration industrielle pour l&#039;hydrog\u00e8ne renouvelable - Tecphy<\/title>\n<meta name=\"description\" content=\"(Fran\u00e7ais) Installation \u00e0 l\u2019\u00e9chelle d\u2019un site industriel d\u2019une g\u00e9n\u00e9ratrice de secours et de soutien au r\u00e9seau aliment\u00e9e en hydrog\u00e8ne renouvelable.\" \/>\n<meta name=\"robots\" content=\"index, follow, max-snippet:-1, max-image-preview:large, max-video-preview:-1\" \/>\n<link rel=\"canonical\" href=\"https:\/\/tecphy.ch\/projets\/integration-industrielle-hydrogene-renouvelable\/\" \/>\n<meta property=\"og:locale\" content=\"en_US\" \/>\n<meta property=\"og:type\" content=\"article\" \/>\n<meta property=\"og:title\" content=\"(Fran\u00e7ais) Int\u00e9gration industrielle pour l&#039;hydrog\u00e8ne renouvelable - Tecphy\" \/>\n<meta property=\"og:description\" content=\"{:fr}Installation \u00e0 l\u2019\u00e9chelle d\u2019un site industriel d\u2019une g\u00e9n\u00e9ratrice de secours et de soutien au r\u00e9seau aliment\u00e9e en hydrog\u00e8ne renouvelable. {:}\" \/>\n<meta property=\"og:url\" content=\"https:\/\/tecphy.ch\/projets\/integration-industrielle-hydrogene-renouvelable\/\" \/>\n<meta property=\"og:site_name\" content=\"Tecphy\" \/>\n<meta property=\"article:modified_time\" content=\"2023-08-19T14:38:49+00:00\" \/>\n<meta property=\"og:image\" content=\"https:\/\/tecphy.ch\/wp-content\/uploads\/2023\/08\/H2_renouvelable_industrie.png\" \/>\n<meta name=\"twitter:card\" content=\"summary_large_image\" \/>\n<meta name=\"twitter:label1\" content=\"Est. reading time\" \/>\n\t<meta name=\"twitter:data1\" content=\"3 minutes\" \/>\n<script type=\"application\/ld+json\" class=\"yoast-schema-graph\">{\"@context\":\"https:\/\/schema.org\",\"@graph\":[{\"@type\":\"Organization\",\"@id\":\"https:\/\/tecphy.ch\/#organization\",\"name\":\"Tecphy\",\"url\":\"https:\/\/tecphy.ch\/\",\"sameAs\":[\"https:\/\/www.linkedin.com\/company\/tecphy\/\"],\"logo\":{\"@type\":\"ImageObject\",\"@id\":\"https:\/\/tecphy.ch\/#logo\",\"inLanguage\":\"en-US\",\"url\":\"https:\/\/tecphy.ch\/wp-content\/uploads\/2022\/04\/LOGO_TECPHY_Var2.png\",\"contentUrl\":\"https:\/\/tecphy.ch\/wp-content\/uploads\/2022\/04\/LOGO_TECPHY_Var2.png\",\"width\":220,\"height\":87,\"caption\":\"Tecphy\"},\"image\":{\"@id\":\"https:\/\/tecphy.ch\/#logo\"}},{\"@type\":\"WebSite\",\"@id\":\"https:\/\/tecphy.ch\/#website\",\"url\":\"https:\/\/tecphy.ch\/\",\"name\":\"Tecphy\",\"description\":\"Energie renouvelable et hydrog\u00e8ne\",\"publisher\":{\"@id\":\"https:\/\/tecphy.ch\/#organization\"},\"potentialAction\":[{\"@type\":\"SearchAction\",\"target\":{\"@type\":\"EntryPoint\",\"urlTemplate\":\"https:\/\/tecphy.ch\/?s={search_term_string}\"},\"query-input\":\"required name=search_term_string\"}],\"inLanguage\":\"en-US\"},{\"@type\":\"ImageObject\",\"@id\":\"https:\/\/tecphy.ch\/projets\/integration-industrielle-hydrogene-renouvelable\/#primaryimage\",\"inLanguage\":\"en-US\",\"url\":\"https:\/\/tecphy.ch\/wp-content\/uploads\/2023\/08\/H2_renouvelable_industrie.png\",\"contentUrl\":\"https:\/\/tecphy.ch\/wp-content\/uploads\/2023\/08\/H2_renouvelable_industrie.png\",\"width\":962,\"height\":644,\"caption\":\"L'hydrog\u00e8ne renouvelable port\u00e9 alimente la g\u00e9n\u00e9ratrice pour la production en cog\u00e9n\u00e9ration. L'\u00e9lectricit\u00e9 et la chaleur produites \u00e0 partir de l'hydrog\u00e8ne r\u00e9pondent aux besoins du site industriel pour le secours ou pour le lissage de pointes.\"},{\"@type\":\"WebPage\",\"@id\":\"https:\/\/tecphy.ch\/projets\/integration-industrielle-hydrogene-renouvelable\/#webpage\",\"url\":\"https:\/\/tecphy.ch\/projets\/integration-industrielle-hydrogene-renouvelable\/\",\"name\":\"(Fran\u00e7ais) Int\u00e9gration industrielle pour l'hydrog\u00e8ne renouvelable - Tecphy\",\"isPartOf\":{\"@id\":\"https:\/\/tecphy.ch\/#website\"},\"primaryImageOfPage\":{\"@id\":\"https:\/\/tecphy.ch\/projets\/integration-industrielle-hydrogene-renouvelable\/#primaryimage\"},\"datePublished\":\"2023-08-19T14:24:58+00:00\",\"dateModified\":\"2023-08-19T14:38:49+00:00\",\"description\":\"{:fr}Installation \u00e0 l\u2019\u00e9chelle d\u2019un site industriel d\u2019une g\u00e9n\u00e9ratrice de secours et de soutien au r\u00e9seau aliment\u00e9e en hydrog\u00e8ne renouvelable. {:}\",\"breadcrumb\":{\"@id\":\"https:\/\/tecphy.ch\/projets\/integration-industrielle-hydrogene-renouvelable\/#breadcrumb\"},\"inLanguage\":\"en-US\",\"potentialAction\":[{\"@type\":\"ReadAction\",\"target\":[\"https:\/\/tecphy.ch\/projets\/integration-industrielle-hydrogene-renouvelable\/\"]}]},{\"@type\":\"BreadcrumbList\",\"@id\":\"https:\/\/tecphy.ch\/projets\/integration-industrielle-hydrogene-renouvelable\/#breadcrumb\",\"itemListElement\":[{\"@type\":\"ListItem\",\"position\":1,\"name\":\"Accueil\",\"item\":\"https:\/\/tecphy.ch\/\"},{\"@type\":\"ListItem\",\"position\":2,\"name\":\"Projets\",\"item\":\"https:\/\/tecphy.ch\/projets\/\"},{\"@type\":\"ListItem\",\"position\":3,\"name\":\"Int\u00e9gration industrielle pour l&#8217;hydrog\u00e8ne renouvelable\"}]}]}<\/script>\n<!-- \/ Yoast SEO plugin. -->","yoast_head_json":{"title":"(Fran\u00e7ais) Int\u00e9gration industrielle pour l'hydrog\u00e8ne renouvelable - Tecphy","description":"(Fran\u00e7ais) Installation \u00e0 l\u2019\u00e9chelle d\u2019un site industriel d\u2019une g\u00e9n\u00e9ratrice de secours et de soutien au r\u00e9seau aliment\u00e9e en hydrog\u00e8ne renouvelable.","robots":{"index":"index","follow":"follow","max-snippet":"max-snippet:-1","max-image-preview":"max-image-preview:large","max-video-preview":"max-video-preview:-1"},"canonical":"https:\/\/tecphy.ch\/projets\/integration-industrielle-hydrogene-renouvelable\/","og_locale":"en_US","og_type":"article","og_title":"(Fran\u00e7ais) Int\u00e9gration industrielle pour l'hydrog\u00e8ne renouvelable - Tecphy","og_description":"{:fr}Installation \u00e0 l\u2019\u00e9chelle d\u2019un site industriel d\u2019une g\u00e9n\u00e9ratrice de secours et de soutien au r\u00e9seau aliment\u00e9e en hydrog\u00e8ne renouvelable. {:}","og_url":"https:\/\/tecphy.ch\/projets\/integration-industrielle-hydrogene-renouvelable\/","og_site_name":"Tecphy","article_modified_time":"2023-08-19T14:38:49+00:00","og_image":[{"url":"https:\/\/tecphy.ch\/wp-content\/uploads\/2023\/08\/H2_renouvelable_industrie.png"}],"twitter_card":"summary_large_image","twitter_misc":{"Est. reading time":"3 minutes"},"schema":{"@context":"https:\/\/schema.org","@graph":[{"@type":"Organization","@id":"https:\/\/tecphy.ch\/#organization","name":"Tecphy","url":"https:\/\/tecphy.ch\/","sameAs":["https:\/\/www.linkedin.com\/company\/tecphy\/"],"logo":{"@type":"ImageObject","@id":"https:\/\/tecphy.ch\/#logo","inLanguage":"en-US","url":"https:\/\/tecphy.ch\/wp-content\/uploads\/2022\/04\/LOGO_TECPHY_Var2.png","contentUrl":"https:\/\/tecphy.ch\/wp-content\/uploads\/2022\/04\/LOGO_TECPHY_Var2.png","width":220,"height":87,"caption":"Tecphy"},"image":{"@id":"https:\/\/tecphy.ch\/#logo"}},{"@type":"WebSite","@id":"https:\/\/tecphy.ch\/#website","url":"https:\/\/tecphy.ch\/","name":"Tecphy","description":"Energie renouvelable et hydrog\u00e8ne","publisher":{"@id":"https:\/\/tecphy.ch\/#organization"},"potentialAction":[{"@type":"SearchAction","target":{"@type":"EntryPoint","urlTemplate":"https:\/\/tecphy.ch\/?s={search_term_string}"},"query-input":"required name=search_term_string"}],"inLanguage":"en-US"},{"@type":"ImageObject","@id":"https:\/\/tecphy.ch\/projets\/integration-industrielle-hydrogene-renouvelable\/#primaryimage","inLanguage":"en-US","url":"https:\/\/tecphy.ch\/wp-content\/uploads\/2023\/08\/H2_renouvelable_industrie.png","contentUrl":"https:\/\/tecphy.ch\/wp-content\/uploads\/2023\/08\/H2_renouvelable_industrie.png","width":962,"height":644,"caption":"L'hydrog\u00e8ne renouvelable port\u00e9 alimente la g\u00e9n\u00e9ratrice pour la production en cog\u00e9n\u00e9ration. L'\u00e9lectricit\u00e9 et la chaleur produites \u00e0 partir de l'hydrog\u00e8ne r\u00e9pondent aux besoins du site industriel pour le secours ou pour le lissage de pointes."},{"@type":"WebPage","@id":"https:\/\/tecphy.ch\/projets\/integration-industrielle-hydrogene-renouvelable\/#webpage","url":"https:\/\/tecphy.ch\/projets\/integration-industrielle-hydrogene-renouvelable\/","name":"(Fran\u00e7ais) Int\u00e9gration industrielle pour l'hydrog\u00e8ne renouvelable - Tecphy","isPartOf":{"@id":"https:\/\/tecphy.ch\/#website"},"primaryImageOfPage":{"@id":"https:\/\/tecphy.ch\/projets\/integration-industrielle-hydrogene-renouvelable\/#primaryimage"},"datePublished":"2023-08-19T14:24:58+00:00","dateModified":"2023-08-19T14:38:49+00:00","description":"{:fr}Installation \u00e0 l\u2019\u00e9chelle d\u2019un site industriel d\u2019une g\u00e9n\u00e9ratrice de secours et de soutien au r\u00e9seau aliment\u00e9e en hydrog\u00e8ne renouvelable. {:}","breadcrumb":{"@id":"https:\/\/tecphy.ch\/projets\/integration-industrielle-hydrogene-renouvelable\/#breadcrumb"},"inLanguage":"en-US","potentialAction":[{"@type":"ReadAction","target":["https:\/\/tecphy.ch\/projets\/integration-industrielle-hydrogene-renouvelable\/"]}]},{"@type":"BreadcrumbList","@id":"https:\/\/tecphy.ch\/projets\/integration-industrielle-hydrogene-renouvelable\/#breadcrumb","itemListElement":[{"@type":"ListItem","position":1,"name":"Accueil","item":"https:\/\/tecphy.ch\/"},{"@type":"ListItem","position":2,"name":"Projets","item":"https:\/\/tecphy.ch\/projets\/"},{"@type":"ListItem","position":3,"name":"Int\u00e9gration industrielle pour l&#8217;hydrog\u00e8ne renouvelable"}]}]}},"_links":{"self":[{"href":"https:\/\/tecphy.ch\/en\/wp-json\/wp\/v2\/pages\/4576"}],"collection":[{"href":"https:\/\/tecphy.ch\/en\/wp-json\/wp\/v2\/pages"}],"about":[{"href":"https:\/\/tecphy.ch\/en\/wp-json\/wp\/v2\/types\/page"}],"author":[{"embeddable":true,"href":"https:\/\/tecphy.ch\/en\/wp-json\/wp\/v2\/users\/3"}],"replies":[{"embeddable":true,"href":"https:\/\/tecphy.ch\/en\/wp-json\/wp\/v2\/comments?post=4576"}],"version-history":[{"count":15,"href":"https:\/\/tecphy.ch\/en\/wp-json\/wp\/v2\/pages\/4576\/revisions"}],"predecessor-version":[{"id":4596,"href":"https:\/\/tecphy.ch\/en\/wp-json\/wp\/v2\/pages\/4576\/revisions\/4596"}],"up":[{"embeddable":true,"href":"https:\/\/tecphy.ch\/en\/wp-json\/wp\/v2\/pages\/16"}],"wp:attachment":[{"href":"https:\/\/tecphy.ch\/en\/wp-json\/wp\/v2\/media?parent=4576"}],"curies":[{"name":"wp","href":"https:\/\/api.w.org\/{rel}","templated":true}]}}