{"id":4657,"date":"2023-10-21T19:08:57","date_gmt":"2023-10-21T17:08:57","guid":{"rendered":"https:\/\/tecphy.ch\/?page_id=4657"},"modified":"2023-11-16T21:05:38","modified_gmt":"2023-11-16T20:05:38","slug":"production-dhydrogene-avec-photovoltaique","status":"publish","type":"page","link":"https:\/\/tecphy.ch\/en\/production-dhydrogene-avec-photovoltaique\/","title":{"rendered":"(Fran\u00e7ais) Production d&#8217;hydrog\u00e8ne avec Photovolta\u00efque"},"content":{"rendered":"<p class=\"qtranxs-available-languages-message qtranxs-available-languages-message-en\">Sorry, this entry is only available in <a href=\"https:\/\/tecphy.ch\/fr\/wp-json\/wp\/v2\/pages\/4657\" class=\"qtranxs-available-language-link qtranxs-available-language-link-fr\" title=\"Fran\u00e7ais\">French<\/a>.<\/p>","protected":false},"excerpt":{"rendered":"<p>Sorry, this entry is only available in French.<\/p>\n","protected":false},"author":1,"featured_media":4659,"parent":0,"menu_order":0,"comment_status":"closed","ping_status":"closed","template":"","meta":[],"yoast_head":"<!-- This site is optimized with the Yoast SEO plugin v18.4 - https:\/\/yoast.com\/wordpress\/plugins\/seo\/ -->\n<title>(Fran\u00e7ais) Production d&#039;hydrog\u00e8ne avec Photovolta\u00efque - Tecphy<\/title>\n<meta name=\"description\" content=\"(Fran\u00e7ais) Production d&#039;hydrog\u00e8ne et stockage avec photovolta\u00efque sur un b\u00e2timent. Cog\u00e9n\u00e9ration \u00e9lectricit\u00e9 et chaleur avec un \u00e9lectrolyseur.\" \/>\n<meta name=\"robots\" content=\"index, follow, max-snippet:-1, max-image-preview:large, max-video-preview:-1\" \/>\n<link rel=\"canonical\" href=\"https:\/\/tecphy.ch\/production-dhydrogene-avec-photovoltaique\/\" \/>\n<meta property=\"og:locale\" content=\"en_US\" \/>\n<meta property=\"og:type\" content=\"article\" \/>\n<meta property=\"og:title\" content=\"(Fran\u00e7ais) Production d&#039;hydrog\u00e8ne avec Photovolta\u00efque - Tecphy\" \/>\n<meta property=\"og:description\" content=\"{:fr}Production d&#039;hydrog\u00e8ne et stockage avec photovolta\u00efque sur un b\u00e2timent. Cog\u00e9n\u00e9ration \u00e9lectricit\u00e9 et chaleur avec un \u00e9lectrolyseur.{:}\" \/>\n<meta property=\"og:url\" content=\"https:\/\/tecphy.ch\/production-dhydrogene-avec-photovoltaique\/\" \/>\n<meta property=\"og:site_name\" content=\"Tecphy\" \/>\n<meta property=\"article:modified_time\" content=\"2023-11-16T20:05:38+00:00\" \/>\n<meta property=\"og:image\" content=\"https:\/\/tecphy.ch\/wp-content\/uploads\/2023\/10\/PVsyst3D.jpg\" \/>\n\t<meta property=\"og:image:width\" content=\"635\" \/>\n\t<meta property=\"og:image:height\" content=\"335\" \/>\n\t<meta property=\"og:image:type\" content=\"image\/jpeg\" \/>\n<meta name=\"twitter:card\" content=\"summary_large_image\" \/>\n<meta name=\"twitter:label1\" content=\"Est. reading time\" \/>\n\t<meta name=\"twitter:data1\" content=\"5 minutes\" \/>\n<script type=\"application\/ld+json\" class=\"yoast-schema-graph\">{\"@context\":\"https:\/\/schema.org\",\"@graph\":[{\"@type\":\"Organization\",\"@id\":\"https:\/\/tecphy.ch\/#organization\",\"name\":\"Tecphy\",\"url\":\"https:\/\/tecphy.ch\/\",\"sameAs\":[\"https:\/\/www.linkedin.com\/company\/tecphy\/\"],\"logo\":{\"@type\":\"ImageObject\",\"@id\":\"https:\/\/tecphy.ch\/#logo\",\"inLanguage\":\"en-US\",\"url\":\"https:\/\/tecphy.ch\/wp-content\/uploads\/2022\/04\/LOGO_TECPHY_Var2.png\",\"contentUrl\":\"https:\/\/tecphy.ch\/wp-content\/uploads\/2022\/04\/LOGO_TECPHY_Var2.png\",\"width\":220,\"height\":87,\"caption\":\"Tecphy\"},\"image\":{\"@id\":\"https:\/\/tecphy.ch\/#logo\"}},{\"@type\":\"WebSite\",\"@id\":\"https:\/\/tecphy.ch\/#website\",\"url\":\"https:\/\/tecphy.ch\/\",\"name\":\"Tecphy\",\"description\":\"Energie renouvelable et hydrog\u00e8ne\",\"publisher\":{\"@id\":\"https:\/\/tecphy.ch\/#organization\"},\"potentialAction\":[{\"@type\":\"SearchAction\",\"target\":{\"@type\":\"EntryPoint\",\"urlTemplate\":\"https:\/\/tecphy.ch\/?s={search_term_string}\"},\"query-input\":\"required name=search_term_string\"}],\"inLanguage\":\"en-US\"},{\"@type\":\"ImageObject\",\"@id\":\"https:\/\/tecphy.ch\/production-dhydrogene-avec-photovoltaique\/#primaryimage\",\"inLanguage\":\"en-US\",\"url\":\"https:\/\/tecphy.ch\/wp-content\/uploads\/2023\/10\/PVsyst3D.jpg\",\"contentUrl\":\"https:\/\/tecphy.ch\/wp-content\/uploads\/2023\/10\/PVsyst3D.jpg\",\"width\":635,\"height\":335},{\"@type\":\"WebPage\",\"@id\":\"https:\/\/tecphy.ch\/production-dhydrogene-avec-photovoltaique\/#webpage\",\"url\":\"https:\/\/tecphy.ch\/production-dhydrogene-avec-photovoltaique\/\",\"name\":\"(Fran\u00e7ais) Production d'hydrog\u00e8ne avec Photovolta\u00efque - Tecphy\",\"isPartOf\":{\"@id\":\"https:\/\/tecphy.ch\/#website\"},\"primaryImageOfPage\":{\"@id\":\"https:\/\/tecphy.ch\/production-dhydrogene-avec-photovoltaique\/#primaryimage\"},\"datePublished\":\"2023-10-21T17:08:57+00:00\",\"dateModified\":\"2023-11-16T20:05:38+00:00\",\"description\":\"{:fr}Production d'hydrog\u00e8ne et stockage avec photovolta\u00efque sur un b\u00e2timent. Cog\u00e9n\u00e9ration \u00e9lectricit\u00e9 et chaleur avec un \u00e9lectrolyseur.{:}\",\"breadcrumb\":{\"@id\":\"https:\/\/tecphy.ch\/production-dhydrogene-avec-photovoltaique\/#breadcrumb\"},\"inLanguage\":\"en-US\",\"potentialAction\":[{\"@type\":\"ReadAction\",\"target\":[\"https:\/\/tecphy.ch\/production-dhydrogene-avec-photovoltaique\/\"]}]},{\"@type\":\"BreadcrumbList\",\"@id\":\"https:\/\/tecphy.ch\/production-dhydrogene-avec-photovoltaique\/#breadcrumb\",\"itemListElement\":[{\"@type\":\"ListItem\",\"position\":1,\"name\":\"Accueil\",\"item\":\"https:\/\/tecphy.ch\/\"},{\"@type\":\"ListItem\",\"position\":2,\"name\":\"Production d&#8217;hydrog\u00e8ne avec Photovolta\u00efque\"}]}]}<\/script>\n<!-- \/ Yoast SEO plugin. -->","yoast_head_json":{"title":"(Fran\u00e7ais) Production d'hydrog\u00e8ne avec Photovolta\u00efque - Tecphy","description":"(Fran\u00e7ais) Production d'hydrog\u00e8ne et stockage avec photovolta\u00efque sur un b\u00e2timent. Cog\u00e9n\u00e9ration \u00e9lectricit\u00e9 et chaleur avec un \u00e9lectrolyseur.","robots":{"index":"index","follow":"follow","max-snippet":"max-snippet:-1","max-image-preview":"max-image-preview:large","max-video-preview":"max-video-preview:-1"},"canonical":"https:\/\/tecphy.ch\/production-dhydrogene-avec-photovoltaique\/","og_locale":"en_US","og_type":"article","og_title":"(Fran\u00e7ais) Production d'hydrog\u00e8ne avec Photovolta\u00efque - Tecphy","og_description":"{:fr}Production d'hydrog\u00e8ne et stockage avec photovolta\u00efque sur un b\u00e2timent. Cog\u00e9n\u00e9ration \u00e9lectricit\u00e9 et chaleur avec un \u00e9lectrolyseur.{:}","og_url":"https:\/\/tecphy.ch\/production-dhydrogene-avec-photovoltaique\/","og_site_name":"Tecphy","article_modified_time":"2023-11-16T20:05:38+00:00","og_image":[{"width":635,"height":335,"url":"https:\/\/tecphy.ch\/wp-content\/uploads\/2023\/10\/PVsyst3D.jpg","type":"image\/jpeg"}],"twitter_card":"summary_large_image","twitter_misc":{"Est. reading time":"5 minutes"},"schema":{"@context":"https:\/\/schema.org","@graph":[{"@type":"Organization","@id":"https:\/\/tecphy.ch\/#organization","name":"Tecphy","url":"https:\/\/tecphy.ch\/","sameAs":["https:\/\/www.linkedin.com\/company\/tecphy\/"],"logo":{"@type":"ImageObject","@id":"https:\/\/tecphy.ch\/#logo","inLanguage":"en-US","url":"https:\/\/tecphy.ch\/wp-content\/uploads\/2022\/04\/LOGO_TECPHY_Var2.png","contentUrl":"https:\/\/tecphy.ch\/wp-content\/uploads\/2022\/04\/LOGO_TECPHY_Var2.png","width":220,"height":87,"caption":"Tecphy"},"image":{"@id":"https:\/\/tecphy.ch\/#logo"}},{"@type":"WebSite","@id":"https:\/\/tecphy.ch\/#website","url":"https:\/\/tecphy.ch\/","name":"Tecphy","description":"Energie renouvelable et hydrog\u00e8ne","publisher":{"@id":"https:\/\/tecphy.ch\/#organization"},"potentialAction":[{"@type":"SearchAction","target":{"@type":"EntryPoint","urlTemplate":"https:\/\/tecphy.ch\/?s={search_term_string}"},"query-input":"required name=search_term_string"}],"inLanguage":"en-US"},{"@type":"ImageObject","@id":"https:\/\/tecphy.ch\/production-dhydrogene-avec-photovoltaique\/#primaryimage","inLanguage":"en-US","url":"https:\/\/tecphy.ch\/wp-content\/uploads\/2023\/10\/PVsyst3D.jpg","contentUrl":"https:\/\/tecphy.ch\/wp-content\/uploads\/2023\/10\/PVsyst3D.jpg","width":635,"height":335},{"@type":"WebPage","@id":"https:\/\/tecphy.ch\/production-dhydrogene-avec-photovoltaique\/#webpage","url":"https:\/\/tecphy.ch\/production-dhydrogene-avec-photovoltaique\/","name":"(Fran\u00e7ais) Production d'hydrog\u00e8ne avec Photovolta\u00efque - Tecphy","isPartOf":{"@id":"https:\/\/tecphy.ch\/#website"},"primaryImageOfPage":{"@id":"https:\/\/tecphy.ch\/production-dhydrogene-avec-photovoltaique\/#primaryimage"},"datePublished":"2023-10-21T17:08:57+00:00","dateModified":"2023-11-16T20:05:38+00:00","description":"{:fr}Production d'hydrog\u00e8ne et stockage avec photovolta\u00efque sur un b\u00e2timent. Cog\u00e9n\u00e9ration \u00e9lectricit\u00e9 et chaleur avec un \u00e9lectrolyseur.{:}","breadcrumb":{"@id":"https:\/\/tecphy.ch\/production-dhydrogene-avec-photovoltaique\/#breadcrumb"},"inLanguage":"en-US","potentialAction":[{"@type":"ReadAction","target":["https:\/\/tecphy.ch\/production-dhydrogene-avec-photovoltaique\/"]}]},{"@type":"BreadcrumbList","@id":"https:\/\/tecphy.ch\/production-dhydrogene-avec-photovoltaique\/#breadcrumb","itemListElement":[{"@type":"ListItem","position":1,"name":"Accueil","item":"https:\/\/tecphy.ch\/"},{"@type":"ListItem","position":2,"name":"Production d&#8217;hydrog\u00e8ne avec Photovolta\u00efque"}]}]}},"_links":{"self":[{"href":"https:\/\/tecphy.ch\/en\/wp-json\/wp\/v2\/pages\/4657"}],"collection":[{"href":"https:\/\/tecphy.ch\/en\/wp-json\/wp\/v2\/pages"}],"about":[{"href":"https:\/\/tecphy.ch\/en\/wp-json\/wp\/v2\/types\/page"}],"author":[{"embeddable":true,"href":"https:\/\/tecphy.ch\/en\/wp-json\/wp\/v2\/users\/1"}],"replies":[{"embeddable":true,"href":"https:\/\/tecphy.ch\/en\/wp-json\/wp\/v2\/comments?post=4657"}],"version-history":[{"count":16,"href":"https:\/\/tecphy.ch\/en\/wp-json\/wp\/v2\/pages\/4657\/revisions"}],"predecessor-version":[{"id":4760,"href":"https:\/\/tecphy.ch\/en\/wp-json\/wp\/v2\/pages\/4657\/revisions\/4760"}],"wp:featuredmedia":[{"embeddable":true,"href":"https:\/\/tecphy.ch\/en\/wp-json\/wp\/v2\/media\/4659"}],"wp:attachment":[{"href":"https:\/\/tecphy.ch\/en\/wp-json\/wp\/v2\/media?parent=4657"}],"curies":[{"name":"wp","href":"https:\/\/api.w.org\/{rel}","templated":true}]}}