{"id":689,"date":"2019-02-08T08:50:45","date_gmt":"2019-02-08T07:50:45","guid":{"rendered":"https:\/\/tecphy.ch\/?page_id=689"},"modified":"2023-10-26T16:17:47","modified_gmt":"2023-10-26T14:17:47","slug":"energy_storage","status":"publish","type":"page","link":"https:\/\/tecphy.ch\/en\/nos-services\/energy_storage\/","title":{"rendered":"Energy and storage"},"content":{"rendered":"<h3><strong>Storage to compensate the intermittency of renewable<\/strong><\/h3>\n<p>Renewable energies such as wind and PV require electrical storage because they are intermitent or the available energy production is varying with the season. The storage capacity to target sufficient energy coverage of consumers are roughly estimated by monthly balance but the final dimensioning require hourly simulations. These simulations include the modelling of producers and consumers as well as powerplants with the meteorological data as inputs : wind, irradiation, temperature. The optimum dimensioning is based on power and energy exchanged with the storage and other criteria must be taken into account : safety, energy efficiency and return on investment.<\/p>\n<p>Tecphy proposes offers at different phases of the project.<\/p>\n<p style=\"text-align: center;\"><a href=\"https:\/\/tecphy.ch\/accueil__trashed\/contact_us\/\">Ask a quote\u2607<\/a><\/p>\n<h3>Schematic design phase of a storage project<\/h3>\n<ol>\n<li>Definition of the customer objectives : self-consumption, partial or complete autarcie, electrical mobility<\/li>\n<li>Analysis of the consumers (ex : building systems with heat needs) and expected production potential\u00a0 surfaces for PV<\/li>\n<li>Calculation of storage needs : monthly balance PV production\u00a0 &#8211; consumption to determine overall storage potential and relevance, re-adjusting of the production by adding PV ( ex : identify suitable BIPV products)<\/li>\n<li>Feasability of storage : pressure, dimensions, ventilation, eventually external\u00a0 green Hydrogen feeding considering the road access constrains<\/li>\n<li>Hourly simulations for the dimensioning of power and energy<\/li>\n<li>Sharing between electrochemical battery and hydrogen storages capacities<\/li>\n<li>Final dimensioning targeting the customer objectives<\/li>\n<\/ol>\n<h3>Development design phase<\/h3>\n<ol>\n<li>Build specifications for suppliers and integrators<\/li>\n<li>Analysis of solutions : best matching between quote and specifications, reliability of technologies and suppliers, building integration , security, cost<\/li>\n<li>Compliancy with norms, analysis of the P&amp;ID (Hydrogen gas circuit &#8230; )<\/li>\n<li>Purchasing support<\/li>\n<\/ol>\n<h3>Fabrication follow-up<\/h3>\n<ol>\n<li>Mechanical, electricity, telecom<\/li>\n<li>Site preparation towards integration<\/li>\n<\/ol>\n<h3>Installation and commissioning<\/h3>\n<ol>\n<li>Coordination HVAC and safety<\/li>\n<li>\u00a0Energy management,\u00a0 algorithms<\/li>\n<li>Interface and domotic<\/li>\n<li>Final acceptance<\/li>\n<li>Delivery to customer<\/li>\n<\/ol>\n<h3>Publication associ\u00e9e :<\/h3>\n<ul>\n<li><a href=\"https:\/\/tecphy.ch\/wp-content\/uploads\/2019\/02\/2019_01_SolarHydrogenBuilding_AppNote_PhCOUTY.docx\">2019_01_SolarHydrogenBuilding_AppNote_PhCOUTY<\/a><\/li>\n<\/ul>","protected":false},"excerpt":{"rendered":"<p>Storage to compensate the intermittency of renewable Renewable energies such as wind and PV require electrical storage because they are intermitent or the available energy production is varying with the season. The storage capacity to target sufficient energy coverage of consumers are roughly estimated by monthly balance but the final dimensioning require hourly simulations. These<br \/><a class=\"moretag\" href=\"https:\/\/tecphy.ch\/en\/nos-services\/energy_storage\/\">+ Read More<\/a><\/p>\n","protected":false},"author":2,"featured_media":2007,"parent":83,"menu_order":0,"comment_status":"closed","ping_status":"closed","template":"","meta":[],"yoast_head":"<!-- This site is optimized with the Yoast SEO plugin v18.4 - https:\/\/yoast.com\/wordpress\/plugins\/seo\/ -->\n<title>Energy and storage - Tecphy<\/title>\n<meta name=\"description\" content=\"Le stockage pour compenser l\u2019intermittence de l&#039;\u00e9nergie renouvelable et all\u00e9ger le r\u00e9seau.\" \/>\n<meta name=\"robots\" content=\"index, follow, max-snippet:-1, max-image-preview:large, max-video-preview:-1\" \/>\n<link rel=\"canonical\" href=\"https:\/\/tecphy.ch\/nos-services\/energy_storage\/\" \/>\n<meta property=\"og:locale\" content=\"en_US\" \/>\n<meta property=\"og:type\" content=\"article\" \/>\n<meta property=\"og:title\" content=\"Energy and storage - Tecphy\" \/>\n<meta property=\"og:description\" content=\"Le stockage pour compenser l\u2019intermittence de l&#039;\u00e9nergie renouvelable et all\u00e9ger le r\u00e9seau.\" \/>\n<meta property=\"og:url\" content=\"https:\/\/tecphy.ch\/nos-services\/energy_storage\/\" \/>\n<meta property=\"og:site_name\" content=\"Tecphy\" \/>\n<meta property=\"article:modified_time\" content=\"2023-10-26T14:17:47+00:00\" \/>\n<meta property=\"og:image\" content=\"https:\/\/tecphy.ch\/wp-content\/uploads\/2021\/08\/fond_courbes_couverture-1.png\" \/>\n\t<meta property=\"og:image:width\" content=\"1920\" \/>\n\t<meta property=\"og:image:height\" content=\"714\" \/>\n\t<meta property=\"og:image:type\" content=\"image\/png\" \/>\n<meta name=\"twitter:card\" content=\"summary_large_image\" \/>\n<meta name=\"twitter:label1\" content=\"Est. reading time\" \/>\n\t<meta name=\"twitter:data1\" content=\"2 minutes\" \/>\n<script type=\"application\/ld+json\" class=\"yoast-schema-graph\">{\"@context\":\"https:\/\/schema.org\",\"@graph\":[{\"@type\":\"Organization\",\"@id\":\"https:\/\/tecphy.ch\/#organization\",\"name\":\"Tecphy\",\"url\":\"https:\/\/tecphy.ch\/\",\"sameAs\":[\"https:\/\/www.linkedin.com\/company\/tecphy\/\"],\"logo\":{\"@type\":\"ImageObject\",\"@id\":\"https:\/\/tecphy.ch\/#logo\",\"inLanguage\":\"en-US\",\"url\":\"https:\/\/tecphy.ch\/wp-content\/uploads\/2022\/04\/LOGO_TECPHY_Var2.png\",\"contentUrl\":\"https:\/\/tecphy.ch\/wp-content\/uploads\/2022\/04\/LOGO_TECPHY_Var2.png\",\"width\":220,\"height\":87,\"caption\":\"Tecphy\"},\"image\":{\"@id\":\"https:\/\/tecphy.ch\/#logo\"}},{\"@type\":\"WebSite\",\"@id\":\"https:\/\/tecphy.ch\/#website\",\"url\":\"https:\/\/tecphy.ch\/\",\"name\":\"Tecphy\",\"description\":\"Energie renouvelable et hydrog\u00e8ne\",\"publisher\":{\"@id\":\"https:\/\/tecphy.ch\/#organization\"},\"potentialAction\":[{\"@type\":\"SearchAction\",\"target\":{\"@type\":\"EntryPoint\",\"urlTemplate\":\"https:\/\/tecphy.ch\/?s={search_term_string}\"},\"query-input\":\"required name=search_term_string\"}],\"inLanguage\":\"en-US\"},{\"@type\":\"ImageObject\",\"@id\":\"https:\/\/tecphy.ch\/nos-services\/energy_storage\/#primaryimage\",\"inLanguage\":\"en-US\",\"url\":\"https:\/\/tecphy.ch\/wp-content\/uploads\/2021\/08\/fond_courbes_couverture-1.png\",\"contentUrl\":\"https:\/\/tecphy.ch\/wp-content\/uploads\/2021\/08\/fond_courbes_couverture-1.png\",\"width\":1920,\"height\":714,\"caption\":\"Tecphy Courbe autoconsommation hydrog\u00e8ne pour stockage saisonnier\"},{\"@type\":\"WebPage\",\"@id\":\"https:\/\/tecphy.ch\/nos-services\/energy_storage\/#webpage\",\"url\":\"https:\/\/tecphy.ch\/nos-services\/energy_storage\/\",\"name\":\"Energy and storage - Tecphy\",\"isPartOf\":{\"@id\":\"https:\/\/tecphy.ch\/#website\"},\"primaryImageOfPage\":{\"@id\":\"https:\/\/tecphy.ch\/nos-services\/energy_storage\/#primaryimage\"},\"datePublished\":\"2019-02-08T07:50:45+00:00\",\"dateModified\":\"2023-10-26T14:17:47+00:00\",\"description\":\"Le stockage pour compenser l\u2019intermittence de l'\u00e9nergie renouvelable et all\u00e9ger le r\u00e9seau.\",\"breadcrumb\":{\"@id\":\"https:\/\/tecphy.ch\/nos-services\/energy_storage\/#breadcrumb\"},\"inLanguage\":\"en-US\",\"potentialAction\":[{\"@type\":\"ReadAction\",\"target\":[\"https:\/\/tecphy.ch\/nos-services\/energy_storage\/\"]}]},{\"@type\":\"BreadcrumbList\",\"@id\":\"https:\/\/tecphy.ch\/nos-services\/energy_storage\/#breadcrumb\",\"itemListElement\":[{\"@type\":\"ListItem\",\"position\":1,\"name\":\"Accueil\",\"item\":\"https:\/\/tecphy.ch\/\"},{\"@type\":\"ListItem\",\"position\":2,\"name\":\"Nos services\",\"item\":\"https:\/\/tecphy.ch\/nos-services\/\"},{\"@type\":\"ListItem\",\"position\":3,\"name\":\"Energie et stockage\"}]}]}<\/script>\n<!-- \/ Yoast SEO plugin. -->","yoast_head_json":{"title":"Energy and storage - Tecphy","description":"Le stockage pour compenser l\u2019intermittence de l'\u00e9nergie renouvelable et all\u00e9ger le r\u00e9seau.","robots":{"index":"index","follow":"follow","max-snippet":"max-snippet:-1","max-image-preview":"max-image-preview:large","max-video-preview":"max-video-preview:-1"},"canonical":"https:\/\/tecphy.ch\/nos-services\/energy_storage\/","og_locale":"en_US","og_type":"article","og_title":"Energy and storage - Tecphy","og_description":"Le stockage pour compenser l\u2019intermittence de l'\u00e9nergie renouvelable et all\u00e9ger le r\u00e9seau.","og_url":"https:\/\/tecphy.ch\/nos-services\/energy_storage\/","og_site_name":"Tecphy","article_modified_time":"2023-10-26T14:17:47+00:00","og_image":[{"width":1920,"height":714,"url":"https:\/\/tecphy.ch\/wp-content\/uploads\/2021\/08\/fond_courbes_couverture-1.png","type":"image\/png"}],"twitter_card":"summary_large_image","twitter_misc":{"Est. reading time":"2 minutes"},"schema":{"@context":"https:\/\/schema.org","@graph":[{"@type":"Organization","@id":"https:\/\/tecphy.ch\/#organization","name":"Tecphy","url":"https:\/\/tecphy.ch\/","sameAs":["https:\/\/www.linkedin.com\/company\/tecphy\/"],"logo":{"@type":"ImageObject","@id":"https:\/\/tecphy.ch\/#logo","inLanguage":"en-US","url":"https:\/\/tecphy.ch\/wp-content\/uploads\/2022\/04\/LOGO_TECPHY_Var2.png","contentUrl":"https:\/\/tecphy.ch\/wp-content\/uploads\/2022\/04\/LOGO_TECPHY_Var2.png","width":220,"height":87,"caption":"Tecphy"},"image":{"@id":"https:\/\/tecphy.ch\/#logo"}},{"@type":"WebSite","@id":"https:\/\/tecphy.ch\/#website","url":"https:\/\/tecphy.ch\/","name":"Tecphy","description":"Energie renouvelable et hydrog\u00e8ne","publisher":{"@id":"https:\/\/tecphy.ch\/#organization"},"potentialAction":[{"@type":"SearchAction","target":{"@type":"EntryPoint","urlTemplate":"https:\/\/tecphy.ch\/?s={search_term_string}"},"query-input":"required name=search_term_string"}],"inLanguage":"en-US"},{"@type":"ImageObject","@id":"https:\/\/tecphy.ch\/nos-services\/energy_storage\/#primaryimage","inLanguage":"en-US","url":"https:\/\/tecphy.ch\/wp-content\/uploads\/2021\/08\/fond_courbes_couverture-1.png","contentUrl":"https:\/\/tecphy.ch\/wp-content\/uploads\/2021\/08\/fond_courbes_couverture-1.png","width":1920,"height":714,"caption":"Tecphy Courbe autoconsommation hydrog\u00e8ne pour stockage saisonnier"},{"@type":"WebPage","@id":"https:\/\/tecphy.ch\/nos-services\/energy_storage\/#webpage","url":"https:\/\/tecphy.ch\/nos-services\/energy_storage\/","name":"Energy and storage - Tecphy","isPartOf":{"@id":"https:\/\/tecphy.ch\/#website"},"primaryImageOfPage":{"@id":"https:\/\/tecphy.ch\/nos-services\/energy_storage\/#primaryimage"},"datePublished":"2019-02-08T07:50:45+00:00","dateModified":"2023-10-26T14:17:47+00:00","description":"Le stockage pour compenser l\u2019intermittence de l'\u00e9nergie renouvelable et all\u00e9ger le r\u00e9seau.","breadcrumb":{"@id":"https:\/\/tecphy.ch\/nos-services\/energy_storage\/#breadcrumb"},"inLanguage":"en-US","potentialAction":[{"@type":"ReadAction","target":["https:\/\/tecphy.ch\/nos-services\/energy_storage\/"]}]},{"@type":"BreadcrumbList","@id":"https:\/\/tecphy.ch\/nos-services\/energy_storage\/#breadcrumb","itemListElement":[{"@type":"ListItem","position":1,"name":"Accueil","item":"https:\/\/tecphy.ch\/"},{"@type":"ListItem","position":2,"name":"Nos services","item":"https:\/\/tecphy.ch\/nos-services\/"},{"@type":"ListItem","position":3,"name":"Energie et stockage"}]}]}},"_links":{"self":[{"href":"https:\/\/tecphy.ch\/en\/wp-json\/wp\/v2\/pages\/689"}],"collection":[{"href":"https:\/\/tecphy.ch\/en\/wp-json\/wp\/v2\/pages"}],"about":[{"href":"https:\/\/tecphy.ch\/en\/wp-json\/wp\/v2\/types\/page"}],"author":[{"embeddable":true,"href":"https:\/\/tecphy.ch\/en\/wp-json\/wp\/v2\/users\/2"}],"replies":[{"embeddable":true,"href":"https:\/\/tecphy.ch\/en\/wp-json\/wp\/v2\/comments?post=689"}],"version-history":[{"count":42,"href":"https:\/\/tecphy.ch\/en\/wp-json\/wp\/v2\/pages\/689\/revisions"}],"predecessor-version":[{"id":4715,"href":"https:\/\/tecphy.ch\/en\/wp-json\/wp\/v2\/pages\/689\/revisions\/4715"}],"up":[{"embeddable":true,"href":"https:\/\/tecphy.ch\/en\/wp-json\/wp\/v2\/pages\/83"}],"wp:featuredmedia":[{"embeddable":true,"href":"https:\/\/tecphy.ch\/en\/wp-json\/wp\/v2\/media\/2007"}],"wp:attachment":[{"href":"https:\/\/tecphy.ch\/en\/wp-json\/wp\/v2\/media?parent=689"}],"curies":[{"name":"wp","href":"https:\/\/api.w.org\/{rel}","templated":true}]}}