{"id":722,"date":"2019-02-08T14:22:37","date_gmt":"2019-02-08T13:22:37","guid":{"rendered":"https:\/\/tecphy.ch\/?page_id=722"},"modified":"2023-06-30T09:51:48","modified_gmt":"2023-06-30T07:51:48","slug":"monitoring","status":"publish","type":"page","link":"https:\/\/tecphy.ch\/en\/nos-services\/monitoring\/","title":{"rendered":"Monitoring, production forecast and control"},"content":{"rendered":"<div class=\"view-all-btn\"><a class=\"servread\" href=\"https:\/\/tecphy.ch\/nos-domaines\/renouvelable-pv\/\">\u2600\ufe0f Active domains<\/a> <a class=\"servread\" href=\"https:\/\/tecphy.ch\/accueil__trashed\/contact_us\/\">Ask for an offer \u2607<\/a><\/div>\n<h3><strong>Monitoring Photovoltaics and production forecast obtained by modeling and hourly simulation<br \/>\n<\/strong><\/h3>\n<p>The SMARSolar forecast cloud service are used in the algorithms of energy management for buildings and at a larger scale in a smartgrid perspective. Using modeling and meteorological datas, the measured production mesur\u00e9e is compared with the expected production. The efficiency drop and the loss of revenue are detected<\/p>\n<p><img loading=\"lazy\" class=\"size-full wp-image-332 aligncenter\" src=\"https:\/\/tecphy.ch\/wp-content\/uploads\/2019\/01\/Smarsolar_01.jpg\" alt=\"\" width=\"427\" height=\"262\" srcset=\"https:\/\/tecphy.ch\/wp-content\/uploads\/2019\/01\/Smarsolar_01.jpg 427w, https:\/\/tecphy.ch\/wp-content\/uploads\/2019\/01\/Smarsolar_01-300x184.jpg 300w\" sizes=\"(max-width: 427px) 100vw, 427px\" \/><\/p>\n<p style=\"text-align: center;\"><a href=\"http:\/\/www.smarsys.com\/services\/gestion-de-parc-photovoltaique\/\">SMARSolar<\/a><\/p>\n<p>iframe src=&#8221;https:\/\/grafana-smarsolar.jcloud-ver-jpc.ik-server.com\/d-solo\/haGPJZeQl\/prevision?orgId=4&amp;amp%3Bnow-7d=&amp;amp%3Bto=now%2B7d&amp;amp%3Btheme=light&amp;amp%3BpanelId=4&amp;panelId=4&#8243; width=&#8221;100%&#8221; height=&#8221;200&#8243; frameborder=&#8221;0&#8243;><span style=\"display: inline-block; width: 0px; overflow: hidden; line-height: 0;\" data-mce-type=\"bookmark\" class=\"mce_SELRES_start\">\ufeff<\/span><span style=\"display: inline-block; width: 0px; overflow: hidden; line-height: 0;\" data-mce-type=\"bookmark\" class=\"mce_SELRES_start\">\ufeff<\/span><\/p>\n<table width=\"477\">\n<tbody>\n<tr>\n<td width=\"301\"><b>Annual fees for a 2 MW PV Powerplant<\/b><\/td>\n<td width=\"90\"><b>CHF<\/b><\/td>\n<td width=\"86\"><b>Euros<\/b><\/td>\n<\/tr>\n<tr>\n<td width=\"301\">0.00125 cts CHF\/Wp the first year (for &gt; 100 kWc)<\/td>\n<td width=\"90\">2 500<\/td>\n<td width=\"86\">2 250<\/td>\n<\/tr>\n<tr>\n<td width=\"301\">0.001 cts CHF \/Wp the\u00a0 following years (pour &gt; 100 kWc)<\/td>\n<td width=\"90\"><\/td>\n<td width=\"86\"><\/td>\n<\/tr>\n<tr>\n<td width=\"301\">1 communication bridge inter-protocol<\/td>\n<td width=\"90\">900<\/td>\n<td width=\"86\">800<\/td>\n<\/tr>\n<\/tbody>\n<\/table>","protected":false},"excerpt":{"rendered":"<p>\u2600\ufe0f Active domains Ask for an offer \u2607 Monitoring Photovoltaics and production forecast obtained by modeling and hourly simulation The SMARSolar forecast cloud service are used in the algorithms of energy management for buildings and at a larger scale in a smartgrid perspective. Using modeling and meteorological datas, the measured production mesur\u00e9e is compared with<br \/><a class=\"moretag\" href=\"https:\/\/tecphy.ch\/en\/nos-services\/monitoring\/\">+ Read More<\/a><\/p>\n","protected":false},"author":2,"featured_media":1946,"parent":83,"menu_order":0,"comment_status":"closed","ping_status":"closed","template":"templates\/page-nosidebar_template.php","meta":[],"yoast_head":"<!-- This site is optimized with the Yoast SEO plugin v18.4 - https:\/\/yoast.com\/wordpress\/plugins\/seo\/ -->\n<title>Monitoring, production forecast and control - Tecphy<\/title>\n<meta name=\"description\" content=\"(Fran\u00e7ais) Tecphy r\u00e9alise une interface sur mesure de monitoring et de pr\u00e9vision de production pour des installations photovolta\u00efques.\" \/>\n<meta name=\"robots\" content=\"index, follow, max-snippet:-1, max-image-preview:large, max-video-preview:-1\" \/>\n<link rel=\"canonical\" href=\"https:\/\/tecphy.ch\/nos-services\/monitoring\/\" \/>\n<meta property=\"og:locale\" content=\"en_US\" \/>\n<meta property=\"og:type\" content=\"article\" \/>\n<meta property=\"og:title\" content=\"Monitoring, production forecast and control - Tecphy\" \/>\n<meta property=\"og:description\" content=\"{:fr}Tecphy r\u00e9alise une interface sur mesure de monitoring et de pr\u00e9vision de production pour des installations photovolta\u00efques.{:}\" \/>\n<meta property=\"og:url\" content=\"https:\/\/tecphy.ch\/nos-services\/monitoring\/\" \/>\n<meta property=\"og:site_name\" content=\"Tecphy\" \/>\n<meta property=\"article:modified_time\" content=\"2023-06-30T07:51:48+00:00\" \/>\n<meta property=\"og:image\" content=\"https:\/\/tecphy.ch\/wp-content\/uploads\/2021\/08\/couverture_monitoring.jpg\" \/>\n\t<meta property=\"og:image:width\" content=\"1280\" \/>\n\t<meta property=\"og:image:height\" content=\"273\" \/>\n\t<meta property=\"og:image:type\" content=\"image\/jpeg\" \/>\n<meta name=\"twitter:card\" content=\"summary_large_image\" \/>\n<meta name=\"twitter:label1\" content=\"Est. reading time\" \/>\n\t<meta name=\"twitter:data1\" content=\"2 minutes\" \/>\n<script type=\"application\/ld+json\" class=\"yoast-schema-graph\">{\"@context\":\"https:\/\/schema.org\",\"@graph\":[{\"@type\":\"Organization\",\"@id\":\"https:\/\/tecphy.ch\/#organization\",\"name\":\"Tecphy\",\"url\":\"https:\/\/tecphy.ch\/\",\"sameAs\":[\"https:\/\/www.linkedin.com\/company\/tecphy\/\"],\"logo\":{\"@type\":\"ImageObject\",\"@id\":\"https:\/\/tecphy.ch\/#logo\",\"inLanguage\":\"en-US\",\"url\":\"https:\/\/tecphy.ch\/wp-content\/uploads\/2022\/04\/LOGO_TECPHY_Var2.png\",\"contentUrl\":\"https:\/\/tecphy.ch\/wp-content\/uploads\/2022\/04\/LOGO_TECPHY_Var2.png\",\"width\":220,\"height\":87,\"caption\":\"Tecphy\"},\"image\":{\"@id\":\"https:\/\/tecphy.ch\/#logo\"}},{\"@type\":\"WebSite\",\"@id\":\"https:\/\/tecphy.ch\/#website\",\"url\":\"https:\/\/tecphy.ch\/\",\"name\":\"Tecphy\",\"description\":\"Energie renouvelable et hydrog\u00e8ne\",\"publisher\":{\"@id\":\"https:\/\/tecphy.ch\/#organization\"},\"potentialAction\":[{\"@type\":\"SearchAction\",\"target\":{\"@type\":\"EntryPoint\",\"urlTemplate\":\"https:\/\/tecphy.ch\/?s={search_term_string}\"},\"query-input\":\"required name=search_term_string\"}],\"inLanguage\":\"en-US\"},{\"@type\":\"ImageObject\",\"@id\":\"https:\/\/tecphy.ch\/nos-services\/monitoring\/#primaryimage\",\"inLanguage\":\"en-US\",\"url\":\"https:\/\/tecphy.ch\/wp-content\/uploads\/2021\/08\/couverture_monitoring.jpg\",\"contentUrl\":\"https:\/\/tecphy.ch\/wp-content\/uploads\/2021\/08\/couverture_monitoring.jpg\",\"width\":1280,\"height\":273,\"caption\":\"Plateforme de monitoring et contr\u00f4le d'installation solaire\"},{\"@type\":\"WebPage\",\"@id\":\"https:\/\/tecphy.ch\/nos-services\/monitoring\/#webpage\",\"url\":\"https:\/\/tecphy.ch\/nos-services\/monitoring\/\",\"name\":\"Monitoring, production forecast and control - Tecphy\",\"isPartOf\":{\"@id\":\"https:\/\/tecphy.ch\/#website\"},\"primaryImageOfPage\":{\"@id\":\"https:\/\/tecphy.ch\/nos-services\/monitoring\/#primaryimage\"},\"datePublished\":\"2019-02-08T13:22:37+00:00\",\"dateModified\":\"2023-06-30T07:51:48+00:00\",\"description\":\"{:fr}Tecphy r\u00e9alise une interface sur mesure de monitoring et de pr\u00e9vision de production pour des installations photovolta\u00efques.{:}\",\"breadcrumb\":{\"@id\":\"https:\/\/tecphy.ch\/nos-services\/monitoring\/#breadcrumb\"},\"inLanguage\":\"en-US\",\"potentialAction\":[{\"@type\":\"ReadAction\",\"target\":[\"https:\/\/tecphy.ch\/nos-services\/monitoring\/\"]}]},{\"@type\":\"BreadcrumbList\",\"@id\":\"https:\/\/tecphy.ch\/nos-services\/monitoring\/#breadcrumb\",\"itemListElement\":[{\"@type\":\"ListItem\",\"position\":1,\"name\":\"Accueil\",\"item\":\"https:\/\/tecphy.ch\/\"},{\"@type\":\"ListItem\",\"position\":2,\"name\":\"Nos services\",\"item\":\"https:\/\/tecphy.ch\/nos-services\/\"},{\"@type\":\"ListItem\",\"position\":3,\"name\":\"Monitoring, pr\u00e9vision de production en temps r\u00e9el et contr\u00f4le\"}]}]}<\/script>\n<!-- \/ Yoast SEO plugin. -->","yoast_head_json":{"title":"Monitoring, production forecast and control - Tecphy","description":"(Fran\u00e7ais) Tecphy r\u00e9alise une interface sur mesure de monitoring et de pr\u00e9vision de production pour des installations photovolta\u00efques.","robots":{"index":"index","follow":"follow","max-snippet":"max-snippet:-1","max-image-preview":"max-image-preview:large","max-video-preview":"max-video-preview:-1"},"canonical":"https:\/\/tecphy.ch\/nos-services\/monitoring\/","og_locale":"en_US","og_type":"article","og_title":"Monitoring, production forecast and control - Tecphy","og_description":"{:fr}Tecphy r\u00e9alise une interface sur mesure de monitoring et de pr\u00e9vision de production pour des installations photovolta\u00efques.{:}","og_url":"https:\/\/tecphy.ch\/nos-services\/monitoring\/","og_site_name":"Tecphy","article_modified_time":"2023-06-30T07:51:48+00:00","og_image":[{"width":1280,"height":273,"url":"https:\/\/tecphy.ch\/wp-content\/uploads\/2021\/08\/couverture_monitoring.jpg","type":"image\/jpeg"}],"twitter_card":"summary_large_image","twitter_misc":{"Est. reading time":"2 minutes"},"schema":{"@context":"https:\/\/schema.org","@graph":[{"@type":"Organization","@id":"https:\/\/tecphy.ch\/#organization","name":"Tecphy","url":"https:\/\/tecphy.ch\/","sameAs":["https:\/\/www.linkedin.com\/company\/tecphy\/"],"logo":{"@type":"ImageObject","@id":"https:\/\/tecphy.ch\/#logo","inLanguage":"en-US","url":"https:\/\/tecphy.ch\/wp-content\/uploads\/2022\/04\/LOGO_TECPHY_Var2.png","contentUrl":"https:\/\/tecphy.ch\/wp-content\/uploads\/2022\/04\/LOGO_TECPHY_Var2.png","width":220,"height":87,"caption":"Tecphy"},"image":{"@id":"https:\/\/tecphy.ch\/#logo"}},{"@type":"WebSite","@id":"https:\/\/tecphy.ch\/#website","url":"https:\/\/tecphy.ch\/","name":"Tecphy","description":"Energie renouvelable et hydrog\u00e8ne","publisher":{"@id":"https:\/\/tecphy.ch\/#organization"},"potentialAction":[{"@type":"SearchAction","target":{"@type":"EntryPoint","urlTemplate":"https:\/\/tecphy.ch\/?s={search_term_string}"},"query-input":"required name=search_term_string"}],"inLanguage":"en-US"},{"@type":"ImageObject","@id":"https:\/\/tecphy.ch\/nos-services\/monitoring\/#primaryimage","inLanguage":"en-US","url":"https:\/\/tecphy.ch\/wp-content\/uploads\/2021\/08\/couverture_monitoring.jpg","contentUrl":"https:\/\/tecphy.ch\/wp-content\/uploads\/2021\/08\/couverture_monitoring.jpg","width":1280,"height":273,"caption":"Plateforme de monitoring et contr\u00f4le d'installation solaire"},{"@type":"WebPage","@id":"https:\/\/tecphy.ch\/nos-services\/monitoring\/#webpage","url":"https:\/\/tecphy.ch\/nos-services\/monitoring\/","name":"Monitoring, production forecast and control - Tecphy","isPartOf":{"@id":"https:\/\/tecphy.ch\/#website"},"primaryImageOfPage":{"@id":"https:\/\/tecphy.ch\/nos-services\/monitoring\/#primaryimage"},"datePublished":"2019-02-08T13:22:37+00:00","dateModified":"2023-06-30T07:51:48+00:00","description":"{:fr}Tecphy r\u00e9alise une interface sur mesure de monitoring et de pr\u00e9vision de production pour des installations photovolta\u00efques.{:}","breadcrumb":{"@id":"https:\/\/tecphy.ch\/nos-services\/monitoring\/#breadcrumb"},"inLanguage":"en-US","potentialAction":[{"@type":"ReadAction","target":["https:\/\/tecphy.ch\/nos-services\/monitoring\/"]}]},{"@type":"BreadcrumbList","@id":"https:\/\/tecphy.ch\/nos-services\/monitoring\/#breadcrumb","itemListElement":[{"@type":"ListItem","position":1,"name":"Accueil","item":"https:\/\/tecphy.ch\/"},{"@type":"ListItem","position":2,"name":"Nos services","item":"https:\/\/tecphy.ch\/nos-services\/"},{"@type":"ListItem","position":3,"name":"Monitoring, pr\u00e9vision de production en temps r\u00e9el et contr\u00f4le"}]}]}},"_links":{"self":[{"href":"https:\/\/tecphy.ch\/en\/wp-json\/wp\/v2\/pages\/722"}],"collection":[{"href":"https:\/\/tecphy.ch\/en\/wp-json\/wp\/v2\/pages"}],"about":[{"href":"https:\/\/tecphy.ch\/en\/wp-json\/wp\/v2\/types\/page"}],"author":[{"embeddable":true,"href":"https:\/\/tecphy.ch\/en\/wp-json\/wp\/v2\/users\/2"}],"replies":[{"embeddable":true,"href":"https:\/\/tecphy.ch\/en\/wp-json\/wp\/v2\/comments?post=722"}],"version-history":[{"count":49,"href":"https:\/\/tecphy.ch\/en\/wp-json\/wp\/v2\/pages\/722\/revisions"}],"predecessor-version":[{"id":4509,"href":"https:\/\/tecphy.ch\/en\/wp-json\/wp\/v2\/pages\/722\/revisions\/4509"}],"up":[{"embeddable":true,"href":"https:\/\/tecphy.ch\/en\/wp-json\/wp\/v2\/pages\/83"}],"wp:featuredmedia":[{"embeddable":true,"href":"https:\/\/tecphy.ch\/en\/wp-json\/wp\/v2\/media\/1946"}],"wp:attachment":[{"href":"https:\/\/tecphy.ch\/en\/wp-json\/wp\/v2\/media?parent=722"}],"curies":[{"name":"wp","href":"https:\/\/api.w.org\/{rel}","templated":true}]}}