{"id":73,"date":"2019-01-28T12:43:52","date_gmt":"2019-01-28T11:43:52","guid":{"rendered":"https:\/\/tecphy.ch\/?page_id=73"},"modified":"2022-04-07T17:36:32","modified_gmt":"2022-04-07T15:36:32","slug":"nos-domaines","status":"publish","type":"page","link":"https:\/\/tecphy.ch\/en\/nos-domaines\/","title":{"rendered":"Areas of intervention"},"content":{"rendered":"<div class=\"center-title\">\r\n\t\t\t<h2 style=\"color:#222222\">OUR\r\n\t\t\t<span style=\"color:#92c938\">AREAS OF INTERVENTION<\/span>\r\n\t\t\t<\/h2>\r\n\t\t\t<span style=\"border-bottom-color:#222222\"><\/span>\r\n\t\t\t\r\n\t\t<\/div>\r\n\t\t\n<p style=\"text-align: center;\">Discover our four areas of intervention and our tools.<\/p>\n<div class=\"row_area\">\n\r\n\t\t\t<div class=\"columns-col-3\">\n<div class=\"row_area\"><\/div>\n\r\n\t\t\t<div class=\"columns-col-3\"><\/div>  \t\r\n\t\t\n\r\n\t\t<div class=\"features-left\">\r\n\t\t\t<div class=\"bgcount\">1<\/div>\r\n\t\t\t<div class=\"features-thumb\"><img src=\"https:\/\/tecphy.ch\/wp-content\/uploads\/2019\/01\/features-1.png\" \/><\/div>\r\n\t\t\t<div class=\"features-content\">\r\n\t\t\t\t<h5>Renewable energies<\/h5>\r\n\t\t\t\t<p> We are using numerical simulations for the systems dimensionning and to calculate the return on investment.<\/p>\r\n\t\t\t\t<a href=\"https:\/\/tecphy.ch\/nos-domaines\/renouvelable-pv\/\" class=\"features-more\">READ MORE<\/a>\r\n\t\t\t<\/div>\r\n\t\t\t<div class=\"clear\"><\/div>\r\n\t\t<\/div>\r\n\t\n\r\n\t\t<div class=\"features-left\">\r\n\t\t\t<div class=\"bgcount\">2<\/div>\r\n\t\t\t<div class=\"features-thumb\"><img src=\"https:\/\/tecphy.ch\/wp-content\/uploads\/2021\/07\/icone_batimentgrid-e1627308156909.png\" \/><\/div>\r\n\t\t\t<div class=\"features-content\">\r\n\t\t\t\t<h5> Building and energy<\/h5>\r\n\t\t\t\t<p>Dimensioning of energy systems with the help of simulations, project management of complicated technical project to support the client and other offices<\/p>\r\n\t\t\t\t<a href=\"https:\/\/tecphy.ch\/nos-domaines\/batiment_energie\/\" class=\"features-more\">READ MORE<\/a>\r\n\t\t\t<\/div>\r\n\t\t\t<div class=\"clear\"><\/div>\r\n\t\t<\/div>\r\n\t\n<\/div>  \t\r\n\t\t\n\r\n\t\t\t<div class=\"columns-col-3\"><img loading=\"lazy\" class=\"alignnone size-full wp-image-78\" src=\"https:\/\/tecphy.ch\/wp-content\/uploads\/2019\/01\/feature-bulb.png\" alt=\"\" width=\"346\" height=\"460\" srcset=\"https:\/\/tecphy.ch\/wp-content\/uploads\/2019\/01\/feature-bulb.png 346w, https:\/\/tecphy.ch\/wp-content\/uploads\/2019\/01\/feature-bulb-226x300.png 226w\" sizes=\"(max-width: 346px) 100vw, 346px\" \/><\/div>  \t\r\n\t\t\n\r\n\t\t\t<div class=\"columns-col-3\">\n\r\n\t\t<div class=\"features-right\">\r\n\t\t\t<div class=\"bgcount\">3<\/div>\r\n\t\t\t<div class=\"features-thumb\"><img src=\"https:\/\/tecphy.ch\/wp-content\/uploads\/2021\/07\/H2.png\" \/><\/div>\r\n\t\t\t<div class=\"features-content\">\r\n\t\t\t\t<h5>Stationary H2 <\/h5>\r\n\t\t\t\t<p>Renewable energies produce hydrogen by electrolysis of water, the fuel cell convert the stored hydrogen in electricity on demand. We are supporting you to choose the best system corresponding to your building and industry needs<\/p>\r\n\t\t\t\t<a href=\"https:\/\/tecphy.ch\/hydrogene-solaire\/\" class=\"features-more\">READ MORE<\/a>\r\n\t\t\t<\/div>\r\n\t\t\t<div class=\"clear\"><\/div>\r\n\t\t<\/div>\r\n\t \r\n\t\t<div class=\"features-right\">\r\n\t\t\t<div class=\"bgcount\">4<\/div>\r\n\t\t\t<div class=\"features-thumb\"><img src=\"https:\/\/tecphy.ch\/wp-content\/uploads\/2021\/07\/icone_mobiliteH2.png\" \/><\/div>\r\n\t\t\t<div class=\"features-content\">\r\n\t\t\t\t<h5>H2 Mobility<\/h5>\r\n\t\t\t\t<p>Hydrogen produced with renewable is a substitution fuel for  fossil fuels. Various technologies are competing  in the land, air and maritime mobility sector.<\/p>\r\n\t\t\t\t<a href=\"https:\/\/tecphy.ch\/nos-domaines\/mobilite-h2\/\" class=\"features-more\">READ MORE<\/a>\r\n\t\t\t<\/div>\r\n\t\t\t<div class=\"clear\"><\/div>\r\n\t\t<\/div>\r\n\t\n<\/div>  \t\r\n\t\t\n<\/div>","protected":false},"excerpt":{"rendered":"<p>Discover our four areas of intervention and our tools.<\/p>\n","protected":false},"author":1,"featured_media":2080,"parent":0,"menu_order":0,"comment_status":"closed","ping_status":"closed","template":"templates\/page-fullwidth_template.php","meta":[],"yoast_head":"<!-- This site is optimized with the Yoast SEO plugin v18.4 - https:\/\/yoast.com\/wordpress\/plugins\/seo\/ -->\n<title>Areas of intervention - Tecphy<\/title>\n<meta name=\"description\" content=\"Les domaines d&#039;intervention de Tecphy dans les \u00e9nergies renouvelable : b\u00e2timent et r\u00e9seau, mobilit\u00e9, stockage et hydrog\u00e8ne.\" \/>\n<meta name=\"robots\" content=\"index, follow, max-snippet:-1, max-image-preview:large, max-video-preview:-1\" \/>\n<link rel=\"canonical\" href=\"https:\/\/tecphy.ch\/nos-domaines\/\" \/>\n<meta property=\"og:locale\" content=\"en_US\" \/>\n<meta property=\"og:type\" content=\"article\" \/>\n<meta property=\"og:title\" content=\"Areas of intervention - Tecphy\" \/>\n<meta property=\"og:description\" content=\"Les domaines d&#039;intervention de Tecphy dans les \u00e9nergies renouvelable : b\u00e2timent et r\u00e9seau, mobilit\u00e9, stockage et hydrog\u00e8ne.\" \/>\n<meta property=\"og:url\" content=\"https:\/\/tecphy.ch\/nos-domaines\/\" \/>\n<meta property=\"og:site_name\" content=\"Tecphy\" \/>\n<meta property=\"article:modified_time\" content=\"2022-04-07T15:36:32+00:00\" \/>\n<meta property=\"og:image\" content=\"https:\/\/tecphy.ch\/wp-content\/uploads\/2021\/08\/couverture_panneaux_souple.png\" \/>\n\t<meta property=\"og:image:width\" content=\"2000\" \/>\n\t<meta property=\"og:image:height\" content=\"503\" \/>\n\t<meta property=\"og:image:type\" content=\"image\/png\" \/>\n<meta name=\"twitter:card\" content=\"summary_large_image\" \/>\n<meta name=\"twitter:label1\" content=\"Est. reading time\" \/>\n\t<meta name=\"twitter:data1\" content=\"1 minute\" \/>\n<script type=\"application\/ld+json\" class=\"yoast-schema-graph\">{\"@context\":\"https:\/\/schema.org\",\"@graph\":[{\"@type\":\"Organization\",\"@id\":\"https:\/\/tecphy.ch\/#organization\",\"name\":\"Tecphy\",\"url\":\"https:\/\/tecphy.ch\/\",\"sameAs\":[\"https:\/\/www.linkedin.com\/company\/tecphy\/\"],\"logo\":{\"@type\":\"ImageObject\",\"@id\":\"https:\/\/tecphy.ch\/#logo\",\"inLanguage\":\"en-US\",\"url\":\"https:\/\/tecphy.ch\/wp-content\/uploads\/2022\/04\/LOGO_TECPHY_Var2.png\",\"contentUrl\":\"https:\/\/tecphy.ch\/wp-content\/uploads\/2022\/04\/LOGO_TECPHY_Var2.png\",\"width\":220,\"height\":87,\"caption\":\"Tecphy\"},\"image\":{\"@id\":\"https:\/\/tecphy.ch\/#logo\"}},{\"@type\":\"WebSite\",\"@id\":\"https:\/\/tecphy.ch\/#website\",\"url\":\"https:\/\/tecphy.ch\/\",\"name\":\"Tecphy\",\"description\":\"Energie renouvelable et hydrog\u00e8ne\",\"publisher\":{\"@id\":\"https:\/\/tecphy.ch\/#organization\"},\"potentialAction\":[{\"@type\":\"SearchAction\",\"target\":{\"@type\":\"EntryPoint\",\"urlTemplate\":\"https:\/\/tecphy.ch\/?s={search_term_string}\"},\"query-input\":\"required name=search_term_string\"}],\"inLanguage\":\"en-US\"},{\"@type\":\"ImageObject\",\"@id\":\"https:\/\/tecphy.ch\/nos-domaines\/#primaryimage\",\"inLanguage\":\"en-US\",\"url\":\"https:\/\/tecphy.ch\/wp-content\/uploads\/2021\/08\/couverture_panneaux_souple.png\",\"contentUrl\":\"https:\/\/tecphy.ch\/wp-content\/uploads\/2021\/08\/couverture_panneaux_souple.png\",\"width\":2000,\"height\":503,\"caption\":\"Tecphy Panneau solaire souple\"},{\"@type\":\"WebPage\",\"@id\":\"https:\/\/tecphy.ch\/nos-domaines\/#webpage\",\"url\":\"https:\/\/tecphy.ch\/nos-domaines\/\",\"name\":\"Areas of intervention - Tecphy\",\"isPartOf\":{\"@id\":\"https:\/\/tecphy.ch\/#website\"},\"primaryImageOfPage\":{\"@id\":\"https:\/\/tecphy.ch\/nos-domaines\/#primaryimage\"},\"datePublished\":\"2019-01-28T11:43:52+00:00\",\"dateModified\":\"2022-04-07T15:36:32+00:00\",\"description\":\"Les domaines d'intervention de Tecphy dans les \u00e9nergies renouvelable : b\u00e2timent et r\u00e9seau, mobilit\u00e9, stockage et hydrog\u00e8ne.\",\"breadcrumb\":{\"@id\":\"https:\/\/tecphy.ch\/nos-domaines\/#breadcrumb\"},\"inLanguage\":\"en-US\",\"potentialAction\":[{\"@type\":\"ReadAction\",\"target\":[\"https:\/\/tecphy.ch\/nos-domaines\/\"]}]},{\"@type\":\"BreadcrumbList\",\"@id\":\"https:\/\/tecphy.ch\/nos-domaines\/#breadcrumb\",\"itemListElement\":[{\"@type\":\"ListItem\",\"position\":1,\"name\":\"Accueil\",\"item\":\"https:\/\/tecphy.ch\/\"},{\"@type\":\"ListItem\",\"position\":2,\"name\":\"Nos domaines d&#8217;intervention\"}]}]}<\/script>\n<!-- \/ Yoast SEO plugin. -->","yoast_head_json":{"title":"Areas of intervention - Tecphy","description":"Les domaines d'intervention de Tecphy dans les \u00e9nergies renouvelable : b\u00e2timent et r\u00e9seau, mobilit\u00e9, stockage et hydrog\u00e8ne.","robots":{"index":"index","follow":"follow","max-snippet":"max-snippet:-1","max-image-preview":"max-image-preview:large","max-video-preview":"max-video-preview:-1"},"canonical":"https:\/\/tecphy.ch\/nos-domaines\/","og_locale":"en_US","og_type":"article","og_title":"Areas of intervention - Tecphy","og_description":"Les domaines d'intervention de Tecphy dans les \u00e9nergies renouvelable : b\u00e2timent et r\u00e9seau, mobilit\u00e9, stockage et hydrog\u00e8ne.","og_url":"https:\/\/tecphy.ch\/nos-domaines\/","og_site_name":"Tecphy","article_modified_time":"2022-04-07T15:36:32+00:00","og_image":[{"width":2000,"height":503,"url":"https:\/\/tecphy.ch\/wp-content\/uploads\/2021\/08\/couverture_panneaux_souple.png","type":"image\/png"}],"twitter_card":"summary_large_image","twitter_misc":{"Est. reading time":"1 minute"},"schema":{"@context":"https:\/\/schema.org","@graph":[{"@type":"Organization","@id":"https:\/\/tecphy.ch\/#organization","name":"Tecphy","url":"https:\/\/tecphy.ch\/","sameAs":["https:\/\/www.linkedin.com\/company\/tecphy\/"],"logo":{"@type":"ImageObject","@id":"https:\/\/tecphy.ch\/#logo","inLanguage":"en-US","url":"https:\/\/tecphy.ch\/wp-content\/uploads\/2022\/04\/LOGO_TECPHY_Var2.png","contentUrl":"https:\/\/tecphy.ch\/wp-content\/uploads\/2022\/04\/LOGO_TECPHY_Var2.png","width":220,"height":87,"caption":"Tecphy"},"image":{"@id":"https:\/\/tecphy.ch\/#logo"}},{"@type":"WebSite","@id":"https:\/\/tecphy.ch\/#website","url":"https:\/\/tecphy.ch\/","name":"Tecphy","description":"Energie renouvelable et hydrog\u00e8ne","publisher":{"@id":"https:\/\/tecphy.ch\/#organization"},"potentialAction":[{"@type":"SearchAction","target":{"@type":"EntryPoint","urlTemplate":"https:\/\/tecphy.ch\/?s={search_term_string}"},"query-input":"required name=search_term_string"}],"inLanguage":"en-US"},{"@type":"ImageObject","@id":"https:\/\/tecphy.ch\/nos-domaines\/#primaryimage","inLanguage":"en-US","url":"https:\/\/tecphy.ch\/wp-content\/uploads\/2021\/08\/couverture_panneaux_souple.png","contentUrl":"https:\/\/tecphy.ch\/wp-content\/uploads\/2021\/08\/couverture_panneaux_souple.png","width":2000,"height":503,"caption":"Tecphy Panneau solaire souple"},{"@type":"WebPage","@id":"https:\/\/tecphy.ch\/nos-domaines\/#webpage","url":"https:\/\/tecphy.ch\/nos-domaines\/","name":"Areas of intervention - Tecphy","isPartOf":{"@id":"https:\/\/tecphy.ch\/#website"},"primaryImageOfPage":{"@id":"https:\/\/tecphy.ch\/nos-domaines\/#primaryimage"},"datePublished":"2019-01-28T11:43:52+00:00","dateModified":"2022-04-07T15:36:32+00:00","description":"Les domaines d'intervention de Tecphy dans les \u00e9nergies renouvelable : b\u00e2timent et r\u00e9seau, mobilit\u00e9, stockage et hydrog\u00e8ne.","breadcrumb":{"@id":"https:\/\/tecphy.ch\/nos-domaines\/#breadcrumb"},"inLanguage":"en-US","potentialAction":[{"@type":"ReadAction","target":["https:\/\/tecphy.ch\/nos-domaines\/"]}]},{"@type":"BreadcrumbList","@id":"https:\/\/tecphy.ch\/nos-domaines\/#breadcrumb","itemListElement":[{"@type":"ListItem","position":1,"name":"Accueil","item":"https:\/\/tecphy.ch\/"},{"@type":"ListItem","position":2,"name":"Nos domaines d&#8217;intervention"}]}]}},"_links":{"self":[{"href":"https:\/\/tecphy.ch\/en\/wp-json\/wp\/v2\/pages\/73"}],"collection":[{"href":"https:\/\/tecphy.ch\/en\/wp-json\/wp\/v2\/pages"}],"about":[{"href":"https:\/\/tecphy.ch\/en\/wp-json\/wp\/v2\/types\/page"}],"author":[{"embeddable":true,"href":"https:\/\/tecphy.ch\/en\/wp-json\/wp\/v2\/users\/1"}],"replies":[{"embeddable":true,"href":"https:\/\/tecphy.ch\/en\/wp-json\/wp\/v2\/comments?post=73"}],"version-history":[{"count":141,"href":"https:\/\/tecphy.ch\/en\/wp-json\/wp\/v2\/pages\/73\/revisions"}],"predecessor-version":[{"id":3033,"href":"https:\/\/tecphy.ch\/en\/wp-json\/wp\/v2\/pages\/73\/revisions\/3033"}],"wp:featuredmedia":[{"embeddable":true,"href":"https:\/\/tecphy.ch\/en\/wp-json\/wp\/v2\/media\/2080"}],"wp:attachment":[{"href":"https:\/\/tecphy.ch\/en\/wp-json\/wp\/v2\/media?parent=73"}],"curies":[{"name":"wp","href":"https:\/\/api.w.org\/{rel}","templated":true}]}}