{"id":775,"date":"2019-02-13T17:29:29","date_gmt":"2019-02-13T16:29:29","guid":{"rendered":"https:\/\/tecphy.ch\/?page_id=775"},"modified":"2023-10-26T23:46:47","modified_gmt":"2023-10-26T21:46:47","slug":"installation-photovoltaique","status":"publish","type":"page","link":"https:\/\/tecphy.ch\/en\/nos-services\/installation-photovoltaique\/","title":{"rendered":"Planning Photovolta\u00efcs"},"content":{"rendered":"<div class=\"view-all-btn\"><a class=\"servread\" href=\"https:\/\/tecphy.ch\/nos-domaines\/renouvelable-pv\/\">\u2600\ufe0f Our area of intervention<\/a> <a class=\"servread\" href=\"https:\/\/tecphy.ch\/accueil__trashed\/contact_us\/\">Ask an Offer \u2607<\/a><\/div>\n<p>Tecphy provides the dimensioning of PV installations depending on the production needs,\u00a0 the surface limitations as well as the building constrains. Adapted solutions are proposed and the customer is guided for the technical choices.<\/p>\n<p>Moreover, the calculated expected production can be used for the bankability of the project. The economical assessment informs on the capital and operational costs as well as the return on investment.<\/p>\n<p>More information on our area of intervention in photovoltaics<\/p>\n\r\n\t\t<div class=\"flipcard h\">\r\n    <div class=\"front\">\r\n      \t<div class=\"frontimage\"><img src=\"https:\/\/tecphy.ch\/wp-content\/uploads\/2019\/01\/Image3.jpg\"\/><\/div>\r\n        <h3>Habitat autonome<\/h3>\r\n        <p>Le Neighborhub<\/p>\r\n    <\/div>\r\n    <div class=\"back\">\r\n\t  <h3>Swiss Living Challenge<\/h3>\r\n      <p style=\"margin-bottom:20px;\"><\/p>\r\n\t  <a style=\"color:#FFF;\" href=\"https:\/\/tecphy.ch\/projets\/swiss-living-challenge\/\" class=\"sktmore\"> Read More <\/a>\r\n    <\/div>\r\n<\/div>\n<p>&nbsp;<\/p>\n<p>&nbsp;<\/p>\n<p><iframe loading=\"lazy\" style=\"border: 0;\" src=\"https:\/\/map.geo.admin.ch\/embed.html?E=2533213.47&amp;N=1152269.12&amp;zoom=9&amp;lang=fr&amp;topic=energie&amp;bgLayer=ch.swisstopo.swissimage&amp;layers=ch.bfe.solarenergie-eignung-daecher&amp;catalogNodes=2419,2420,2427,2480,2429,2431,2434,2436,2767,2441,3206\" width=\"800\" height=\"600\" frameborder=\"0\" data-mce-fragment=\"1\"><\/iframe>\n<\/p>","protected":false},"excerpt":{"rendered":"<p>\u2600\ufe0f Our area of intervention Ask an Offer \u2607 Tecphy provides the dimensioning of PV installations depending on the production needs,\u00a0 the surface limitations as well as the building constrains. Adapted solutions are proposed and the customer is guided for the technical choices. Moreover, the calculated expected production can be used for the bankability of<br \/><a class=\"moretag\" href=\"https:\/\/tecphy.ch\/en\/nos-services\/installation-photovoltaique\/\">+ Read More<\/a><\/p>\n","protected":false},"author":2,"featured_media":1935,"parent":83,"menu_order":0,"comment_status":"closed","ping_status":"closed","template":"templates\/page-nosidebar_template.php","meta":[],"yoast_head":"<!-- This site is optimized with the Yoast SEO plugin v18.4 - https:\/\/yoast.com\/wordpress\/plugins\/seo\/ -->\n<title>Planning Photovolta\u00efcs - Tecphy<\/title>\n<meta name=\"description\" content=\"(Fran\u00e7ais) Tecphy dimensionne et pilote les projets d&#039;installations PV . Le client est accompagn\u00e9 dans les choix technologiques avec de objectifs \u00e9nerg\u00e9tiques et \u00e9conomiques.\" \/>\n<meta name=\"robots\" content=\"index, follow, max-snippet:-1, max-image-preview:large, max-video-preview:-1\" \/>\n<link rel=\"canonical\" href=\"https:\/\/tecphy.ch\/nos-services\/installation-photovoltaique\/\" \/>\n<meta property=\"og:locale\" content=\"en_US\" \/>\n<meta property=\"og:type\" content=\"article\" \/>\n<meta property=\"og:title\" content=\"Planning Photovolta\u00efcs - Tecphy\" \/>\n<meta property=\"og:description\" content=\"{:fr}Tecphy dimensionne et pilote les projets d&#039;installations PV . Le client est accompagn\u00e9 dans les choix technologiques avec de objectifs \u00e9nerg\u00e9tiques et \u00e9conomiques.{:}\" \/>\n<meta property=\"og:url\" content=\"https:\/\/tecphy.ch\/nos-services\/installation-photovoltaique\/\" \/>\n<meta property=\"og:site_name\" content=\"Tecphy\" \/>\n<meta property=\"article:modified_time\" content=\"2023-10-26T21:46:47+00:00\" \/>\n<meta property=\"og:image\" content=\"https:\/\/tecphy.ch\/wp-content\/uploads\/2021\/08\/couverture_dimensionnement_PV-1.jpg\" \/>\n\t<meta property=\"og:image:width\" content=\"1280\" \/>\n\t<meta property=\"og:image:height\" content=\"273\" \/>\n\t<meta property=\"og:image:type\" content=\"image\/jpeg\" \/>\n<meta name=\"twitter:card\" content=\"summary_large_image\" \/>\n<meta name=\"twitter:label1\" content=\"Est. reading time\" \/>\n\t<meta name=\"twitter:data1\" content=\"1 minute\" \/>\n<script type=\"application\/ld+json\" class=\"yoast-schema-graph\">{\"@context\":\"https:\/\/schema.org\",\"@graph\":[{\"@type\":\"Organization\",\"@id\":\"https:\/\/tecphy.ch\/#organization\",\"name\":\"Tecphy\",\"url\":\"https:\/\/tecphy.ch\/\",\"sameAs\":[\"https:\/\/www.linkedin.com\/company\/tecphy\/\"],\"logo\":{\"@type\":\"ImageObject\",\"@id\":\"https:\/\/tecphy.ch\/#logo\",\"inLanguage\":\"en-US\",\"url\":\"https:\/\/tecphy.ch\/wp-content\/uploads\/2022\/04\/LOGO_TECPHY_Var2.png\",\"contentUrl\":\"https:\/\/tecphy.ch\/wp-content\/uploads\/2022\/04\/LOGO_TECPHY_Var2.png\",\"width\":220,\"height\":87,\"caption\":\"Tecphy\"},\"image\":{\"@id\":\"https:\/\/tecphy.ch\/#logo\"}},{\"@type\":\"WebSite\",\"@id\":\"https:\/\/tecphy.ch\/#website\",\"url\":\"https:\/\/tecphy.ch\/\",\"name\":\"Tecphy\",\"description\":\"Energie renouvelable et hydrog\u00e8ne\",\"publisher\":{\"@id\":\"https:\/\/tecphy.ch\/#organization\"},\"potentialAction\":[{\"@type\":\"SearchAction\",\"target\":{\"@type\":\"EntryPoint\",\"urlTemplate\":\"https:\/\/tecphy.ch\/?s={search_term_string}\"},\"query-input\":\"required name=search_term_string\"}],\"inLanguage\":\"en-US\"},{\"@type\":\"ImageObject\",\"@id\":\"https:\/\/tecphy.ch\/nos-services\/installation-photovoltaique\/#primaryimage\",\"inLanguage\":\"en-US\",\"url\":\"https:\/\/tecphy.ch\/wp-content\/uploads\/2021\/08\/couverture_dimensionnement_PV-1.jpg\",\"contentUrl\":\"https:\/\/tecphy.ch\/wp-content\/uploads\/2021\/08\/couverture_dimensionnement_PV-1.jpg\",\"width\":1280,\"height\":273,\"caption\":\"Tecphy - Dimensionnement photovolta\u00efque\"},{\"@type\":\"WebPage\",\"@id\":\"https:\/\/tecphy.ch\/nos-services\/installation-photovoltaique\/#webpage\",\"url\":\"https:\/\/tecphy.ch\/nos-services\/installation-photovoltaique\/\",\"name\":\"Planning Photovolta\u00efcs - Tecphy\",\"isPartOf\":{\"@id\":\"https:\/\/tecphy.ch\/#website\"},\"primaryImageOfPage\":{\"@id\":\"https:\/\/tecphy.ch\/nos-services\/installation-photovoltaique\/#primaryimage\"},\"datePublished\":\"2019-02-13T16:29:29+00:00\",\"dateModified\":\"2023-10-26T21:46:47+00:00\",\"description\":\"{:fr}Tecphy dimensionne et pilote les projets d'installations PV . Le client est accompagn\u00e9 dans les choix technologiques avec de objectifs \u00e9nerg\u00e9tiques et \u00e9conomiques.{:}\",\"breadcrumb\":{\"@id\":\"https:\/\/tecphy.ch\/nos-services\/installation-photovoltaique\/#breadcrumb\"},\"inLanguage\":\"en-US\",\"potentialAction\":[{\"@type\":\"ReadAction\",\"target\":[\"https:\/\/tecphy.ch\/nos-services\/installation-photovoltaique\/\"]}]},{\"@type\":\"BreadcrumbList\",\"@id\":\"https:\/\/tecphy.ch\/nos-services\/installation-photovoltaique\/#breadcrumb\",\"itemListElement\":[{\"@type\":\"ListItem\",\"position\":1,\"name\":\"Accueil\",\"item\":\"https:\/\/tecphy.ch\/\"},{\"@type\":\"ListItem\",\"position\":2,\"name\":\"Nos services\",\"item\":\"https:\/\/tecphy.ch\/nos-services\/\"},{\"@type\":\"ListItem\",\"position\":3,\"name\":\"Planification photovolta\u00efque\"}]}]}<\/script>\n<!-- \/ Yoast SEO plugin. -->","yoast_head_json":{"title":"Planning Photovolta\u00efcs - Tecphy","description":"(Fran\u00e7ais) Tecphy dimensionne et pilote les projets d'installations PV . Le client est accompagn\u00e9 dans les choix technologiques avec de objectifs \u00e9nerg\u00e9tiques et \u00e9conomiques.","robots":{"index":"index","follow":"follow","max-snippet":"max-snippet:-1","max-image-preview":"max-image-preview:large","max-video-preview":"max-video-preview:-1"},"canonical":"https:\/\/tecphy.ch\/nos-services\/installation-photovoltaique\/","og_locale":"en_US","og_type":"article","og_title":"Planning Photovolta\u00efcs - Tecphy","og_description":"{:fr}Tecphy dimensionne et pilote les projets d'installations PV . Le client est accompagn\u00e9 dans les choix technologiques avec de objectifs \u00e9nerg\u00e9tiques et \u00e9conomiques.{:}","og_url":"https:\/\/tecphy.ch\/nos-services\/installation-photovoltaique\/","og_site_name":"Tecphy","article_modified_time":"2023-10-26T21:46:47+00:00","og_image":[{"width":1280,"height":273,"url":"https:\/\/tecphy.ch\/wp-content\/uploads\/2021\/08\/couverture_dimensionnement_PV-1.jpg","type":"image\/jpeg"}],"twitter_card":"summary_large_image","twitter_misc":{"Est. reading time":"1 minute"},"schema":{"@context":"https:\/\/schema.org","@graph":[{"@type":"Organization","@id":"https:\/\/tecphy.ch\/#organization","name":"Tecphy","url":"https:\/\/tecphy.ch\/","sameAs":["https:\/\/www.linkedin.com\/company\/tecphy\/"],"logo":{"@type":"ImageObject","@id":"https:\/\/tecphy.ch\/#logo","inLanguage":"en-US","url":"https:\/\/tecphy.ch\/wp-content\/uploads\/2022\/04\/LOGO_TECPHY_Var2.png","contentUrl":"https:\/\/tecphy.ch\/wp-content\/uploads\/2022\/04\/LOGO_TECPHY_Var2.png","width":220,"height":87,"caption":"Tecphy"},"image":{"@id":"https:\/\/tecphy.ch\/#logo"}},{"@type":"WebSite","@id":"https:\/\/tecphy.ch\/#website","url":"https:\/\/tecphy.ch\/","name":"Tecphy","description":"Energie renouvelable et hydrog\u00e8ne","publisher":{"@id":"https:\/\/tecphy.ch\/#organization"},"potentialAction":[{"@type":"SearchAction","target":{"@type":"EntryPoint","urlTemplate":"https:\/\/tecphy.ch\/?s={search_term_string}"},"query-input":"required name=search_term_string"}],"inLanguage":"en-US"},{"@type":"ImageObject","@id":"https:\/\/tecphy.ch\/nos-services\/installation-photovoltaique\/#primaryimage","inLanguage":"en-US","url":"https:\/\/tecphy.ch\/wp-content\/uploads\/2021\/08\/couverture_dimensionnement_PV-1.jpg","contentUrl":"https:\/\/tecphy.ch\/wp-content\/uploads\/2021\/08\/couverture_dimensionnement_PV-1.jpg","width":1280,"height":273,"caption":"Tecphy - Dimensionnement photovolta\u00efque"},{"@type":"WebPage","@id":"https:\/\/tecphy.ch\/nos-services\/installation-photovoltaique\/#webpage","url":"https:\/\/tecphy.ch\/nos-services\/installation-photovoltaique\/","name":"Planning Photovolta\u00efcs - Tecphy","isPartOf":{"@id":"https:\/\/tecphy.ch\/#website"},"primaryImageOfPage":{"@id":"https:\/\/tecphy.ch\/nos-services\/installation-photovoltaique\/#primaryimage"},"datePublished":"2019-02-13T16:29:29+00:00","dateModified":"2023-10-26T21:46:47+00:00","description":"{:fr}Tecphy dimensionne et pilote les projets d'installations PV . Le client est accompagn\u00e9 dans les choix technologiques avec de objectifs \u00e9nerg\u00e9tiques et \u00e9conomiques.{:}","breadcrumb":{"@id":"https:\/\/tecphy.ch\/nos-services\/installation-photovoltaique\/#breadcrumb"},"inLanguage":"en-US","potentialAction":[{"@type":"ReadAction","target":["https:\/\/tecphy.ch\/nos-services\/installation-photovoltaique\/"]}]},{"@type":"BreadcrumbList","@id":"https:\/\/tecphy.ch\/nos-services\/installation-photovoltaique\/#breadcrumb","itemListElement":[{"@type":"ListItem","position":1,"name":"Accueil","item":"https:\/\/tecphy.ch\/"},{"@type":"ListItem","position":2,"name":"Nos services","item":"https:\/\/tecphy.ch\/nos-services\/"},{"@type":"ListItem","position":3,"name":"Planification photovolta\u00efque"}]}]}},"_links":{"self":[{"href":"https:\/\/tecphy.ch\/en\/wp-json\/wp\/v2\/pages\/775"}],"collection":[{"href":"https:\/\/tecphy.ch\/en\/wp-json\/wp\/v2\/pages"}],"about":[{"href":"https:\/\/tecphy.ch\/en\/wp-json\/wp\/v2\/types\/page"}],"author":[{"embeddable":true,"href":"https:\/\/tecphy.ch\/en\/wp-json\/wp\/v2\/users\/2"}],"replies":[{"embeddable":true,"href":"https:\/\/tecphy.ch\/en\/wp-json\/wp\/v2\/comments?post=775"}],"version-history":[{"count":80,"href":"https:\/\/tecphy.ch\/en\/wp-json\/wp\/v2\/pages\/775\/revisions"}],"predecessor-version":[{"id":4739,"href":"https:\/\/tecphy.ch\/en\/wp-json\/wp\/v2\/pages\/775\/revisions\/4739"}],"up":[{"embeddable":true,"href":"https:\/\/tecphy.ch\/en\/wp-json\/wp\/v2\/pages\/83"}],"wp:featuredmedia":[{"embeddable":true,"href":"https:\/\/tecphy.ch\/en\/wp-json\/wp\/v2\/media\/1935"}],"wp:attachment":[{"href":"https:\/\/tecphy.ch\/en\/wp-json\/wp\/v2\/media?parent=775"}],"curies":[{"name":"wp","href":"https:\/\/api.w.org\/{rel}","templated":true}]}}